{"id":65042,"date":"2025-04-26T06:55:59","date_gmt":"2025-04-26T04:55:59","guid":{"rendered":"https:\/\/www.premacolors.sk\/eshop\/?post_type=product&#038;p=65042"},"modified":"2026-04-27T18:38:14","modified_gmt":"2026-04-27T16:38:14","slug":"autolaky-podla-vin-ecv","status":"publish","type":"product","link":"https:\/\/www.premacolors.sk\/eshop\/produkt\/autolaky-podla-vin-ecv\/","title":{"rendered":"Autolaky pod\u013ea VIN\/E\u010cV"},"content":{"rendered":"<p data-path-to-node=\"15\">Na\u0161e autolaky s\u00fa prisp\u00f4soben\u00e9 tak, aby sa s nimi pracovalo jednoducho profesion\u00e1lom v striekac\u00edch kab\u00ednach, ale aj nad\u0161encom v dom\u00e1cich podmienkach. Pon\u00fakame ich vo forme:<\/p>\n<ol start=\"1\" data-path-to-node=\"16\">\n<li>\n<p data-path-to-node=\"16,0,0\"><b data-path-to-node=\"16,0,0\" data-index-in-node=\"0\">B\u00e1zov\u00fdch lakov<\/b> (vy\u017eaduj\u00facich bezfarebn\u00fd lak),<\/p>\n<\/li>\n<li>\n<p data-path-to-node=\"16,1,0\"><b data-path-to-node=\"16,1,0\" data-index-in-node=\"0\">2K akrylov\u00fdch syst\u00e9mov<\/b> (vysok\u00fd lesk a tvrdos\u0165 v jednom kroku),<\/p>\n<\/li>\n<li>\n<p data-path-to-node=\"16,2,0\"><b data-path-to-node=\"16,2,0\" data-index-in-node=\"0\">Sprejov namie\u0161an\u00fdch na mieru<\/b> (pre lok\u00e1lne opravy).<\/p>\n<\/li>\n<\/ol>\n<p>Vyzna\u010duj\u00fa sa v\u00fdbornou krycou schopnos\u0165ou.<\/p>\n<p>&nbsp;<\/p>\n<h3 data-path-to-node=\"6\">Aplika\u010dn\u00e9 parametre<\/h3>\n<table data-path-to-node=\"7\">\n<thead>\n<tr>\n<td><strong>Parameter<\/strong><\/td>\n<td><strong>Hodnota \/ Odpor\u00fa\u010danie<\/strong><\/td>\n<\/tr>\n<\/thead>\n<tbody>\n<tr>\n<td><span data-path-to-node=\"7,1,0,0\"><b data-path-to-node=\"7,1,0,0\" data-index-in-node=\"0\">Odpor\u00fa\u010dan\u00e1 d\u00fdza<\/b><\/span><\/td>\n<td><span data-path-to-node=\"7,1,1,0\"><span class=\"math-inline\" data-math=\"1.2text{ mm}\" data-index-in-node=\"0\">1.2mm<\/span> &#8211;\u00a0<span class=\"math-inline\" data-math=\"1.4text{ mm}\" data-index-in-node=\"16\">1.4mm <\/span>(pod\u013ea typu laku)<\/span><\/td>\n<\/tr>\n<tr>\n<td><span data-path-to-node=\"7,2,0,0\"><b data-path-to-node=\"7,2,0,0\" data-index-in-node=\"0\">Pracovn\u00fd tlak<\/b><\/span><\/td>\n<td><span data-path-to-node=\"7,2,1,0\"><span class=\"math-inline\" data-math=\"1.8text{--}2.2text{ bar}\" data-index-in-node=\"0\">1.8 -2.2 bar<\/span><\/span><\/td>\n<\/tr>\n<tr>\n<td><span data-path-to-node=\"7,3,0,0\"><b data-path-to-node=\"7,3,0,0\" data-index-in-node=\"0\">Po\u010det vrstiev<\/b><\/span><\/td>\n<td><span data-path-to-node=\"7,3,1,0\">2 pln\u00e9 vrstvy (alebo 1,5 vrstvy pri metal\u00edzach)<\/span><\/td>\n<\/tr>\n<tr>\n<td><span data-path-to-node=\"7,4,0,0\"><b data-path-to-node=\"7,4,0,0\" data-index-in-node=\"0\">\u010cas odvetrania<\/b><\/span><\/td>\n<td><span data-path-to-node=\"7,4,1,0\"><span class=\"math-inline\" data-math=\"5text{--}10text{ min\u00fat}\" data-index-in-node=\"0\">10 a\u017e15 min\u00fat <\/span>medzi vrstvami (pri <b data-path-to-node=\"7,4,1,0\" data-index-in-node=\"46\">20\u00b0C<\/b>)<\/span><\/td>\n<\/tr>\n<tr>\n<td><span data-path-to-node=\"7,5,0,0\"><b data-path-to-node=\"7,5,0,0\" data-index-in-node=\"0\">Hr\u00fabka suchej vrstvy<\/b><\/span><\/td>\n<td><span data-path-to-node=\"7,5,1,0\"><span class=\"math-inline\" data-math=\"20text{--}40text{ mu m}\" data-index-in-node=\"0\">20-40 mum <\/span>(pri b\u00e1ze) \/ <span class=\"math-inline\" data-math=\"50text{--}60text{ mu m}\" data-index-in-node=\"40\">50-60 mum (<\/span>pri 2K akryle)<\/span><\/td>\n<\/tr>\n<\/tbody>\n<\/table>\n<h3 data-path-to-node=\"8\"><\/h3>\n<h3 data-path-to-node=\"8\">\u010casy schnutia (pri 20\u00b0C)<\/h3>\n<ul data-path-to-node=\"9\">\n<li>\n<p data-path-to-node=\"9,0,0\"><b data-path-to-node=\"9,0,0\" data-index-in-node=\"0\">Proti prachu:<\/b> <span class=\"math-inline\" data-math=\"10text{--}15text{ min\u00fat}\" data-index-in-node=\"14\">10 a\u017e 15 min\u00fat<\/span><\/p>\n<\/li>\n<li>\n<p data-path-to-node=\"9,1,0\"><b data-path-to-node=\"9,1,0\" data-index-in-node=\"0\">Na dotyk:<\/b> <span class=\"math-inline\" data-math=\"30text{--}45text{ min\u00fat}\" data-index-in-node=\"10\">30 a\u017e 45 min\u00fat<\/span><\/p>\n<\/li>\n<li>\n<p data-path-to-node=\"9,2,0\"><b data-path-to-node=\"9,2,0\" data-index-in-node=\"0\">\u00dapln\u00e9 preschnutie:<\/b> <span class=\"math-inline\" data-math=\"12text{--}24text{ hod\u00edn}\" data-index-in-node=\"19\">12 a\u017e 24 hod\u00edn<\/span>\u00a0(v z\u00e1vislosti od vlhkosti vzduchu a hr\u00fabky vrstvy).<\/p>\n<\/li>\n<li>\n<p data-path-to-node=\"9,3,0\"><b data-path-to-node=\"9,3,0\" data-index-in-node=\"0\">Ur\u00fdchlen\u00e9 schnutie:<\/b> Mo\u017en\u00e9 pri <b data-path-to-node=\"9,3,0\" data-index-in-node=\"30\">60\u00b0C<\/b> po dobu <span class=\"math-inline\" data-math=\"30\" data-index-in-node=\"43\">30<\/span> min\u00fat<\/p>\n<\/li>\n<\/ul>\n<h3 data-path-to-node=\"12\"><\/h3>\n<h3 data-path-to-node=\"12\">Skladovanie a bezpe\u010dnos\u0165<\/h3>\n<ul data-path-to-node=\"13\">\n<li>\n<p data-path-to-node=\"13,0,0\"><b data-path-to-node=\"13,0,0\" data-index-in-node=\"0\">Skladovate\u013enos\u0165:<\/b> Minim\u00e1lne 24 mesiacov v origin\u00e1lnom uzavretom obale pri teplot\u00e1ch <b data-path-to-node=\"13,0,0\" data-index-in-node=\"83\">5\u00b0C<\/b> a\u017e <b data-path-to-node=\"13,0,0\" data-index-in-node=\"90\">25\u00b0C<\/b>.<\/p>\n<\/li>\n<li>\n<p data-path-to-node=\"13,1,0\"><b data-path-to-node=\"13,1,0\" data-index-in-node=\"0\">Bezpe\u010dnos\u0165:<\/b> V\u00fdrobok obsahuje hor\u013eav\u00e9 rozp\u00fa\u0161\u0165adl\u00e1. Pou\u017e\u00edvajte predp\u00edsan\u00e9 OOPP (respir\u00e1tor s filtrom A2P3, ochrann\u00e9 rukavice).<\/p>\n<\/li>\n<\/ul>\n<p>&nbsp;<\/p>\n<p><b data-path-to-node=\"15,0\" data-index-in-node=\"0\">Pozn\u00e1mka pre spracovanie:<\/b> Pre dosiahnutie deklarovanej presnosti odtie\u0148a odpor\u00fa\u010dame pred aplik\u00e1ciou vykona\u0165 kontroln\u00fd n\u00e1strek na testovaciu kartu.<\/p>\n","protected":false},"excerpt":{"rendered":"<p><b data-path-to-node=\"5,1,0\" data-index-in-node=\"0\">Najpresnej\u0161ie odtiene na trhu:<\/b> V\u010faka dlhoro\u010dn\u00fdm sk\u00fasenostiam mie\u0161ania autolakov a hlbokej znalosti pigmentov garantujeme farebn\u00fa zhodu, ktor\u00e1 patr\u00ed k absol\u00fatnej \u0161pi\u010dke na trhu. \u010ci u\u017e ide o klasick\u00fa akrylov\u00fa farbu, metal\u00edzu alebo n\u00e1ro\u010dn\u00e9 perle\u0165ov\u00e9 efekty, s nami traf\u00edte do \u010dierneho (alebo do ak\u00e9hoko\u013evek in\u00e9ho odtie\u0148a).<\/p>\n","protected":false},"featured_media":62644,"template":"","meta":{"inline_featured_image":false},"product_brand":[],"product_cat":[15],"product_tag":[],"class_list":{"0":"post-65042","1":"product","2":"type-product","3":"status-publish","4":"has-post-thumbnail","6":"product_cat-nezaradene","7":"description-off","8":"wcpa_has_options","10":"first","11":"instock","12":"sale","13":"featured","14":"taxable","15":"shipping-taxable","16":"purchasable","17":"product-type-variable"},"_links":{"self":[{"href":"https:\/\/www.premacolors.sk\/eshop\/wp-json\/wp\/v2\/product\/65042","targetHints":{"allow":["GET"]}}],"collection":[{"href":"https:\/\/www.premacolors.sk\/eshop\/wp-json\/wp\/v2\/product"}],"about":[{"href":"https:\/\/www.premacolors.sk\/eshop\/wp-json\/wp\/v2\/types\/product"}],"wp:featuredmedia":[{"embeddable":true,"href":"https:\/\/www.premacolors.sk\/eshop\/wp-json\/wp\/v2\/media\/62644"}],"wp:attachment":[{"href":"https:\/\/www.premacolors.sk\/eshop\/wp-json\/wp\/v2\/media?parent=65042"}],"wp:term":[{"taxonomy":"product_brand","embeddable":true,"href":"https:\/\/www.premacolors.sk\/eshop\/wp-json\/wp\/v2\/product_brand?post=65042"},{"taxonomy":"product_cat","embeddable":true,"href":"https:\/\/www.premacolors.sk\/eshop\/wp-json\/wp\/v2\/product_cat?post=65042"},{"taxonomy":"product_tag","embeddable":true,"href":"https:\/\/www.premacolors.sk\/eshop\/wp-json\/wp\/v2\/product_tag?post=65042"}],"curies":[{"name":"wp","href":"https:\/\/api.w.org\/{rel}","templated":true}]}}