{"id":64365,"date":"2025-12-27T12:30:18","date_gmt":"2025-12-27T11:30:18","guid":{"rendered":"https:\/\/www.premacolors.sk\/eshop\/?post_type=product&#038;p=64365"},"modified":"2025-12-27T12:30:19","modified_gmt":"2025-12-27T11:30:19","slug":"novol-bezfarebny-lak-dart-clear-8500-hs-set-1l05l-tuzidlo","status":"publish","type":"product","link":"https:\/\/www.premacolors.sk\/eshop\/produkt\/novol-bezfarebny-lak-dart-clear-8500-hs-set-1l05l-tuzidlo\/","title":{"rendered":"NOVOL bezfarebn\u00fd lak DART CLEAR 8500 HS set 1L+0,5L tu\u017eidlo"},"content":{"rendered":"<h2 data-path-to-node=\"2\"><span dir=\"auto\">NOVOL 8500 DART CLEAR \u2013 R\u00fdchloschn\u00faci HS Bezfarebn\u00fd Lak (Set 1L + 0,5L)<\/span><\/h2>\n<p data-path-to-node=\"3\"><b data-path-to-node=\"3\" data-index-in-node=\"0\">NOVOL 8500 Dart Clear<\/b> je modern\u00fd bezfarebn\u00fd lak triedy <b data-path-to-node=\"3\" data-index-in-node=\"55\">HS (High Solid)<\/b>, ktor\u00fd bol \u0161peci\u00e1lne vyvinut\u00fd pre lakovacie pr\u00e1ce vy\u017eaduj\u00face maxim\u00e1lnu efektivitu a r\u00fdchlos\u0165. Jeho najv\u00e4\u010d\u0161ou prednos\u0165ou je technol\u00f3gia <b data-path-to-node=\"3\" data-index-in-node=\"206\">Air-Drying<\/b>, ktor\u00e1 umo\u017e\u0148uje extr\u00e9mne r\u00fdchle schnutie aj pri izbovej teplote, \u010d\u00edm v\u00fdrazne \u0161etr\u00ed n\u00e1klady na energiu a \u010das str\u00e1ven\u00fd v striekacej kab\u00edne.<\/p>\n<h3 data-path-to-node=\"4\"><span dir=\"auto\">Hlavn\u00e9 v\u00fdhody produktu:<\/span><\/h3>\n<ul data-path-to-node=\"5\">\n<li>\n<p data-path-to-node=\"5,0,0\"><b data-path-to-node=\"5,0,0\" data-index-in-node=\"0\">Ultra r\u00fdchle schnutie:<\/b> Lak dosahuje manipula\u010dn\u00fa tvrdos\u0165 u\u017e po kr\u00e1tkom \u010dase pri 20\u00b0C, \u010do eliminuje potrebu vysokoteplotn\u00e9ho vypa\u013eovania.<\/p>\n<\/li>\n<li>\n<p data-path-to-node=\"5,1,0\"><b data-path-to-node=\"5,1,0\" data-index-in-node=\"0\">Vysok\u00fd lesk a h\u013abka:<\/b> Po vytvrdnut\u00ed vytv\u00e1ra kri\u0161t\u00e1\u013eovo \u010dist\u00fd povrch s hlbok\u00fdm leskom, ktor\u00fd dod\u00e1va vozidlu pr\u00e9miov\u00fd vzh\u013ead.<\/p>\n<\/li>\n<li>\n<p data-path-to-node=\"5,2,0\"><b data-path-to-node=\"5,2,0\" data-index-in-node=\"0\">Vysok\u00e1 odolnos\u0165:<\/b> Lak je odoln\u00fd vo\u010di UV \u017eiareniu, nepriazniv\u00fdm poveternostn\u00fdm vplyvom a mechanick\u00e9mu po\u0161kodeniu (po\u0161kriabaniu).<\/p>\n<\/li>\n<li>\n<p data-path-to-node=\"5,3,0\"><b data-path-to-node=\"5,3,0\" data-index-in-node=\"0\">Jednoduch\u00e1 aplik\u00e1cia:<\/b> V\u010faka skvelej rozlievate\u013enosti je dosiahnutie dokonale hladk\u00e9ho povrchu (tzv. zrkadlov\u00e9ho efektu) hra\u010dkou.<\/p>\n<\/li>\n<li>\n<p data-path-to-node=\"5,4,0\"><b data-path-to-node=\"5,4,0\" data-index-in-node=\"0\"><span dir=\"auto\">Vysok\u00fd obsah su\u0161iny (HS):<\/span><\/b><span dir=\"auto\"> Zabezpe\u010duje v\u00fdborn\u00fa v\u00fddatnos\u0165 a kryciu schopnos\u0165 u\u017e pri men\u0161om po\u010dte vrstiev.<\/span><\/p>\n<\/li>\n<\/ul>\n<h3 data-path-to-node=\"6\"><span dir=\"auto\">Technick\u00e9 parametre:<\/span><\/h3>\n<ul data-path-to-node=\"7\">\n<li>\n<p data-path-to-node=\"7,0,0\"><b data-path-to-node=\"7,0,0\" data-index-in-node=\"0\">Mie\u0161ac\u00ed pomer:<\/b> 2:1 (2 diely laku : 1 diel tu\u017eidla).<\/p>\n<\/li>\n<li>\n<p data-path-to-node=\"7,1,0\"><b data-path-to-node=\"7,1,0\" data-index-in-node=\"0\"><span dir=\"auto\">Tu\u017eidlo v balen\u00ed:<\/span><\/b><span dir=\"auto\"> HARD 90-850 (\u0161peci\u00e1lne navrhnut\u00e9 pre tento typ laku).<\/span><\/p>\n<\/li>\n<li>\n<p data-path-to-node=\"7,2,0\"><b data-path-to-node=\"7,2,0\" data-index-in-node=\"0\">V\u00fddatnos\u0165:<\/b> Vysok\u00e1, v\u010faka High Solid zlo\u017eeniu.<\/p>\n<\/li>\n<li>\n<p data-path-to-node=\"7,3,0\"><b data-path-to-node=\"7,3,0\" data-index-in-node=\"0\"><span dir=\"auto\">Farba:<\/span><\/b><span dir=\"auto\"> Bezfarebn\u00fd \/ Transparentn\u00fd.<\/span><\/p>\n<\/li>\n<\/ul>\n<h3 data-path-to-node=\"8\"><span dir=\"auto\">Obsah balenia:<\/span><\/h3>\n<ol start=\"1\" data-path-to-node=\"9\">\n<li>\n<p data-path-to-node=\"9,0,0\"><b data-path-to-node=\"9,0,0\" data-index-in-node=\"0\"><span dir=\"auto\">NOVOL 8500 Dart Clear (1L)<\/span><\/b><span dir=\"auto\"> \u2013 Z\u00e1kladn\u00fd lak.<\/span><\/p>\n<\/li>\n<li>\n<p data-path-to-node=\"9,1,0\"><b data-path-to-node=\"9,1,0\" data-index-in-node=\"0\">NOVOL HARD 90-850 (0,5L)<\/b> \u2013 Pr\u00edslu\u0161n\u00e9 tu\u017eidlo.<\/p>\n<\/li>\n<\/ol>\n<h3 data-path-to-node=\"10\"><span dir=\"auto\">Pou\u017eitie:<\/span><\/h3>\n<p data-path-to-node=\"11\">Ide\u00e1lny na \u010diasto\u010dn\u00e9 opravy (dielce) aj celolak automobily. Vhodn\u00fd pre lakovne, ktor\u00e9 chc\u00fa zv\u00fd\u0161i\u0165 obr\u00e1tkovos\u0165 opr\u00e1v bez straty kvality v\u00fdsledn\u00e9ho povrchu.<\/p>\n<hr data-path-to-node=\"12\" \/>\n<blockquote data-path-to-node=\"13\">\n<p data-path-to-node=\"13,0\"><b data-path-to-node=\"13,0\" data-index-in-node=\"0\"><span dir=\"auto\">Tip od odborn\u00edka:<\/span><\/b><span dir=\"auto\"> Pre dosiahnutie najlep\u0161ieho v\u00fdsledku odpor\u00fa\u010dame aplikova\u0165 na \u010dist\u00fd a odmasten\u00fd podklad. Vzh\u013eadom na r\u00fdchle schnutie Air-Drying je tento lak ide\u00e1lnou vo\u013ebou do priestorov, kde nie je k dispoz\u00edcii vyhrievan\u00e1 lakovacia kab\u00edna.<\/span><\/p>\n<\/blockquote>\n","protected":false},"excerpt":{"rendered":"<p>NOVOL 8500 DART CLEAR \u2013 R\u00fdchloschn\u00faci HS Bezfarebn\u00fd Lak (Set 1L + 0,5L) NOVOL 8500 Dart Clear je modern\u00fd bezfarebn\u00fd lak triedy HS (High Solid), ktor\u00fd bol \u0161peci\u00e1lne vyvinut\u00fd pre lakovacie pr\u00e1ce vy\u017eaduj\u00face maxim\u00e1lnu efektivitu a r\u00fdchlos\u0165. Jeho najv\u00e4\u010d\u0161ou prednos\u0165ou je technol\u00f3gia Air-Drying, ktor\u00e1 umo\u017e\u0148uje extr\u00e9mne r\u00fdchle schnutie aj pri izbovej teplote, \u010d\u00edm v\u00fdrazne \u0161etr\u00ed&hellip;<\/p>\n","protected":false},"featured_media":64366,"template":"","meta":{"inline_featured_image":false},"product_brand":[],"product_cat":[855],"product_tag":[],"class_list":{"0":"post-64365","1":"product","2":"type-product","3":"status-publish","4":"has-post-thumbnail","6":"product_cat-bezfarebne-laky","7":"description-off","9":"first","10":"instock","11":"taxable","12":"shipping-taxable","13":"purchasable","14":"product-type-simple"},"_links":{"self":[{"href":"https:\/\/www.premacolors.sk\/eshop\/wp-json\/wp\/v2\/product\/64365","targetHints":{"allow":["GET"]}}],"collection":[{"href":"https:\/\/www.premacolors.sk\/eshop\/wp-json\/wp\/v2\/product"}],"about":[{"href":"https:\/\/www.premacolors.sk\/eshop\/wp-json\/wp\/v2\/types\/product"}],"wp:featuredmedia":[{"embeddable":true,"href":"https:\/\/www.premacolors.sk\/eshop\/wp-json\/wp\/v2\/media\/64366"}],"wp:attachment":[{"href":"https:\/\/www.premacolors.sk\/eshop\/wp-json\/wp\/v2\/media?parent=64365"}],"wp:term":[{"taxonomy":"product_brand","embeddable":true,"href":"https:\/\/www.premacolors.sk\/eshop\/wp-json\/wp\/v2\/product_brand?post=64365"},{"taxonomy":"product_cat","embeddable":true,"href":"https:\/\/www.premacolors.sk\/eshop\/wp-json\/wp\/v2\/product_cat?post=64365"},{"taxonomy":"product_tag","embeddable":true,"href":"https:\/\/www.premacolors.sk\/eshop\/wp-json\/wp\/v2\/product_tag?post=64365"}],"curies":[{"name":"wp","href":"https:\/\/api.w.org\/{rel}","templated":true}]}}