{"id":64153,"date":"2025-06-03T18:41:08","date_gmt":"2025-06-03T16:41:08","guid":{"rendered":"https:\/\/www.premacolors.sk\/eshop\/?post_type=product&#038;p=64153"},"modified":"2025-11-16T13:17:03","modified_gmt":"2025-11-16T12:17:03","slug":"koch-chemie-b9-01-hruba-brusna-pasta","status":"publish","type":"product","link":"https:\/\/www.premacolors.sk\/eshop\/produkt\/koch-chemie-b9-01-hruba-brusna-pasta\/","title":{"rendered":"Koch Chemie B9.01 &#8211; Hrub\u00e1 br\u00fasna pasta"},"content":{"rendered":"<h2>Inovat\u00edvna le\u0161tiaca pasta na strojov\u00e9 le\u0161tenie pre \u013eahk\u00e9 a r\u00fdchle odstr\u00e1nenie hmly z laku a br\u00fasenie od zrnitosti 1 200 a vy\u0161\u0161ie.<\/h2>\n<h2>\u0160peci\u00e1lne zlo\u017eenie pr\u00edpravku <strong>Heavy Quick Cut B9.01<\/strong> zaru\u010duje \u013eahk\u00e9 spracovanie na \u010derstvo lakovan\u00fdch povrchoch, zale\u0161tenie pr\u00edstreku alebo prachu v laku.<\/h2>\n<h2><strong>Heavy Quick Cut B9.01<\/strong>\u00a0sa ide\u00e1lne hod\u00ed pre v\u0161etky typy lakov.<\/h2>\n<ul>\n<li>\n<h2>Stupe\u0148 rezu: 9;0 z 10<\/h2>\n<\/li>\n<li>\n<h2>Stupe\u0148 lesku: 5;5 z 10<\/h2>\n<\/li>\n<\/ul>\n<h2><\/h2>\n<h2><b>N\u00e1vod na pou\u017eitie:<\/b><\/h2>\n<h2>&#8211; Najlep\u0161ie v\u00fdsledky dosiahnete, ak pou\u017eijete vhodn\u00fd <strong>hrub\u00fd le\u0161tiaci pad<\/strong>\u00a0alebo\u00a0<strong>pad z jah\u0148acej ko\u017ee.<\/strong><\/h2>\n<h2>&#8211; F\u013ea\u0161u pred pou\u017eit\u00edm dobre pretrepte.<\/h2>\n<h2>&#8211; Aplikujte kr\u00ed\u017eov\u00fdmi pohybmi s mal\u00fdm tlakom a stredn\u00fdmi ot\u00e1\u010dkami<\/h2>\n<h2>&#8211; Pozostatky le\u0161tiacej pasty zotrite s m\u00e4kkou <strong>handri\u010dkou z mikrovl\u00e1kna<\/strong><\/h2>\n<h2>&#8211; Najlep\u0161\u00ed mo\u017en\u00fd povrch sa dosiahne dodato\u010dn\u00fdm prele\u0161ten\u00edm pomocou fin\u00e1lnej antihologramovej pasty s vysok\u00fdm leskom <strong>Micro Cut.<\/strong><\/h2>\n","protected":false},"excerpt":{"rendered":"<p>Inovat\u00edvna le\u0161tiaca pasta na strojov\u00e9 le\u0161tenie pre \u013eahk\u00e9 a r\u00fdchle odstr\u00e1nenie hmly z laku a br\u00fasenie od zrnitosti 1 200 a vy\u0161\u0161ie. \u0160peci\u00e1lne zlo\u017eenie pr\u00edpravku Heavy Quick Cut B9.01 zaru\u010duje \u013eahk\u00e9 spracovanie na \u010derstvo lakovan\u00fdch povrchoch, zale\u0161tenie pr\u00edstreku alebo prachu v laku. Heavy Quick Cut B9.01\u00a0sa ide\u00e1lne hod\u00ed pre v\u0161etky typy lakov. Stupe\u0148 rezu: 9;0&hellip;<\/p>\n","protected":false},"featured_media":64154,"template":"","meta":{"inline_featured_image":false},"product_brand":[],"product_cat":[644],"product_tag":[],"class_list":{"0":"post-64153","1":"product","2":"type-product","3":"status-publish","4":"has-post-thumbnail","6":"product_cat-lestiace-pasty","7":"description-off","9":"first","10":"instock","11":"taxable","12":"shipping-taxable","13":"purchasable","14":"product-type-variable"},"_links":{"self":[{"href":"https:\/\/www.premacolors.sk\/eshop\/wp-json\/wp\/v2\/product\/64153","targetHints":{"allow":["GET"]}}],"collection":[{"href":"https:\/\/www.premacolors.sk\/eshop\/wp-json\/wp\/v2\/product"}],"about":[{"href":"https:\/\/www.premacolors.sk\/eshop\/wp-json\/wp\/v2\/types\/product"}],"wp:featuredmedia":[{"embeddable":true,"href":"https:\/\/www.premacolors.sk\/eshop\/wp-json\/wp\/v2\/media\/64154"}],"wp:attachment":[{"href":"https:\/\/www.premacolors.sk\/eshop\/wp-json\/wp\/v2\/media?parent=64153"}],"wp:term":[{"taxonomy":"product_brand","embeddable":true,"href":"https:\/\/www.premacolors.sk\/eshop\/wp-json\/wp\/v2\/product_brand?post=64153"},{"taxonomy":"product_cat","embeddable":true,"href":"https:\/\/www.premacolors.sk\/eshop\/wp-json\/wp\/v2\/product_cat?post=64153"},{"taxonomy":"product_tag","embeddable":true,"href":"https:\/\/www.premacolors.sk\/eshop\/wp-json\/wp\/v2\/product_tag?post=64153"}],"curies":[{"name":"wp","href":"https:\/\/api.w.org\/{rel}","templated":true}]}}