{"id":63634,"date":"2025-03-30T10:43:11","date_gmt":"2025-03-30T08:43:11","guid":{"rendered":"https:\/\/www.premacolors.sk\/eshop\/?post_type=product&#038;p=63634"},"modified":"2025-05-28T18:06:23","modified_gmt":"2025-05-28T16:06:23","slug":"3m-lestiaci-kotuc-zlty-75mm-50536","status":"publish","type":"product","link":"https:\/\/www.premacolors.sk\/eshop\/produkt\/3m-lestiaci-kotuc-zlty-75mm-50536\/","title":{"rendered":"3M Le\u0161tiaci kot\u00fa\u010d \u017elt\u00fd 75mm (50536)"},"content":{"rendered":"<h4>S le\u0161tiacim kot\u00fa\u010dom 3M Perfect-It \u00fa\u010dinne odstr\u00e1nite \u013eahk\u00e9 \u0161krabance, \u0161pir\u00e1lovit\u00e9 stopy a chyby opravovan\u00e9ho a nov\u00e9ho n\u00e1teru. Na\u0161e penov\u00e9 kot\u00fa\u010de s obl\u00e1tkovit\u00fdm povrchom s\u00fa navrhnut\u00e9 pre opakovan\u00e9 dlhodob\u00e9 pou\u017e\u00edvanie, aby sa va\u0161e invest\u00edcie do nich \u010do najlep\u0161ie zhodnotili. Najlep\u0161ie v\u00fdsledky dosiahnete, ke\u010f pou\u017eijete 3M pastu Perfect-It Extra Fine \u017elt\u00fd vrchn\u00e1k (80349). V\u010faka odolnej pene s obl\u00e1tkovit\u00fdm povrchom a dlhou \u017eivotnos\u0165ou sa v\u00e1m n\u00e1kup na\u0161ich le\u0161tiacich kot\u00fa\u010dov naozaj oplat\u00ed. Dosiahnite maxim\u00e1lnu \u00fa\u010dinnos\u0165 le\u0161tenia.<\/h4>\n<h4>Priemer: 75mm<\/h4>\n","protected":false},"excerpt":{"rendered":"<p>S le\u0161tiacim kot\u00fa\u010dom 3M Perfect-It \u00fa\u010dinne odstr\u00e1nite \u013eahk\u00e9 \u0161krabance, \u0161pir\u00e1lovit\u00e9 stopy a chyby opravovan\u00e9ho a nov\u00e9ho n\u00e1teru. Na\u0161e penov\u00e9 kot\u00fa\u010de s obl\u00e1tkovit\u00fdm povrchom s\u00fa navrhnut\u00e9 pre opakovan\u00e9 dlhodob\u00e9 pou\u017e\u00edvanie, aby sa va\u0161e invest\u00edcie do nich \u010do najlep\u0161ie zhodnotili. Najlep\u0161ie v\u00fdsledky dosiahnete, ke\u010f pou\u017eijete 3M pastu Perfect-It Extra Fine \u017elt\u00fd vrchn\u00e1k (80349). V\u010faka odolnej pene s&hellip;<\/p>\n","protected":false},"featured_media":63635,"template":"","meta":{"inline_featured_image":false},"product_brand":[],"product_cat":[922],"product_tag":[],"class_list":{"0":"post-63634","1":"product","2":"type-product","3":"status-publish","4":"has-post-thumbnail","6":"product_cat-lestiace-kotuce","7":"description-off","9":"first","10":"instock","11":"taxable","12":"shipping-taxable","13":"purchasable","14":"product-type-simple"},"_links":{"self":[{"href":"https:\/\/www.premacolors.sk\/eshop\/wp-json\/wp\/v2\/product\/63634","targetHints":{"allow":["GET"]}}],"collection":[{"href":"https:\/\/www.premacolors.sk\/eshop\/wp-json\/wp\/v2\/product"}],"about":[{"href":"https:\/\/www.premacolors.sk\/eshop\/wp-json\/wp\/v2\/types\/product"}],"wp:featuredmedia":[{"embeddable":true,"href":"https:\/\/www.premacolors.sk\/eshop\/wp-json\/wp\/v2\/media\/63635"}],"wp:attachment":[{"href":"https:\/\/www.premacolors.sk\/eshop\/wp-json\/wp\/v2\/media?parent=63634"}],"wp:term":[{"taxonomy":"product_brand","embeddable":true,"href":"https:\/\/www.premacolors.sk\/eshop\/wp-json\/wp\/v2\/product_brand?post=63634"},{"taxonomy":"product_cat","embeddable":true,"href":"https:\/\/www.premacolors.sk\/eshop\/wp-json\/wp\/v2\/product_cat?post=63634"},{"taxonomy":"product_tag","embeddable":true,"href":"https:\/\/www.premacolors.sk\/eshop\/wp-json\/wp\/v2\/product_tag?post=63634"}],"curies":[{"name":"wp","href":"https:\/\/api.w.org\/{rel}","templated":true}]}}