{"id":63622,"date":"2025-03-30T09:56:23","date_gmt":"2025-03-30T07:56:23","guid":{"rendered":"https:\/\/www.premacolors.sk\/eshop\/?post_type=product&#038;p=63622"},"modified":"2025-05-28T18:07:09","modified_gmt":"2025-05-28T16:07:09","slug":"3m-lestiaci-kotuc-penovy-150-mm-50388","status":"publish","type":"product","link":"https:\/\/www.premacolors.sk\/eshop\/produkt\/3m-lestiaci-kotuc-penovy-150-mm-50388\/","title":{"rendered":"3M le\u0161tiaci kot\u00fa\u010d, penov\u00fd 150 mm (50388)"},"content":{"rendered":"<h3>3M 50457 Perfect-It ultra jemn\u00fd modr\u00fd le\u0161tiaci kot\u00fa\u010d je m\u00e4kk\u00fd le\u0161tiaci kot\u00fa\u010d, ktor\u00fd v kombin\u00e1cii s le\u0161tiacou pastou 3M Perfect-It Ultrafina SE (50383) dosahuje vysok\u00fd lesk le\u0161tenej plochy hlavne u tmav\u00fdch odtie\u0148ov.<\/h3>\n<h3>Bol \u0161peci\u00e1lne vyvinut\u00fd na \u00fa\u010dinn\u00e9 a spo\u013eahliv\u00e9 odstr\u00e1nenie st\u00f4p po br\u00fasen\u00ed (hologramy) \u010di mikro\u0161krabancov.<\/h3>\n<h3>Priemer: 150mm<\/h3>\n","protected":false},"excerpt":{"rendered":"<p>3M 50457 Perfect-It ultra jemn\u00fd modr\u00fd le\u0161tiaci kot\u00fa\u010d je m\u00e4kk\u00fd le\u0161tiaci kot\u00fa\u010d, ktor\u00fd v kombin\u00e1cii s le\u0161tiacou pastou 3M Perfect-It Ultrafina SE (50383) dosahuje vysok\u00fd lesk le\u0161tenej plochy hlavne u tmav\u00fdch odtie\u0148ov. Bol \u0161peci\u00e1lne vyvinut\u00fd na \u00fa\u010dinn\u00e9 a spo\u013eahliv\u00e9 odstr\u00e1nenie st\u00f4p po br\u00fasen\u00ed (hologramy) \u010di mikro\u0161krabancov. Priemer: 150mm<\/p>\n","protected":false},"featured_media":63623,"template":"","meta":{"inline_featured_image":false},"product_brand":[],"product_cat":[922],"product_tag":[],"class_list":{"0":"post-63622","1":"product","2":"type-product","3":"status-publish","4":"has-post-thumbnail","6":"product_cat-lestiace-kotuce","7":"description-off","9":"first","10":"instock","11":"taxable","12":"shipping-taxable","13":"purchasable","14":"product-type-simple"},"_links":{"self":[{"href":"https:\/\/www.premacolors.sk\/eshop\/wp-json\/wp\/v2\/product\/63622","targetHints":{"allow":["GET"]}}],"collection":[{"href":"https:\/\/www.premacolors.sk\/eshop\/wp-json\/wp\/v2\/product"}],"about":[{"href":"https:\/\/www.premacolors.sk\/eshop\/wp-json\/wp\/v2\/types\/product"}],"wp:featuredmedia":[{"embeddable":true,"href":"https:\/\/www.premacolors.sk\/eshop\/wp-json\/wp\/v2\/media\/63623"}],"wp:attachment":[{"href":"https:\/\/www.premacolors.sk\/eshop\/wp-json\/wp\/v2\/media?parent=63622"}],"wp:term":[{"taxonomy":"product_brand","embeddable":true,"href":"https:\/\/www.premacolors.sk\/eshop\/wp-json\/wp\/v2\/product_brand?post=63622"},{"taxonomy":"product_cat","embeddable":true,"href":"https:\/\/www.premacolors.sk\/eshop\/wp-json\/wp\/v2\/product_cat?post=63622"},{"taxonomy":"product_tag","embeddable":true,"href":"https:\/\/www.premacolors.sk\/eshop\/wp-json\/wp\/v2\/product_tag?post=63622"}],"curies":[{"name":"wp","href":"https:\/\/api.w.org\/{rel}","templated":true}]}}