{"id":63620,"date":"2025-03-30T09:49:49","date_gmt":"2025-03-30T07:49:49","guid":{"rendered":"https:\/\/www.premacolors.sk\/eshop\/?post_type=product&#038;p=63620"},"modified":"2025-05-28T18:07:18","modified_gmt":"2025-05-28T16:07:18","slug":"3m-lestiaci-kotuc-3m-biely-penovy-150-mm-x-50-mm-50307","status":"publish","type":"product","link":"https:\/\/www.premacolors.sk\/eshop\/produkt\/3m-lestiaci-kotuc-3m-biely-penovy-150-mm-x-50-mm-50307\/","title":{"rendered":"3M Le\u0161tiaci kot\u00fa\u010d 3M biely penov\u00fd 150 mm x 50 mm (50307)"},"content":{"rendered":"<h3>&#8211; Penov\u00e1 kon\u0161trukcia<\/h3>\n<h3>&#8211; 150 mm<\/h3>\n<h3>&#8211; hr\u00fabka kot\u00fa\u010da 55 mm<\/h3>\n","protected":false},"excerpt":{"rendered":"<p>&#8211; Penov\u00e1 kon\u0161trukcia &#8211; 150 mm &#8211; hr\u00fabka kot\u00fa\u010da 55 mm<\/p>\n","protected":false},"featured_media":63621,"template":"","meta":{"inline_featured_image":false},"product_brand":[],"product_cat":[922],"product_tag":[],"class_list":{"0":"post-63620","1":"product","2":"type-product","3":"status-publish","4":"has-post-thumbnail","6":"product_cat-lestiace-kotuce","7":"description-off","9":"first","10":"instock","11":"taxable","12":"shipping-taxable","13":"purchasable","14":"product-type-simple"},"_links":{"self":[{"href":"https:\/\/www.premacolors.sk\/eshop\/wp-json\/wp\/v2\/product\/63620","targetHints":{"allow":["GET"]}}],"collection":[{"href":"https:\/\/www.premacolors.sk\/eshop\/wp-json\/wp\/v2\/product"}],"about":[{"href":"https:\/\/www.premacolors.sk\/eshop\/wp-json\/wp\/v2\/types\/product"}],"wp:featuredmedia":[{"embeddable":true,"href":"https:\/\/www.premacolors.sk\/eshop\/wp-json\/wp\/v2\/media\/63621"}],"wp:attachment":[{"href":"https:\/\/www.premacolors.sk\/eshop\/wp-json\/wp\/v2\/media?parent=63620"}],"wp:term":[{"taxonomy":"product_brand","embeddable":true,"href":"https:\/\/www.premacolors.sk\/eshop\/wp-json\/wp\/v2\/product_brand?post=63620"},{"taxonomy":"product_cat","embeddable":true,"href":"https:\/\/www.premacolors.sk\/eshop\/wp-json\/wp\/v2\/product_cat?post=63620"},{"taxonomy":"product_tag","embeddable":true,"href":"https:\/\/www.premacolors.sk\/eshop\/wp-json\/wp\/v2\/product_tag?post=63620"}],"curies":[{"name":"wp","href":"https:\/\/api.w.org\/{rel}","templated":true}]}}