{"id":63338,"date":"2025-03-29T10:45:27","date_gmt":"2025-03-29T09:45:27","guid":{"rendered":"https:\/\/www.premacolors.sk\/eshop\/?post_type=product&#038;p=63338"},"modified":"2025-07-23T19:12:53","modified_gmt":"2025-07-23T17:12:53","slug":"smirdex-740-keramicky-brusivo-hoblik-14dier-70x420mm","status":"publish","type":"product","link":"https:\/\/www.premacolors.sk\/eshop\/produkt\/smirdex-740-keramicky-brusivo-hoblik-14dier-70x420mm\/","title":{"rendered":"Smirdex 740 Keramick\u00fd brusivo hobl\u00edk 14dier 70x420mm"},"content":{"rendered":"<h3>Smirdex 740 Ceramic je najvy\u0161\u0161\u00ed rad brusiva s vysokou \u017eivotnos\u0165ou a odolnos\u0165ou.<\/h3>\n<h3>Brusivo vydr\u017e\u00ed podstatne dlh\u0161ie ako klasick\u00e9 brusiv\u00e1.<\/h3>\n<h3>Keramick\u00e9 zrn\u00e1 tohto radu 740\u00a0<strong>poskytuj\u00fa dlhotrvaj\u00face ostr\u00e9 hrany a pon\u00fakaj\u00fa skvel\u00e9 v\u00fdsledky kone\u010dn\u00fdch \u00faprav na br\u00fasen\u00fdch povrchoch.<\/strong><\/h3>\n<h3>Keramick\u00e9 br\u00fasovo je ide\u00e1lne na br\u00fasenie ak\u00e9hoko\u013evek druhu materi\u00e1lu, ako s\u00fa laky odoln\u00e9 proti po\u0161kriabaniu a emailov\u00e9 n\u00e1tery, z\u00e1kladov\u00e9 farby, tmely a plni\u010de.<\/h3>\n<h3>Je vhodn\u00e9 pre materi\u00e1ly ako je kov, hlin\u00edk, drevo, plast, ale aj steny.<\/h3>\n<h3>Pri br\u00fasen\u00ed je mo\u017en\u00e9 vyu\u017e\u00edva\u0165 aj vy\u0161\u0161\u00ed pracovn\u00fd tlak, \u010do zais\u0165uje r\u00fdchlu a vysok\u00fa r\u00fdchlos\u0165 \u00faberu br\u00fasen\u00e9ho materi\u00e1lu.<\/h3>\n","protected":false},"excerpt":{"rendered":"<p>Smirdex 740 Ceramic je najvy\u0161\u0161\u00ed rad brusiva s vysokou \u017eivotnos\u0165ou a odolnos\u0165ou. Brusivo vydr\u017e\u00ed podstatne dlh\u0161ie ako klasick\u00e9 brusiv\u00e1. Keramick\u00e9 zrn\u00e1 tohto radu 740\u00a0poskytuj\u00fa dlhotrvaj\u00face ostr\u00e9 hrany a pon\u00fakaj\u00fa skvel\u00e9 v\u00fdsledky kone\u010dn\u00fdch \u00faprav na br\u00fasen\u00fdch povrchoch. Keramick\u00e9 br\u00fasovo je ide\u00e1lne na br\u00fasenie ak\u00e9hoko\u013evek druhu materi\u00e1lu, ako s\u00fa laky odoln\u00e9 proti po\u0161kriabaniu a emailov\u00e9 n\u00e1tery, z\u00e1kladov\u00e9&hellip;<\/p>\n","protected":false},"featured_media":63339,"template":"","meta":{"inline_featured_image":false},"product_brand":[],"product_cat":[526],"product_tag":[],"class_list":{"0":"post-63338","1":"product","2":"type-product","3":"status-publish","4":"has-post-thumbnail","6":"product_cat-brusivo","7":"description-off","9":"first","10":"instock","11":"taxable","12":"shipping-taxable","13":"purchasable","14":"product-type-variable"},"_links":{"self":[{"href":"https:\/\/www.premacolors.sk\/eshop\/wp-json\/wp\/v2\/product\/63338","targetHints":{"allow":["GET"]}}],"collection":[{"href":"https:\/\/www.premacolors.sk\/eshop\/wp-json\/wp\/v2\/product"}],"about":[{"href":"https:\/\/www.premacolors.sk\/eshop\/wp-json\/wp\/v2\/types\/product"}],"wp:featuredmedia":[{"embeddable":true,"href":"https:\/\/www.premacolors.sk\/eshop\/wp-json\/wp\/v2\/media\/63339"}],"wp:attachment":[{"href":"https:\/\/www.premacolors.sk\/eshop\/wp-json\/wp\/v2\/media?parent=63338"}],"wp:term":[{"taxonomy":"product_brand","embeddable":true,"href":"https:\/\/www.premacolors.sk\/eshop\/wp-json\/wp\/v2\/product_brand?post=63338"},{"taxonomy":"product_cat","embeddable":true,"href":"https:\/\/www.premacolors.sk\/eshop\/wp-json\/wp\/v2\/product_cat?post=63338"},{"taxonomy":"product_tag","embeddable":true,"href":"https:\/\/www.premacolors.sk\/eshop\/wp-json\/wp\/v2\/product_tag?post=63338"}],"curies":[{"name":"wp","href":"https:\/\/api.w.org\/{rel}","templated":true}]}}