{"id":63328,"date":"2025-03-29T10:38:55","date_gmt":"2025-03-29T09:38:55","guid":{"rendered":"https:\/\/www.premacolors.sk\/eshop\/?post_type=product&#038;p=63328"},"modified":"2025-07-23T19:14:20","modified_gmt":"2025-07-23T17:14:20","slug":"smirdex-270-vodne-brusivo","status":"publish","type":"product","link":"https:\/\/www.premacolors.sk\/eshop\/produkt\/smirdex-270-vodne-brusivo\/","title":{"rendered":"SMIRDEX 270 vodn\u00e9 brusivo"},"content":{"rendered":"<h3>SMIRDEX Brusn\u00fd papier Waterproof (270) je vodeodoln\u00fd br\u00fasny papier ur\u010den\u00fd na br\u00fasenie za mokra, napr. v autoopravovni.<\/h3>\n<h3>Pru\u017en\u00fd podklad br\u00fasneho papieru v spojen\u00ed s vhodn\u00fdm pojivom umo\u017e\u0148uje dobre vybr\u00fasi\u0165 v\u0161etky z\u00e1hyby, obliny, okraje a praskliny.<\/h3>\n<h3>Dobre odol\u00e1va za\u0165a\u017eeniu, neto\u010d\u00ed sa a opracovan\u00fd povrch je hladk\u00fd a jednotn\u00fd.<\/h3>\n<h3>Rozmer: 230 x 280 mm<\/h3>\n","protected":false},"excerpt":{"rendered":"<p>SMIRDEX Brusn\u00fd papier Waterproof (270) je vodeodoln\u00fd br\u00fasny papier ur\u010den\u00fd na br\u00fasenie za mokra, napr. v autoopravovni. Pru\u017en\u00fd podklad br\u00fasneho papieru v spojen\u00ed s vhodn\u00fdm pojivom umo\u017e\u0148uje dobre vybr\u00fasi\u0165 v\u0161etky z\u00e1hyby, obliny, okraje a praskliny. Dobre odol\u00e1va za\u0165a\u017eeniu, neto\u010d\u00ed sa a opracovan\u00fd povrch je hladk\u00fd a jednotn\u00fd. Rozmer: 230 x 280 mm<\/p>\n","protected":false},"featured_media":63329,"template":"","meta":{"inline_featured_image":false},"product_brand":[],"product_cat":[526],"product_tag":[],"class_list":{"0":"post-63328","1":"product","2":"type-product","3":"status-publish","4":"has-post-thumbnail","6":"product_cat-brusivo","7":"description-off","9":"first","10":"instock","11":"taxable","12":"shipping-taxable","13":"purchasable","14":"product-type-variable"},"_links":{"self":[{"href":"https:\/\/www.premacolors.sk\/eshop\/wp-json\/wp\/v2\/product\/63328","targetHints":{"allow":["GET"]}}],"collection":[{"href":"https:\/\/www.premacolors.sk\/eshop\/wp-json\/wp\/v2\/product"}],"about":[{"href":"https:\/\/www.premacolors.sk\/eshop\/wp-json\/wp\/v2\/types\/product"}],"wp:featuredmedia":[{"embeddable":true,"href":"https:\/\/www.premacolors.sk\/eshop\/wp-json\/wp\/v2\/media\/63329"}],"wp:attachment":[{"href":"https:\/\/www.premacolors.sk\/eshop\/wp-json\/wp\/v2\/media?parent=63328"}],"wp:term":[{"taxonomy":"product_brand","embeddable":true,"href":"https:\/\/www.premacolors.sk\/eshop\/wp-json\/wp\/v2\/product_brand?post=63328"},{"taxonomy":"product_cat","embeddable":true,"href":"https:\/\/www.premacolors.sk\/eshop\/wp-json\/wp\/v2\/product_cat?post=63328"},{"taxonomy":"product_tag","embeddable":true,"href":"https:\/\/www.premacolors.sk\/eshop\/wp-json\/wp\/v2\/product_tag?post=63328"}],"curies":[{"name":"wp","href":"https:\/\/api.w.org\/{rel}","templated":true}]}}