{"id":63084,"date":"2025-03-01T14:19:18","date_gmt":"2025-03-01T13:19:18","guid":{"rendered":"https:\/\/www.premacolors.sk\/eshop\/?post_type=product&#038;p=63084"},"modified":"2025-11-16T13:18:28","modified_gmt":"2025-11-16T12:18:28","slug":"kochchemie-pro-glass-towel-60x40cm-set-2ks","status":"publish","type":"product","link":"https:\/\/www.premacolors.sk\/eshop\/produkt\/kochchemie-pro-glass-towel-60x40cm-set-2ks\/","title":{"rendered":"KochChemie Pro Glass Towel 60x40cm, set 2ks"},"content":{"rendered":"<p data-sourcepos=\"1:1-1:261\">Koch Chemie Pro Glass Towel je\u00a0<strong>profesion\u00e1lna utierka z mikrovl\u00e1kna<\/strong>, ktor\u00e1 je navrhnut\u00e1 \u0161peci\u00e1lne pre\u00a0<strong>dokonal\u00e9 \u010distenie skiel bez \u0161m\u00fah a ch\u013apkov<\/strong>.<\/p>\n<p data-sourcepos=\"1:1-1:261\">V\u010faka svojim\u00a0<strong>vynikaj\u00facim vlastnostiam<\/strong>\u00a0je ide\u00e1lna pre profesion\u00e1lov aj n\u00e1ro\u010dn\u00fdch nad\u0161encov autokozmetiky.<\/p>\n<p data-sourcepos=\"3:1-3:32\"><strong>K\u013e\u00fa\u010dov\u00e9 vlastnosti a v\u00fdhody:<\/strong><\/p>\n<ul data-sourcepos=\"5:1-24:0\">\n<li data-sourcepos=\"5:1-7:60\"><strong>\u010cistenie bez \u0161m\u00fah a ch\u013apkov:<\/strong>\n<ul data-sourcepos=\"6:5-7:60\">\n<li data-sourcepos=\"6:5-6:101\">\u0160peci\u00e1lna \u0161trukt\u00fara mikrovl\u00e1kna zais\u0165uje dokonal\u00e9 \u010distenie skiel bez zanechania \u0161m\u00fah a ch\u013apkov.<\/li>\n<li data-sourcepos=\"7:5-7:60\">Dosiahnete tak kri\u0161t\u00e1\u013eovo \u010dist\u00e9 skl\u00e1 s vysok\u00fdm leskom.<\/li>\n<\/ul>\n<\/li>\n<li data-sourcepos=\"8:1-10:40\"><strong>Vysok\u00e1 savos\u0165:<\/strong>\n<ul data-sourcepos=\"9:5-10:40\">\n<li data-sourcepos=\"9:5-9:94\">Utierka absorbuje ve\u013ek\u00e9 mno\u017estvo vody a ne\u010dist\u00f4t, \u010d\u00edm u\u013eah\u010duje \u010distenie a su\u0161enie skiel.<\/li>\n<li data-sourcepos=\"10:5-10:40\">Zanech\u00e1va povrch such\u00fd a bez \u0161m\u00fah.<\/li>\n<\/ul>\n<\/li>\n<li data-sourcepos=\"11:1-13:87\"><strong>Jemnos\u0165:<\/strong>\n<ul data-sourcepos=\"12:5-13:87\">\n<li data-sourcepos=\"12:5-12:75\">Extra jemn\u00e9 mikrovl\u00e1kno je \u0161etrn\u00e9 k povrchom a nezanech\u00e1va \u0161krabance.<\/li>\n<li data-sourcepos=\"13:5-13:87\">Vhodn\u00e1 aj na citliv\u00e9 povrchy, ako s\u00fa t\u00f3novan\u00e9 skl\u00e1 alebo skl\u00e1 s ochrannou f\u00f3liou.<\/li>\n<\/ul>\n<\/li>\n<li data-sourcepos=\"14:1-16:50\"><strong>Odolnos\u0165:<\/strong>\n<ul data-sourcepos=\"15:5-16:50\">\n<li data-sourcepos=\"15:5-15:97\">Utierka je vyroben\u00e1 z kvalitn\u00e9ho materi\u00e1lu, ktor\u00fd je odoln\u00fd vo\u010di opotrebeniu a chemik\u00e1li\u00e1m.<\/li>\n<li data-sourcepos=\"16:5-16:50\">Mo\u017eno ju pra\u0165 v pr\u00e1\u010dke a pou\u017e\u00edva\u0165 opakovane.<\/li>\n<\/ul>\n<\/li>\n<li data-sourcepos=\"17:1-19:69\"><strong>Univerz\u00e1lne pou\u017eitie:<\/strong>\n<ul data-sourcepos=\"18:5-19:69\">\n<li data-sourcepos=\"18:5-18:80\">Vhodn\u00e1 na \u010distenie autoskiel, okien, zrkadiel a in\u00fdch sklenen\u00fdch povrchov.<\/li>\n<li data-sourcepos=\"19:5-19:69\">Ide\u00e1lna pre profesion\u00e1lne detailingov\u00e9 pr\u00e1ce aj be\u017en\u00e9 \u010distenie.<\/li>\n<\/ul>\n<\/li>\n<li data-sourcepos=\"20:1-21:84\"><strong>Rozmer:<\/strong>\n<ul data-sourcepos=\"21:5-21:84\">\n<li data-sourcepos=\"21:5-21:84\">60 cm x 40 cm \u2013 ide\u00e1lna ve\u013ekos\u0165 pre pohodln\u00fa manipul\u00e1ciu a efekt\u00edvne \u010distenie.<\/li>\n<\/ul>\n<\/li>\n<li data-sourcepos=\"22:1-24:0\"><strong>Balenie:<\/strong>\n<ul data-sourcepos=\"23:5-24:0\">\n<li data-sourcepos=\"23:5-24:0\">Set obsahuje 2 kusy utierok.<\/li>\n<\/ul>\n<\/li>\n<\/ul>\n<p data-sourcepos=\"25:1-25:13\"><strong>Pou\u017eitie:<\/strong><\/p>\n<ul data-sourcepos=\"27:1-31:0\">\n<li data-sourcepos=\"27:1-27:53\">\u010cistenie autoskiel (interi\u00e9rov\u00fdch aj exteri\u00e9rov\u00fdch)<\/li>\n<li data-sourcepos=\"28:1-28:40\">\u010cistenie okien a zrkadiel v dom\u00e1cnosti<\/li>\n<li data-sourcepos=\"29:1-29:57\">\u010cistenie sklenen\u00fdch povrchov v kancel\u00e1ri\u00e1ch a obchodoch<\/li>\n<li data-sourcepos=\"30:1-31:0\">Profesion\u00e1lne detailingov\u00e9 pr\u00e1ce<\/li>\n<\/ul>\n<p data-sourcepos=\"32:1-32:24\"><strong>Technick\u00e9 parametre:<\/strong><\/p>\n<ul data-sourcepos=\"34:1-37:0\">\n<li data-sourcepos=\"34:1-34:23\">Materi\u00e1l: Mikrovl\u00e1kno<\/li>\n<li data-sourcepos=\"35:1-35:23\">Rozmer: 60 cm x 40 cm<\/li>\n<li data-sourcepos=\"36:1-37:0\">Balenie: 2 ks<\/li>\n<li data-sourcepos=\"36:1-37:0\">Gram\u00e1\u017e:\u00a0 230 g\/m\u00b2<\/li>\n<\/ul>\n<p data-sourcepos=\"38:1-38:139\">Koch Chemie Pro Glass Towel je\u00a0<strong>neocenite\u013en\u00fd pomocn\u00edk<\/strong>\u00a0pre ka\u017ed\u00e9ho, kto h\u013ead\u00e1 profesion\u00e1lnu utierku na \u010distenie skiel bez \u0161m\u00fah a ch\u013apkov.<\/p>\n","protected":false},"excerpt":{"rendered":"<p>Koch Chemie Pro Glass Towel je\u00a0profesion\u00e1lna utierka z mikrovl\u00e1kna, ktor\u00e1 je navrhnut\u00e1 \u0161peci\u00e1lne pre\u00a0dokonal\u00e9 \u010distenie skiel bez \u0161m\u00fah a ch\u013apkov. V\u010faka svojim\u00a0vynikaj\u00facim vlastnostiam\u00a0je ide\u00e1lna pre profesion\u00e1lov aj n\u00e1ro\u010dn\u00fdch nad\u0161encov autokozmetiky. K\u013e\u00fa\u010dov\u00e9 vlastnosti a v\u00fdhody: \u010cistenie bez \u0161m\u00fah a ch\u013apkov: \u0160peci\u00e1lna \u0161trukt\u00fara mikrovl\u00e1kna zais\u0165uje dokonal\u00e9 \u010distenie skiel bez zanechania \u0161m\u00fah a ch\u013apkov. Dosiahnete tak kri\u0161t\u00e1\u013eovo \u010dist\u00e9&hellip;<\/p>\n","protected":false},"featured_media":63085,"template":"","meta":{"inline_featured_image":false},"product_brand":[],"product_cat":[856,915,906,908],"product_tag":[],"class_list":{"0":"post-63084","1":"product","2":"type-product","3":"status-publish","4":"has-post-thumbnail","6":"product_cat-autokozmetika","7":"product_cat-cistice-interieru","8":"product_cat-lestiace-kotuce-a-handricky","9":"product_cat-prislusenstvo-kochchemie","10":"description-off","12":"first","13":"instock","14":"taxable","15":"shipping-taxable","16":"purchasable","17":"product-type-simple"},"_links":{"self":[{"href":"https:\/\/www.premacolors.sk\/eshop\/wp-json\/wp\/v2\/product\/63084","targetHints":{"allow":["GET"]}}],"collection":[{"href":"https:\/\/www.premacolors.sk\/eshop\/wp-json\/wp\/v2\/product"}],"about":[{"href":"https:\/\/www.premacolors.sk\/eshop\/wp-json\/wp\/v2\/types\/product"}],"wp:featuredmedia":[{"embeddable":true,"href":"https:\/\/www.premacolors.sk\/eshop\/wp-json\/wp\/v2\/media\/63085"}],"wp:attachment":[{"href":"https:\/\/www.premacolors.sk\/eshop\/wp-json\/wp\/v2\/media?parent=63084"}],"wp:term":[{"taxonomy":"product_brand","embeddable":true,"href":"https:\/\/www.premacolors.sk\/eshop\/wp-json\/wp\/v2\/product_brand?post=63084"},{"taxonomy":"product_cat","embeddable":true,"href":"https:\/\/www.premacolors.sk\/eshop\/wp-json\/wp\/v2\/product_cat?post=63084"},{"taxonomy":"product_tag","embeddable":true,"href":"https:\/\/www.premacolors.sk\/eshop\/wp-json\/wp\/v2\/product_tag?post=63084"}],"curies":[{"name":"wp","href":"https:\/\/api.w.org\/{rel}","templated":true}]}}