{"id":63082,"date":"2025-03-01T14:17:06","date_gmt":"2025-03-01T13:17:06","guid":{"rendered":"https:\/\/www.premacolors.sk\/eshop\/?post_type=product&#038;p=63082"},"modified":"2025-11-16T13:20:03","modified_gmt":"2025-11-16T12:20:03","slug":"kochchemie-allrounder-towel-40x40cm","status":"publish","type":"product","link":"https:\/\/www.premacolors.sk\/eshop\/produkt\/kochchemie-allrounder-towel-40x40cm\/","title":{"rendered":"KochChemie Allrounder towel 40x40cm"},"content":{"rendered":"<h3>Zelen\u00e1 mikrovl\u00e1knov\u00e1 utierka Koch Chemie Allrounder Towel<\/h3>\n<p>T\u00e1to utierka je ide\u00e1lna na v\u0161etky pr\u00e1ce spojen\u00e9 s profesion\u00e1lnou starostlivos\u0165ou o vozidlo. Je vhodn\u00e1 na pou\u017eitie v interi\u00e9ri a exteri\u00e9ri karos\u00e9rie vozidla.<\/p>\n<h3>Hlavn\u00e9 vlastnosti<\/h3>\n<ul>\n<li>Zlo\u017eenie: 80 % polyesterov\u00e9 mikrovl\u00e1kno + 20 % polyamidov\u00e9 mikrovl\u00e1kno.<\/li>\n<li>Hmotnos\u0165 v g\/m\u00b2: 270.<\/li>\n<li>Text\u00fara: osnovn\u00fd \u00faplet so zaoblen\u00fdmi rohmi.<\/li>\n<li>Ve\u013ekos\u0165: 40 \u00d7 40 cm.<\/li>\n<li>Farba: zelen\u00e1.<\/li>\n<\/ul>\n","protected":false},"excerpt":{"rendered":"<p>Zelen\u00e1 mikrovl\u00e1knov\u00e1 utierka Koch Chemie Allrounder Towel T\u00e1to utierka je ide\u00e1lna na v\u0161etky pr\u00e1ce spojen\u00e9 s profesion\u00e1lnou starostlivos\u0165ou o vozidlo. Je vhodn\u00e1 na pou\u017eitie v interi\u00e9ri a exteri\u00e9ri karos\u00e9rie vozidla. Hlavn\u00e9 vlastnosti Zlo\u017eenie: 80 % polyesterov\u00e9 mikrovl\u00e1kno + 20 % polyamidov\u00e9 mikrovl\u00e1kno. Hmotnos\u0165 v g\/m\u00b2: 270. Text\u00fara: osnovn\u00fd \u00faplet so zaoblen\u00fdmi rohmi. Ve\u013ekos\u0165: 40 \u00d7&hellip;<\/p>\n","protected":false},"featured_media":63083,"template":"","meta":{"inline_featured_image":false},"product_brand":[],"product_cat":[856,915,906,908],"product_tag":[],"class_list":{"0":"post-63082","1":"product","2":"type-product","3":"status-publish","4":"has-post-thumbnail","6":"product_cat-autokozmetika","7":"product_cat-cistice-interieru","8":"product_cat-lestiace-kotuce-a-handricky","9":"product_cat-prislusenstvo-kochchemie","10":"description-off","12":"first","13":"instock","14":"taxable","15":"shipping-taxable","16":"purchasable","17":"product-type-simple"},"_links":{"self":[{"href":"https:\/\/www.premacolors.sk\/eshop\/wp-json\/wp\/v2\/product\/63082","targetHints":{"allow":["GET"]}}],"collection":[{"href":"https:\/\/www.premacolors.sk\/eshop\/wp-json\/wp\/v2\/product"}],"about":[{"href":"https:\/\/www.premacolors.sk\/eshop\/wp-json\/wp\/v2\/types\/product"}],"wp:featuredmedia":[{"embeddable":true,"href":"https:\/\/www.premacolors.sk\/eshop\/wp-json\/wp\/v2\/media\/63083"}],"wp:attachment":[{"href":"https:\/\/www.premacolors.sk\/eshop\/wp-json\/wp\/v2\/media?parent=63082"}],"wp:term":[{"taxonomy":"product_brand","embeddable":true,"href":"https:\/\/www.premacolors.sk\/eshop\/wp-json\/wp\/v2\/product_brand?post=63082"},{"taxonomy":"product_cat","embeddable":true,"href":"https:\/\/www.premacolors.sk\/eshop\/wp-json\/wp\/v2\/product_cat?post=63082"},{"taxonomy":"product_tag","embeddable":true,"href":"https:\/\/www.premacolors.sk\/eshop\/wp-json\/wp\/v2\/product_tag?post=63082"}],"curies":[{"name":"wp","href":"https:\/\/api.w.org\/{rel}","templated":true}]}}