{"id":63078,"date":"2025-03-01T13:41:38","date_gmt":"2025-03-01T12:41:38","guid":{"rendered":"https:\/\/www.premacolors.sk\/eshop\/?post_type=product&#038;p=63078"},"modified":"2025-11-16T13:20:48","modified_gmt":"2025-11-16T12:20:48","slug":"kochchemie-coating-towel-40x40cm","status":"publish","type":"product","link":"https:\/\/www.premacolors.sk\/eshop\/produkt\/kochchemie-coating-towel-40x40cm\/","title":{"rendered":"KochChemie Coating towel 40x40cm"},"content":{"rendered":"<p><strong>Coating Towel<\/strong>\u00a0je optim\u00e1lna utierka na vyle\u0161tenie\/dole\u0161tenie konzerva\u010dn\u00fdch produktov(voskov; sealentov; keramick\u00fdch povrchov)<\/p>\n<ul>\n<li><strong>zlo\u017eenie:<\/strong>\u00a080% polyester + 20% polyamidov\u00e9 mikrovl\u00e1kno<\/li>\n<li><strong>hmotnos\u0165 v g\/m\u00b2:<\/strong>\u00a0300<\/li>\n<li><strong>kon\u0161trukcia:<\/strong>\u00a0osnovn\u00e1 pletenina<\/li>\n<li><strong>ve\u013ekos\u0165:<\/strong>\u00a040 \u00d7 40 cm<\/li>\n<li><strong>okraj:<\/strong>\u00a0ultrazvukom rezan\u00e1 hrana<\/li>\n<\/ul>\n","protected":false},"excerpt":{"rendered":"<p>Koch Chemie Coating Towel je\u00a0<strong>vysoko kvalitn\u00e1 le\u0161tiaca utierka z mikrovl\u00e1kna<\/strong>, ktor\u00e1 je navrhnut\u00e1 pre\u00a0<strong>dokonal\u00e9 le\u0161tenie laku vozidla<\/strong>. V\u010faka svojim\u00a0<strong>vynikaj\u00facim vlastnostiam<\/strong>\u00a0je ide\u00e1lna pre profesion\u00e1lov aj nad\u0161encov autokozmetiky, ktor\u00ed h\u013eadaj\u00fa kvalitn\u00fd n\u00e1stroj na le\u0161tenie voskov, sealantov a keramick\u00fdch povlakov.<\/p>\n<p data-sourcepos=\"3:1-3:32\"><strong>K\u013e\u00fa\u010dov\u00e9 vlastnosti a v\u00fdhody:<\/strong><\/p>\n<ul data-sourcepos=\"5:1-18:0\">\n<li data-sourcepos=\"5:1-7:53\"><strong>Jemn\u00e9 mikrovl\u00e1kno:<\/strong>\n<ul data-sourcepos=\"6:5-7:53\">\n<li data-sourcepos=\"6:5-6:65\">\u0160peci\u00e1lne navrhnut\u00e9 pre jemn\u00e9 le\u0161tenie bez po\u0161kodenia laku.<\/li>\n<li data-sourcepos=\"7:5-7:53\">Nezanech\u00e1va \u0161krabance a zais\u0165uje dokonal\u00fd lesk.<\/li>\n<\/ul>\n<\/li>\n<li data-sourcepos=\"8:1-10:38\"><strong>Vysok\u00e1 savos\u0165:<\/strong>\n<ul data-sourcepos=\"9:5-10:38\">\n<li data-sourcepos=\"9:5-9:75\">Efekt\u00edvne odstra\u0148uje zvy\u0161ky voskov, sealantov a keramick\u00fdch povlakov.<\/li>\n<li data-sourcepos=\"10:5-10:38\">Zanech\u00e1va povrch \u010dist\u00fd a leskl\u00fd.<\/li>\n<\/ul>\n<\/li>\n<li data-sourcepos=\"11:1-13:39\"><strong>Odoln\u00e1 kon\u0161trukcia:<\/strong>\n<ul data-sourcepos=\"12:5-13:39\">\n<li data-sourcepos=\"12:5-12:81\">Utierka je vyroben\u00e1 z kvalitn\u00fdch materi\u00e1lov, ktor\u00e9 zais\u0165uj\u00fa dlh\u00fa \u017eivotnos\u0165.<\/li>\n<li data-sourcepos=\"13:5-13:39\">Odoln\u00e1 vo\u010di opotrebeniu a praniu.<\/li>\n<\/ul>\n<\/li>\n<li data-sourcepos=\"14:1-18:0\"><strong>Univerz\u00e1lne pou\u017eitie:<\/strong>\n<ul data-sourcepos=\"15:5-18:0\">\n<li data-sourcepos=\"15:5-15:46\">Vhodn\u00e1 na le\u0161tenie v\u0161etk\u00fdch typov lakov.<\/li>\n<li data-sourcepos=\"16:5-16:67\">Ide\u00e1lna na le\u0161tenie voskov, sealantov a keramick\u00fdch povlakov.<\/li>\n<li data-sourcepos=\"17:5-18:0\">Vhodn\u00e1 pre profesion\u00e1lne aj dom\u00e1ce pou\u017eitie.<\/li>\n<\/ul>\n<\/li>\n<\/ul>\n<p data-sourcepos=\"19:1-19:13\"><strong>Pou\u017eitie:<\/strong><\/p>\n<ul data-sourcepos=\"21:1-25:0\">\n<li data-sourcepos=\"21:1-21:29\">Le\u0161tenie voskov a sealantov<\/li>\n<li data-sourcepos=\"22:1-22:31\">Le\u0161tenie keramick\u00fdch povlakov<\/li>\n<li data-sourcepos=\"23:1-23:24\">Detailn\u00e9 le\u0161tenie laku<\/li>\n<li data-sourcepos=\"24:1-25:0\">Odstra\u0148ovanie zvy\u0161kov le\u0161tiacich p\u00e1st<\/li>\n<\/ul>\n<p data-sourcepos=\"26:1-26:24\"><strong>Technick\u00e9 parametre:<\/strong><\/p>\n<ul data-sourcepos=\"28:1-31:0\">\n<li data-sourcepos=\"28:1-28:23\">Materi\u00e1l: 80% polyester + 20% polyamidov\u00e9 mikrovl\u00e1kno<\/li>\n<li data-sourcepos=\"29:1-29:18\">Rozmery: 40x40cm<\/li>\n<li data-sourcepos=\"29:1-29:18\">Hmotnos\u0165 v g\/m\u00b2: 300<\/li>\n<li data-sourcepos=\"29:1-29:18\">Kon\u0161trukcia: osnovn\u00e1 pletenina<\/li>\n<li data-sourcepos=\"29:1-29:18\">Okraj: ultrazvukom rezan\u00e1 hrana<\/li>\n<li data-sourcepos=\"30:1-31:0\">Farba: \u0161ed\u00e1<\/li>\n<\/ul>\n","protected":false},"featured_media":63079,"template":"","meta":{"inline_featured_image":false},"product_brand":[],"product_cat":[856,916,915,906,908,907],"product_tag":[],"class_list":{"0":"post-63078","1":"product","2":"type-product","3":"status-publish","4":"has-post-thumbnail","6":"product_cat-autokozmetika","7":"product_cat-cistice-exterieru-a-motoroveho-priestoru","8":"product_cat-cistice-interieru","9":"product_cat-lestiace-kotuce-a-handricky","10":"product_cat-prislusenstvo-kochchemie","11":"product_cat-rucne-lestenie","12":"description-off","14":"first","15":"instock","16":"taxable","17":"shipping-taxable","18":"purchasable","19":"product-type-simple"},"_links":{"self":[{"href":"https:\/\/www.premacolors.sk\/eshop\/wp-json\/wp\/v2\/product\/63078","targetHints":{"allow":["GET"]}}],"collection":[{"href":"https:\/\/www.premacolors.sk\/eshop\/wp-json\/wp\/v2\/product"}],"about":[{"href":"https:\/\/www.premacolors.sk\/eshop\/wp-json\/wp\/v2\/types\/product"}],"wp:featuredmedia":[{"embeddable":true,"href":"https:\/\/www.premacolors.sk\/eshop\/wp-json\/wp\/v2\/media\/63079"}],"wp:attachment":[{"href":"https:\/\/www.premacolors.sk\/eshop\/wp-json\/wp\/v2\/media?parent=63078"}],"wp:term":[{"taxonomy":"product_brand","embeddable":true,"href":"https:\/\/www.premacolors.sk\/eshop\/wp-json\/wp\/v2\/product_brand?post=63078"},{"taxonomy":"product_cat","embeddable":true,"href":"https:\/\/www.premacolors.sk\/eshop\/wp-json\/wp\/v2\/product_cat?post=63078"},{"taxonomy":"product_tag","embeddable":true,"href":"https:\/\/www.premacolors.sk\/eshop\/wp-json\/wp\/v2\/product_tag?post=63078"}],"curies":[{"name":"wp","href":"https:\/\/api.w.org\/{rel}","templated":true}]}}