{"id":63076,"date":"2025-03-01T13:39:48","date_gmt":"2025-03-01T12:39:48","guid":{"rendered":"https:\/\/www.premacolors.sk\/eshop\/?post_type=product&#038;p=63076"},"modified":"2025-11-16T13:21:30","modified_gmt":"2025-11-16T12:21:30","slug":"kochchemie-interior-scrubber","status":"publish","type":"product","link":"https:\/\/www.premacolors.sk\/eshop\/produkt\/kochchemie-interior-scrubber\/","title":{"rendered":"KochChemie Interior Scrubber"},"content":{"rendered":"<p>\u010cistiaca podlo\u017eka\u00a0<strong>Interior Scrubber<\/strong> je \u0161peci\u00e1lne navrhnut\u00e1 tak, aby \u013eahko odstr\u00e1nila odoln\u00fa \u0161pinu alebo \u0161kvrny bez po\u0161kodenia.<\/p>\n<p>Podlo\u017eka je vhodn\u00e1 na \u010distenie ko\u017ee, vinylu, plastov a text\u00edli\u00ed.<\/p>\n<p>Podlo\u017eku na \u010distenie interi\u00e9ru pou\u017e\u00edvajte v kombin\u00e1cii s \u010disti\u010dom interi\u00e9ru napr\u00edklad <strong>Pol STAR<\/strong>;\u00a0<strong>Green Star<\/strong>;\u00a0<strong>MZR.<\/strong><\/p>\n<p>\u010cistiaca podlo\u017eka je vyroben\u00e1 zo \u0161peci\u00e1lnej zmesi polyesteru a mikrovl\u00e1kna na odstr\u00e1nenie ne\u010dist\u00f4t zo v\u0161etk\u00fdch typov povrchov v interi\u00e9ri.<\/p>\n<p>\u010cistiaca podlo\u017eka m\u00e1 dve r\u00f4zne strany.<\/p>\n<p>Jedna strana m\u00e1 m\u00e4kk\u00e9 nylonov\u00e9 \u0161tetiny na \u010distenie povrchov.<\/p>\n<p>Druh\u00e1 strana m\u00e1 m\u00e4kk\u00fa stranu z mikrovl\u00e1kna, ktor\u00e1 absorbuje ne\u010distoty a zvy\u0161ky produktu.<\/p>\n<p>Vn\u00fatorn\u00e1 \u010distiaca podlo\u017eka je navy\u0161e mimoriadne odoln\u00e1.<\/p>\n<p>Bez n\u00e1mahy s n\u00edm vy\u010dist\u00edte ve\u013ek\u00e9 mno\u017estvo \u00e1ut!<\/p>\n<p>&nbsp;<\/p>\n<h3>Ako \u010disti\u0165 interi\u00e9r pomocou \u010distiacej podlo\u017eky Interior Scrubber?<\/h3>\n<ol>\n<li>Na bielu stranu \u010distiacej podlo\u017eky nastriekajte svoj ob\u013e\u00faben\u00fd \u010disti\u010d interi\u00e9ru.<\/li>\n<li>Produkt zapracujte do povrchu bez pr\u00edli\u0161n\u00e9ho tlaku.<\/li>\n<li>Odstr\u00e1\u0148te ne\u010distoty a zvy\u0161ky produktu druhou stranou z mikrovl\u00e1kna alebo \u010distou\u00a0<strong>handri\u010dkou z mikrovl\u00e1kna\u00a0.<\/strong><\/li>\n<\/ol>\n<h3>Ako vy\u010disti\u0165 Scrubber po pou\u017eit\u00ed?<\/h3>\n<ol>\n<li>Po pou\u017eit\u00ed podlo\u017eku dobre opl\u00e1chnite vodou.<\/li>\n<li>Potom nechajte vyschn\u00fa\u0165.<\/li>\n<\/ol>\n<h3>Vlastnosti podlo\u017eky interior scrubber<\/h3>\n<ul>\n<li>Vynikaj\u00face v\u00fdsledky na rozdiel od \u0161tandardn\u00fdch interi\u00e9rov\u00fdch kefiek alebo \u0161pongi\u00ed.<\/li>\n<li>Obojstrann\u00e9: jedna strana s m\u00e4kk\u00fdmi nylonov\u00fdmi \u0161tetinami; druh\u00e1 strana s m\u00e4kk\u00fdm mikrovl\u00e1knom.<\/li>\n<li>Ve\u013emi odoln\u00fd; dlho vydr\u017e\u00ed.<\/li>\n<li>Vhodn\u00e9 aj na \u010distenie obuvi; kuch\u00fd\u0148 a pod.<\/li>\n<li>Rozmery: 13 x 8 cm<\/li>\n<\/ul>\n<p><strong>Upozornenie:<\/strong><\/p>\n<ul>\n<li>Nepou\u017e\u00edvajte na citliv\u00e9 povrchy; ako klav\u00edrne laky alebo displeje.<\/li>\n<li>Pred pou\u017eit\u00edm otestujte kompatibilitu materi\u00e1lu.<\/li>\n<li>Podlo\u017eku vyperte \u010distou vodou a nechajte uschn\u00fa\u0165;\u00a0<strong>neperte v pr\u00e1\u010dke.<\/strong><\/li>\n<\/ul>\n","protected":false},"excerpt":{"rendered":"<p>\u010cistiaca podlo\u017eka\u00a0Interior Scrubber je \u0161peci\u00e1lne navrhnut\u00e1 tak, aby \u013eahko odstr\u00e1nila odoln\u00fa \u0161pinu alebo \u0161kvrny bez po\u0161kodenia. Podlo\u017eka je vhodn\u00e1 na \u010distenie ko\u017ee, vinylu, plastov a text\u00edli\u00ed. Podlo\u017eku na \u010distenie interi\u00e9ru pou\u017e\u00edvajte v kombin\u00e1cii s \u010disti\u010dom interi\u00e9ru napr\u00edklad Pol STAR;\u00a0Green Star;\u00a0MZR. \u010cistiaca podlo\u017eka je vyroben\u00e1 zo \u0161peci\u00e1lnej zmesi polyesteru a mikrovl\u00e1kna na odstr\u00e1nenie ne\u010dist\u00f4t zo v\u0161etk\u00fdch&hellip;<\/p>\n","protected":false},"featured_media":63077,"template":"","meta":{"inline_featured_image":false},"product_brand":[],"product_cat":[915,908],"product_tag":[],"class_list":{"0":"post-63076","1":"product","2":"type-product","3":"status-publish","4":"has-post-thumbnail","6":"product_cat-cistice-interieru","7":"product_cat-prislusenstvo-kochchemie","8":"description-off","10":"first","11":"instock","12":"taxable","13":"shipping-taxable","14":"purchasable","15":"product-type-simple"},"_links":{"self":[{"href":"https:\/\/www.premacolors.sk\/eshop\/wp-json\/wp\/v2\/product\/63076","targetHints":{"allow":["GET"]}}],"collection":[{"href":"https:\/\/www.premacolors.sk\/eshop\/wp-json\/wp\/v2\/product"}],"about":[{"href":"https:\/\/www.premacolors.sk\/eshop\/wp-json\/wp\/v2\/types\/product"}],"wp:featuredmedia":[{"embeddable":true,"href":"https:\/\/www.premacolors.sk\/eshop\/wp-json\/wp\/v2\/media\/63077"}],"wp:attachment":[{"href":"https:\/\/www.premacolors.sk\/eshop\/wp-json\/wp\/v2\/media?parent=63076"}],"wp:term":[{"taxonomy":"product_brand","embeddable":true,"href":"https:\/\/www.premacolors.sk\/eshop\/wp-json\/wp\/v2\/product_brand?post=63076"},{"taxonomy":"product_cat","embeddable":true,"href":"https:\/\/www.premacolors.sk\/eshop\/wp-json\/wp\/v2\/product_cat?post=63076"},{"taxonomy":"product_tag","embeddable":true,"href":"https:\/\/www.premacolors.sk\/eshop\/wp-json\/wp\/v2\/product_tag?post=63076"}],"curies":[{"name":"wp","href":"https:\/\/api.w.org\/{rel}","templated":true}]}}