{"id":63072,"date":"2025-03-01T13:34:36","date_gmt":"2025-03-01T12:34:36","guid":{"rendered":"https:\/\/www.premacolors.sk\/eshop\/?post_type=product&#038;p=63072"},"modified":"2025-11-16T13:22:27","modified_gmt":"2025-11-16T12:22:27","slug":"kochchemie-polishsealing-towel","status":"publish","type":"product","link":"https:\/\/www.premacolors.sk\/eshop\/produkt\/kochchemie-polishsealing-towel\/","title":{"rendered":"KochChemie Polish&#038;Sealing Towel"},"content":{"rendered":"<p class=\"p1\">Koch Chemie Polish&amp;Sealing Towel je\u00a0<strong>profesion\u00e1lna mikrovl\u00e1knov\u00e1 utierka<\/strong>, ktor\u00e1 je navrhnut\u00e1 pre\u00a0<strong>dokonal\u00e9 le\u0161tenie a aplik\u00e1ciu sealantov<\/strong>.<\/p>\n<p class=\"p1\">V\u010faka svojim\u00a0<strong>vynikaj\u00facim vlastnostiam<\/strong>\u00a0je ide\u00e1lna pre profesion\u00e1lov aj n\u00e1ro\u010dn\u00fdch nad\u0161encov autokozmetiky.<\/p>\n<p data-sourcepos=\"3:1-3:32\"><strong>K\u013e\u00fa\u010dov\u00e9 vlastnosti a v\u00fdhody:<\/strong><\/p>\n<ul data-sourcepos=\"5:1-21:0\">\n<li data-sourcepos=\"5:1-7:57\"><strong>Rezan\u00e1 ultrazvukom:<\/strong>\n<ul data-sourcepos=\"6:5-7:57\">\n<li data-sourcepos=\"6:5-6:109\">Technol\u00f3gia rezania ultrazvukom zais\u0165uje, \u017ee okraje utierky s\u00fa jemn\u00e9 a nezanech\u00e1vaj\u00fa \u0161krabance na laku.<\/li>\n<li data-sourcepos=\"7:5-7:57\">Zvy\u0161uje odolnos\u0165 utierky a predl\u017euje jej \u017eivotnos\u0165.<\/li>\n<\/ul>\n<\/li>\n<li data-sourcepos=\"8:1-10:40\"><strong>Vysok\u00e1 savos\u0165:<\/strong>\n<ul data-sourcepos=\"9:5-10:40\">\n<li data-sourcepos=\"9:5-9:93\">V\u010faka kvalitn\u00e9mu mikrovl\u00e1knu utierka absorbuje ve\u013ek\u00e9 mno\u017estvo zvy\u0161kov p\u00e1st a sealantov.<\/li>\n<li data-sourcepos=\"10:5-10:40\">Zanech\u00e1va povrch such\u00fd a bez \u0161m\u00fah.<\/li>\n<\/ul>\n<\/li>\n<li data-sourcepos=\"11:1-13:32\"><strong>Jemnos\u0165:<\/strong>\n<ul data-sourcepos=\"12:5-13:32\">\n<li data-sourcepos=\"12:5-12:71\">Extra jemn\u00e9 mikrovl\u00e1kno je \u0161etrn\u00e9 k laku a nezanech\u00e1va \u0161krabance.<\/li>\n<li data-sourcepos=\"13:5-13:32\">Vhodn\u00e1 aj na citliv\u00e9 laky.<\/li>\n<\/ul>\n<\/li>\n<li data-sourcepos=\"14:1-16:51\"><strong>Univerz\u00e1lne pou\u017eitie:<\/strong>\n<ul data-sourcepos=\"15:5-16:51\">\n<li data-sourcepos=\"15:5-15:60\">Vhodn\u00e1 na le\u0161tenie laku, aplik\u00e1ciu voskov a sealantov.<\/li>\n<li data-sourcepos=\"16:5-16:51\">Ide\u00e1lna pre profesion\u00e1lne detailingov\u00e9 pr\u00e1ce.<\/li>\n<\/ul>\n<\/li>\n<li data-sourcepos=\"17:1-18:63\"><strong>Rozmer:<\/strong>\n<ul data-sourcepos=\"18:5-18:63\">\n<li data-sourcepos=\"18:5-18:63\">40 cm x 40 cm \u2013 ide\u00e1lna ve\u013ekos\u0165 pre pohodln\u00fa manipul\u00e1ciu.<\/li>\n<\/ul>\n<\/li>\n<li data-sourcepos=\"19:1-21:0\"><strong>Farba:<\/strong>\n<ul data-sourcepos=\"20:5-21:0\">\n<li data-sourcepos=\"20:5-21:0\">Modr\u00e1 \u2013 praktick\u00e1 farba, na ktorej s\u00fa menej vidite\u013en\u00e9 ne\u010distoty.<\/li>\n<\/ul>\n<\/li>\n<\/ul>\n<p data-sourcepos=\"22:1-22:13\"><strong>Pou\u017eitie:<\/strong><\/p>\n<ul data-sourcepos=\"24:1-28:0\">\n<li data-sourcepos=\"24:1-24:42\">Le\u0161tenie laku po pou\u017eit\u00ed le\u0161tiacich p\u00e1st<\/li>\n<li data-sourcepos=\"25:1-25:30\">Aplik\u00e1cia voskov a sealantov<\/li>\n<li data-sourcepos=\"26:1-26:40\">Odstra\u0148ovanie zvy\u0161kov p\u00e1st a sealantov<\/li>\n<li data-sourcepos=\"27:1-28:0\">Profesion\u00e1lne detailingov\u00e9 pr\u00e1ce<\/li>\n<\/ul>\n<p data-sourcepos=\"29:1-29:24\"><strong>Technick\u00e9 parametre:<\/strong><\/p>\n<ul data-sourcepos=\"31:1-34:0\">\n<li data-sourcepos=\"31:1-31:23\">Materi\u00e1l: 80% polyesterov\u00e9 mikrovl\u00e1kno + 20% polyamidov\u00e9 mikrovl\u00e1kno<\/li>\n<li data-sourcepos=\"32:1-32:23\">Rozmer: 40 cm x 40 cm<\/li>\n<li>Hmotnos\u0165 v g\/m\u00b2: 520<\/li>\n<li>Kon\u0161trukcia: osnovn\u00e1 pletenina<\/li>\n<li>Okraj: ultrazvukom rezan\u00e1 hrana<\/li>\n<\/ul>\n<p data-sourcepos=\"35:1-35:169\">Koch Chemie Polish&amp;Sealing Towel je\u00a0<strong>neocenite\u013en\u00fd pomocn\u00edk<\/strong>\u00a0pre ka\u017ed\u00e9ho, kto h\u013ead\u00e1 profesion\u00e1lnu mikrovl\u00e1knov\u00fa utierku pre dokonal\u00e9 le\u0161tenie a aplik\u00e1ciu sealantov.<\/p>\n","protected":false},"excerpt":{"rendered":"<p>Koch Chemie Polish&amp;Sealing Towel je\u00a0profesion\u00e1lna mikrovl\u00e1knov\u00e1 utierka, ktor\u00e1 je navrhnut\u00e1 pre\u00a0dokonal\u00e9 le\u0161tenie a aplik\u00e1ciu sealantov. V\u010faka svojim\u00a0vynikaj\u00facim vlastnostiam\u00a0je ide\u00e1lna pre profesion\u00e1lov aj n\u00e1ro\u010dn\u00fdch nad\u0161encov autokozmetiky. K\u013e\u00fa\u010dov\u00e9 vlastnosti a v\u00fdhody: Rezan\u00e1 ultrazvukom: Technol\u00f3gia rezania ultrazvukom zais\u0165uje, \u017ee okraje utierky s\u00fa jemn\u00e9 a nezanech\u00e1vaj\u00fa \u0161krabance na laku. Zvy\u0161uje odolnos\u0165 utierky a predl\u017euje jej \u017eivotnos\u0165. Vysok\u00e1 savos\u0165: V\u010faka&hellip;<\/p>\n","protected":false},"featured_media":63073,"template":"","meta":{"inline_featured_image":false},"product_brand":[],"product_cat":[856,916,915,906,908,907],"product_tag":[],"class_list":{"0":"post-63072","1":"product","2":"type-product","3":"status-publish","4":"has-post-thumbnail","6":"product_cat-autokozmetika","7":"product_cat-cistice-exterieru-a-motoroveho-priestoru","8":"product_cat-cistice-interieru","9":"product_cat-lestiace-kotuce-a-handricky","10":"product_cat-prislusenstvo-kochchemie","11":"product_cat-rucne-lestenie","12":"description-off","14":"first","15":"instock","16":"taxable","17":"shipping-taxable","18":"purchasable","19":"product-type-simple"},"_links":{"self":[{"href":"https:\/\/www.premacolors.sk\/eshop\/wp-json\/wp\/v2\/product\/63072","targetHints":{"allow":["GET"]}}],"collection":[{"href":"https:\/\/www.premacolors.sk\/eshop\/wp-json\/wp\/v2\/product"}],"about":[{"href":"https:\/\/www.premacolors.sk\/eshop\/wp-json\/wp\/v2\/types\/product"}],"wp:featuredmedia":[{"embeddable":true,"href":"https:\/\/www.premacolors.sk\/eshop\/wp-json\/wp\/v2\/media\/63073"}],"wp:attachment":[{"href":"https:\/\/www.premacolors.sk\/eshop\/wp-json\/wp\/v2\/media?parent=63072"}],"wp:term":[{"taxonomy":"product_brand","embeddable":true,"href":"https:\/\/www.premacolors.sk\/eshop\/wp-json\/wp\/v2\/product_brand?post=63072"},{"taxonomy":"product_cat","embeddable":true,"href":"https:\/\/www.premacolors.sk\/eshop\/wp-json\/wp\/v2\/product_cat?post=63072"},{"taxonomy":"product_tag","embeddable":true,"href":"https:\/\/www.premacolors.sk\/eshop\/wp-json\/wp\/v2\/product_tag?post=63072"}],"curies":[{"name":"wp","href":"https:\/\/api.w.org\/{rel}","templated":true}]}}