{"id":63070,"date":"2025-03-01T13:32:10","date_gmt":"2025-03-01T12:32:10","guid":{"rendered":"https:\/\/www.premacolors.sk\/eshop\/?post_type=product&#038;p=63070"},"modified":"2025-09-21T20:41:22","modified_gmt":"2025-09-21T18:41:22","slug":"kochchemie-foamer-bottle-150ml","status":"publish","type":"product","link":"https:\/\/www.premacolors.sk\/eshop\/produkt\/kochchemie-foamer-bottle-150ml\/","title":{"rendered":"KochChemie Foamer Bottle 150ml"},"content":{"rendered":"<p><span class=\"VIiyi\" lang=\"sk\"><span class=\"JLqJ4b ChMk0b\" data-language-for-alternatives=\"sk\" data-language-to-translate-into=\"cs\" data-phrase-index=\"0\" data-number-of-phrases=\"3\"><span class=\"Q4iAWc\">Praktick\u00fd d\u00e1vkova\u010d peny s objemom 150 ml je vhodn\u00fd najm\u00e4 na \u010dasovo nen\u00e1ro\u010dn\u00e9 a efekt\u00edvne pou\u017eitie \u010distiacich prostriedkov, napr. Pol Star.<\/span><\/span>\u00a0<\/span><\/p>\n<p><span class=\"VIiyi\" lang=\"sk\"><span class=\"JLqJ4b ChMk0b\" data-language-for-alternatives=\"sk\" data-language-to-translate-into=\"cs\" data-phrase-index=\"1\" data-number-of-phrases=\"3\"><span class=\"Q4iAWc\">Tento d\u00e1vkova\u010d peny vytv\u00e1ra such\u00fa, objemn\u00fa penu.<\/span><\/span>\u00a0<\/span><\/p>\n<p><span class=\"VIiyi\" lang=\"sk\"><span class=\"JLqJ4b ChMk0b\" data-language-for-alternatives=\"sk\" data-language-to-translate-into=\"cs\" data-phrase-index=\"2\" data-number-of-phrases=\"3\"><span class=\"Q4iAWc\">Objemov\u00e1 a riediaca stupnica sl\u00fa\u017ei na naridenie prostriedku v optim\u00e1lnom pomere.<\/span><\/span><\/span><\/p>\n<p><strong>Oblas\u0165 pou\u017eitia :\u00a0<\/strong><span class=\"VIiyi\" lang=\"sk\"><span class=\"JLqJ4b ChMk0b\" data-language-for-alternatives=\"sk\" data-language-to-translate-into=\"cs\" data-phrase-index=\"0\" data-number-of-phrases=\"2\"><span class=\"Q4iAWc\">Odpor\u00fa\u010da sa na pou\u017eitie v interi\u00e9ri .<\/span><\/span>\u00a0<\/span><\/p>\n<p><span class=\"VIiyi\" lang=\"sk\"><span class=\"JLqJ4b ChMk0b\" data-language-for-alternatives=\"sk\" data-language-to-translate-into=\"cs\" data-phrase-index=\"1\" data-number-of-phrases=\"2\"><span class=\"Q4iAWc\">Obzvl\u00e1\u0161\u0165 vhodn\u00e9 na ko\u017eu a textil.<\/span><\/span><\/span><\/p>\n<p>&nbsp;<\/p>\n<p><strong>N\u00e1vod na pou\u017eitie :\u00a0<\/strong><span class=\"VIiyi\" lang=\"sk\"><span class=\"JLqJ4b ChMk0b\" data-language-for-alternatives=\"sk\" data-language-to-translate-into=\"cs\" data-phrase-index=\"0\" data-number-of-phrases=\"2\"><span class=\"Q4iAWc\">Penu naneste priamo na \u0161tetec \/ handri\u010dku \/ \u0161pongiu.<\/span><\/span>\u00a0<span class=\"JLqJ4b ChMk0b\" data-language-for-alternatives=\"sk\" data-language-to-translate-into=\"cs\" data-phrase-index=\"1\" data-number-of-phrases=\"2\"><span class=\"Q4iAWc\">Vhodn\u00e9 pre neutr\u00e1lne a\u017e mierne alkalick\u00e9 \u010disti\u010de.<\/span><\/span><\/span><\/p>\n","protected":false},"excerpt":{"rendered":"<p>Praktick\u00fd d\u00e1vkova\u010d peny s objemom 150 ml je vhodn\u00fd najm\u00e4 na \u010dasovo nen\u00e1ro\u010dn\u00e9 a efekt\u00edvne pou\u017eitie \u010distiacich prostriedkov, napr. Pol Star.\u00a0 Tento d\u00e1vkova\u010d peny vytv\u00e1ra such\u00fa, objemn\u00fa penu.\u00a0 Objemov\u00e1 a riediaca stupnica sl\u00fa\u017ei na naridenie prostriedku v optim\u00e1lnom pomere. Oblas\u0165 pou\u017eitia :\u00a0Odpor\u00fa\u010da sa na pou\u017eitie v interi\u00e9ri .\u00a0 Obzvl\u00e1\u0161\u0165 vhodn\u00e9 na ko\u017eu a textil. &nbsp;&hellip;<\/p>\n","protected":false},"featured_media":63071,"template":"","meta":{"inline_featured_image":false},"product_brand":[],"product_cat":[915,908],"product_tag":[],"class_list":{"0":"post-63070","1":"product","2":"type-product","3":"status-publish","4":"has-post-thumbnail","6":"product_cat-cistice-interieru","7":"product_cat-prislusenstvo-kochchemie","8":"description-off","10":"first","11":"instock","12":"taxable","13":"shipping-taxable","14":"purchasable","15":"product-type-simple"},"_links":{"self":[{"href":"https:\/\/www.premacolors.sk\/eshop\/wp-json\/wp\/v2\/product\/63070","targetHints":{"allow":["GET"]}}],"collection":[{"href":"https:\/\/www.premacolors.sk\/eshop\/wp-json\/wp\/v2\/product"}],"about":[{"href":"https:\/\/www.premacolors.sk\/eshop\/wp-json\/wp\/v2\/types\/product"}],"wp:featuredmedia":[{"embeddable":true,"href":"https:\/\/www.premacolors.sk\/eshop\/wp-json\/wp\/v2\/media\/63071"}],"wp:attachment":[{"href":"https:\/\/www.premacolors.sk\/eshop\/wp-json\/wp\/v2\/media?parent=63070"}],"wp:term":[{"taxonomy":"product_brand","embeddable":true,"href":"https:\/\/www.premacolors.sk\/eshop\/wp-json\/wp\/v2\/product_brand?post=63070"},{"taxonomy":"product_cat","embeddable":true,"href":"https:\/\/www.premacolors.sk\/eshop\/wp-json\/wp\/v2\/product_cat?post=63070"},{"taxonomy":"product_tag","embeddable":true,"href":"https:\/\/www.premacolors.sk\/eshop\/wp-json\/wp\/v2\/product_tag?post=63070"}],"curies":[{"name":"wp","href":"https:\/\/api.w.org\/{rel}","templated":true}]}}