{"id":63064,"date":"2025-03-01T13:25:53","date_gmt":"2025-03-01T12:25:53","guid":{"rendered":"https:\/\/www.premacolors.sk\/eshop\/?post_type=product&#038;p=63064"},"modified":"2025-11-16T13:24:02","modified_gmt":"2025-11-16T12:24:02","slug":"kochchemie-rozprasovacia-hlava-star","status":"publish","type":"product","link":"https:\/\/www.premacolors.sk\/eshop\/produkt\/kochchemie-rozprasovacia-hlava-star\/","title":{"rendered":"KochChemie Rozpra\u0161ovacia hlava Star"},"content":{"rendered":"<h2><strong>Rozpra\u0161ovacia hlava so stredn\u00fdm zdvihom (1;2 ml).<\/strong><\/h2>\n<h2><strong>Individu\u00e1lne nastavite\u013en\u00e1 od bodov\u00e9ho l\u00fa\u010da a\u017e po rozpra\u0161ovanou hmlu.<\/strong><\/h2>\n<h2><strong>Kompatibiln\u00e9 s valcovou f\u013ea\u0161ou 1 liter.<\/strong><\/h2>\n<h2><strong>Z\u00e1vit:\u00a028\/400.<\/strong><\/h2>\n","protected":false},"excerpt":{"rendered":"<p>Rozpra\u0161ovacia hlava so stredn\u00fdm zdvihom (1;2 ml). Individu\u00e1lne nastavite\u013en\u00e1 od bodov\u00e9ho l\u00fa\u010da a\u017e po rozpra\u0161ovanou hmlu. Kompatibiln\u00e9 s valcovou f\u013ea\u0161ou 1 liter. Z\u00e1vit:\u00a028\/400.<\/p>\n","protected":false},"featured_media":63065,"template":"","meta":{"inline_featured_image":false},"product_brand":[],"product_cat":[916,908],"product_tag":[],"class_list":{"0":"post-63064","1":"product","2":"type-product","3":"status-publish","4":"has-post-thumbnail","6":"product_cat-cistice-exterieru-a-motoroveho-priestoru","7":"product_cat-prislusenstvo-kochchemie","8":"description-off","10":"first","11":"instock","12":"taxable","13":"shipping-taxable","14":"purchasable","15":"product-type-simple"},"_links":{"self":[{"href":"https:\/\/www.premacolors.sk\/eshop\/wp-json\/wp\/v2\/product\/63064","targetHints":{"allow":["GET"]}}],"collection":[{"href":"https:\/\/www.premacolors.sk\/eshop\/wp-json\/wp\/v2\/product"}],"about":[{"href":"https:\/\/www.premacolors.sk\/eshop\/wp-json\/wp\/v2\/types\/product"}],"wp:featuredmedia":[{"embeddable":true,"href":"https:\/\/www.premacolors.sk\/eshop\/wp-json\/wp\/v2\/media\/63065"}],"wp:attachment":[{"href":"https:\/\/www.premacolors.sk\/eshop\/wp-json\/wp\/v2\/media?parent=63064"}],"wp:term":[{"taxonomy":"product_brand","embeddable":true,"href":"https:\/\/www.premacolors.sk\/eshop\/wp-json\/wp\/v2\/product_brand?post=63064"},{"taxonomy":"product_cat","embeddable":true,"href":"https:\/\/www.premacolors.sk\/eshop\/wp-json\/wp\/v2\/product_cat?post=63064"},{"taxonomy":"product_tag","embeddable":true,"href":"https:\/\/www.premacolors.sk\/eshop\/wp-json\/wp\/v2\/product_tag?post=63064"}],"curies":[{"name":"wp","href":"https:\/\/api.w.org\/{rel}","templated":true}]}}