{"id":63060,"date":"2025-03-01T13:22:06","date_gmt":"2025-03-01T12:22:06","guid":{"rendered":"https:\/\/www.premacolors.sk\/eshop\/?post_type=product&#038;p=63060"},"modified":"2025-11-16T13:24:42","modified_gmt":"2025-11-16T12:24:42","slug":"kochchemie-hubka","status":"publish","type":"product","link":"https:\/\/www.premacolors.sk\/eshop\/produkt\/kochchemie-hubka\/","title":{"rendered":"KochChemie Hubka"},"content":{"rendered":"<h2><strong>Praktick\u00e1, m\u00e4kk\u00e1 \u0161pongia na nan\u00e1\u0161anie prostriedkov na o\u0161etrenie plastov, gumov\u00fdch a ko\u017een\u00fdch \u010dast\u00ed a pod.<\/strong><\/h2>\n<h2><strong>Ako aj pre manu\u00e1lne spracovanie ochrann\u00fdch povlakov, voskov, sealentov napr. 1K-Nano\u00a0(1K).<\/strong><\/h2>\n<h2><strong>Rozmer\u00a0: 12 x 10 x 5 cm<\/strong><\/h2>\n","protected":false},"excerpt":{"rendered":"<p>Praktick\u00e1, m\u00e4kk\u00e1 \u0161pongia na nan\u00e1\u0161anie prostriedkov na o\u0161etrenie plastov, gumov\u00fdch a ko\u017een\u00fdch \u010dast\u00ed a pod. Ako aj pre manu\u00e1lne spracovanie ochrann\u00fdch povlakov, voskov, sealentov napr. 1K-Nano\u00a0(1K). Rozmer\u00a0: 12 x 10 x 5 cm<\/p>\n","protected":false},"featured_media":63061,"template":"","meta":{"inline_featured_image":false},"product_brand":[],"product_cat":[856,916,915,908],"product_tag":[],"class_list":{"0":"post-63060","1":"product","2":"type-product","3":"status-publish","4":"has-post-thumbnail","6":"product_cat-autokozmetika","7":"product_cat-cistice-exterieru-a-motoroveho-priestoru","8":"product_cat-cistice-interieru","9":"product_cat-prislusenstvo-kochchemie","10":"description-off","12":"first","13":"instock","14":"taxable","15":"shipping-taxable","16":"purchasable","17":"product-type-simple"},"_links":{"self":[{"href":"https:\/\/www.premacolors.sk\/eshop\/wp-json\/wp\/v2\/product\/63060","targetHints":{"allow":["GET"]}}],"collection":[{"href":"https:\/\/www.premacolors.sk\/eshop\/wp-json\/wp\/v2\/product"}],"about":[{"href":"https:\/\/www.premacolors.sk\/eshop\/wp-json\/wp\/v2\/types\/product"}],"wp:featuredmedia":[{"embeddable":true,"href":"https:\/\/www.premacolors.sk\/eshop\/wp-json\/wp\/v2\/media\/63061"}],"wp:attachment":[{"href":"https:\/\/www.premacolors.sk\/eshop\/wp-json\/wp\/v2\/media?parent=63060"}],"wp:term":[{"taxonomy":"product_brand","embeddable":true,"href":"https:\/\/www.premacolors.sk\/eshop\/wp-json\/wp\/v2\/product_brand?post=63060"},{"taxonomy":"product_cat","embeddable":true,"href":"https:\/\/www.premacolors.sk\/eshop\/wp-json\/wp\/v2\/product_cat?post=63060"},{"taxonomy":"product_tag","embeddable":true,"href":"https:\/\/www.premacolors.sk\/eshop\/wp-json\/wp\/v2\/product_tag?post=63060"}],"curies":[{"name":"wp","href":"https:\/\/api.w.org\/{rel}","templated":true}]}}