{"id":63058,"date":"2025-03-01T13:19:35","date_gmt":"2025-03-01T12:19:35","guid":{"rendered":"https:\/\/www.premacolors.sk\/eshop\/?post_type=product&#038;p=63058"},"modified":"2025-11-16T13:25:04","modified_gmt":"2025-11-16T12:25:04","slug":"kochchemie-protectorwax-pw-1l","status":"publish","type":"product","link":"https:\/\/www.premacolors.sk\/eshop\/produkt\/kochchemie-protectorwax-pw-1l\/","title":{"rendered":"KochChemie ProtectorWax Pw 1L"},"content":{"rendered":"<h3>Pr\u00e9miov\u00fd konzerva\u010dn\u00fd vosk<\/h3>\n<p class=\"p1\">Vysok\u00fd lesk, vodoodpudiv\u00fd efekt a intenz\u00edvna ochrana Inovat\u00edvny pr\u00e9miov\u00fd konzerva\u010dn\u00fd vosk nastavuje nov\u00e9 \u0161tandardy vo veciach ochrany, odolnosti, extr\u00e9mne hlbok\u00e9ho lesku, dlhodobej hydrof\u00f3bnosti (vodoodpudiv\u00fd efekt) \u00fa\u010dinku &#8220;easy to clean&#8221; povrchu jemn\u00e9ho na dotyk a vys\u00fa\u0161anie vozidiel bez vytv\u00e1rania mikroperli\u010dek.<\/p>\n<p class=\"p1\">Pri pravidelnom pou\u017e\u00edvan\u00ed sa zvy\u0161uje ochrann\u00fd \u00fa\u010dinok lesku, jemn\u00e9 \u0161krabance sa zakryj\u00fa a impregnuj\u00fa sa v\u0161etky gumov\u00e9 a plastov\u00e9 diely, ako aj materi\u00e1ly striech kabrioletov a zabra\u0148uje sa tak vyblednutiu a skrehnutie.<\/p>\n<p class=\"p1\">ProtectorWax tak rozhoduj\u00facim sp\u00f4sobom prispieva k zachovaniu hodnoty vozidiel.<\/p>\n<p class=\"p1\">Mo\u017eno ho pou\u017ei\u0165 ako hor\u00faci, studen\u00fd a penov\u00fd vosk (strojovo a ru\u010dne).<\/p>\n<p class=\"p1\">\u0160peci\u00e1lny vonn\u00e9 l\u00e1tky sa staraj\u00fa o pr\u00edjemn\u00fa ovocn\u00fa v\u00f4\u0148u.<\/p>\n<p class=\"p1\">Neobsahuje miner\u00e1lne uh\u013eovod\u00edky z miner\u00e1lnych olejov.<\/p>\n<p class=\"p1\">Trieda A v zhode s VDA.<\/p>\n<h3><\/h3>\n<h3 class=\"p1\"><b>Pou\u017eitie :<\/b><\/h3>\n<p class=\"p2\">Pomocou d\u00e1vkovacej pumpi\u010dky naneste bez riedenia v pomere a\u017e 1: 2.<\/p>\n<p class=\"p2\"><strong>Odpor\u00fa\u010dan\u00e1 spotreba na osobn\u00fd automobil:<\/strong><\/p>\n<p class=\"p2\"><strong>Hor\u00faci vosk \/ studen\u00fd vosk:<\/strong>\u00a013-19 ml.<\/p>\n<p class=\"p2\"><strong>Penov\u00fd vosk:<\/strong>\u00a013-19 ml.<\/p>\n<p class=\"p2\"><strong>Pr\u00e9miov\u00fd vosk:<\/strong>\u00a016-23 ml. Trieda A v zhode s VDA.<\/p>\n<p>&nbsp;<\/p>\n<p class=\"p2\"><strong>Manu\u00e1lne pou\u017eitie:<\/strong> Pou\u017eite cca 30 ml ProtectorWax na 1 l vody a rozpra\u0161ova\u010dom peny alebo in\u00fdm rozpra\u0161ova\u010dom na vy\u010disten\u00fd, e\u0161te mokr\u00fd voz a nechajte kr\u00e1tko p\u00f4sobi\u0165.<\/p>\n<p class=\"p2\">Produkt pomocou vysokotlakov\u00e9ho \u010disti\u010da opl\u00e1chnite,\u00a0aby ste zabr\u00e1nili \u0161kvrn\u00e1m.<\/p>\n<p class=\"p2\">Zvy\u0161n\u00fa vodu osu\u0161te.<\/p>\n<p class=\"p2\">Produkt namie\u0161ajte v\u017edy pre jedno pou\u017eitie a neskladujte.<\/p>\n<p>&nbsp;<\/p>\n<h3 class=\"p2\"><b>Upozornenie :<\/b><\/h3>\n<p class=\"p2\">Chr\u00e1\u0148te pred mrazom a nadmern\u00fdm teplom.<\/p>\n","protected":false},"excerpt":{"rendered":"<p>Pr\u00e9miov\u00fd konzerva\u010dn\u00fd vosk Vysok\u00fd lesk, vodoodpudiv\u00fd efekt a intenz\u00edvna ochrana Inovat\u00edvny pr\u00e9miov\u00fd konzerva\u010dn\u00fd vosk nastavuje nov\u00e9 \u0161tandardy vo veciach ochrany, odolnosti, extr\u00e9mne hlbok\u00e9ho lesku, dlhodobej hydrof\u00f3bnosti (vodoodpudiv\u00fd efekt) \u00fa\u010dinku &#8220;easy to clean&#8221; povrchu jemn\u00e9ho na dotyk a vys\u00fa\u0161anie vozidiel bez vytv\u00e1rania mikroperli\u010dek. Pri pravidelnom pou\u017e\u00edvan\u00ed sa zvy\u0161uje ochrann\u00fd \u00fa\u010dinok lesku, jemn\u00e9 \u0161krabance sa zakryj\u00fa a&hellip;<\/p>\n","protected":false},"featured_media":63059,"template":"","meta":{"inline_featured_image":false},"product_brand":[],"product_cat":[856,644,907],"product_tag":[],"class_list":{"0":"post-63058","1":"product","2":"type-product","3":"status-publish","4":"has-post-thumbnail","6":"product_cat-autokozmetika","7":"product_cat-lestiace-pasty","8":"product_cat-rucne-lestenie","9":"description-off","11":"first","12":"instock","13":"taxable","14":"shipping-taxable","15":"purchasable","16":"product-type-simple"},"_links":{"self":[{"href":"https:\/\/www.premacolors.sk\/eshop\/wp-json\/wp\/v2\/product\/63058","targetHints":{"allow":["GET"]}}],"collection":[{"href":"https:\/\/www.premacolors.sk\/eshop\/wp-json\/wp\/v2\/product"}],"about":[{"href":"https:\/\/www.premacolors.sk\/eshop\/wp-json\/wp\/v2\/types\/product"}],"wp:featuredmedia":[{"embeddable":true,"href":"https:\/\/www.premacolors.sk\/eshop\/wp-json\/wp\/v2\/media\/63059"}],"wp:attachment":[{"href":"https:\/\/www.premacolors.sk\/eshop\/wp-json\/wp\/v2\/media?parent=63058"}],"wp:term":[{"taxonomy":"product_brand","embeddable":true,"href":"https:\/\/www.premacolors.sk\/eshop\/wp-json\/wp\/v2\/product_brand?post=63058"},{"taxonomy":"product_cat","embeddable":true,"href":"https:\/\/www.premacolors.sk\/eshop\/wp-json\/wp\/v2\/product_cat?post=63058"},{"taxonomy":"product_tag","embeddable":true,"href":"https:\/\/www.premacolors.sk\/eshop\/wp-json\/wp\/v2\/product_tag?post=63058"}],"curies":[{"name":"wp","href":"https:\/\/api.w.org\/{rel}","templated":true}]}}