{"id":63054,"date":"2025-03-01T13:09:44","date_gmt":"2025-03-01T12:09:44","guid":{"rendered":"https:\/\/www.premacolors.sk\/eshop\/?post_type=product&#038;p=63054"},"modified":"2025-11-16T13:25:48","modified_gmt":"2025-11-16T12:25:48","slug":"kochchemie-allround-surface-cleaner-asc-500ml","status":"publish","type":"product","link":"https:\/\/www.premacolors.sk\/eshop\/produkt\/kochchemie-allround-surface-cleaner-asc-500ml\/","title":{"rendered":"KochChemie Allround Surface Cleaner Asc 500ml"},"content":{"rendered":"<h3 class=\"p1\"><b>\u0160peci\u00e1lny \u010disti\u010d povrchov<\/b><\/h3>\n<p class=\"p1\">R\u00fdchly \u010disti\u010d povrchov pre motorov\u00e9 vozidl\u00e1, dom\u00e1cnos\u0165 aj pre komer\u010dn\u00e9 \u00fa\u010dely.<\/p>\n<p class=\"p1\">R\u00fdchlo a d\u00f4kladne odstra\u0148uje odtla\u010dky prstov, prach, mastnotu a podobn\u00e9 ne\u010distoty.<\/p>\n<p class=\"p1\">V\u0161etky hladk\u00e9 povrchy, napr\u00edklad aj nepol\u00e1rne plasty \u010dist\u00ed bezo zvy\u0161kov a bez \u0161m\u00fah.<\/p>\n<p class=\"p1\">Je vhodn\u00fd aj pre \u010distenie vetrac\u00edch mrie\u017eok, l\u00e1tok, pomocou \u010distiacej pi\u0161tole(torn\u00e1dora) (napr. <b>Cyclone; \u010d. Pol. 999021<\/b>) preto\u017ee v\u010faka svojmu zlo\u017eeniu nezanech\u00e1va stopy po vode ani in\u00e9 zvy\u0161ky.<\/p>\n<p class=\"p1\">Pr\u00edjemne vonia.<\/p>\n<h3><\/h3>\n<h3 class=\"p1\"><b>N\u00e1vod na pou\u017eitie :<\/b><\/h3>\n<ol>\n<li class=\"p1\">Priamo nastriekajte na zne\u010disten\u00e9 miesto; nechajte kr\u00e1tko p\u00f4sobi\u0165 a potom\u00a0<a href=\"https:\/\/www.kcshop.sk\/produkt\/kcx-pro-allrounder-towel\/\"><strong>utrite utierkou z mikrovl\u00e1kna<\/strong><\/a><\/li>\n<li class=\"p1\">Pr\u00edpadne priamo nastriekajte s \u010distiacou pi\u0161tolou; potom vypnite pr\u00edvod \u010distiacej kvapaliny a osu\u0161te miesto tlakov\u00fdm vzduchom.<\/li>\n<\/ol>\n<p>&nbsp;<\/p>\n<h3 class=\"p1\"><b>Upozornenie :<\/b><\/h3>\n<p class=\"p1\">Pred pou\u017eit\u00edm skontrolujte vhodnos\u0165 a zn\u00e1\u0161anlivos\u0165.<\/p>\n","protected":false},"excerpt":{"rendered":"<p>\u0160peci\u00e1lny \u010disti\u010d povrchov R\u00fdchly \u010disti\u010d povrchov pre motorov\u00e9 vozidl\u00e1, dom\u00e1cnos\u0165 aj pre komer\u010dn\u00e9 \u00fa\u010dely. R\u00fdchlo a d\u00f4kladne odstra\u0148uje odtla\u010dky prstov, prach, mastnotu a podobn\u00e9 ne\u010distoty. V\u0161etky hladk\u00e9 povrchy, napr\u00edklad aj nepol\u00e1rne plasty \u010dist\u00ed bezo zvy\u0161kov a bez \u0161m\u00fah. Je vhodn\u00fd aj pre \u010distenie vetrac\u00edch mrie\u017eok, l\u00e1tok, pomocou \u010distiacej pi\u0161tole(torn\u00e1dora) (napr. Cyclone; \u010d. Pol. 999021) preto\u017ee&hellip;<\/p>\n","protected":false},"featured_media":63055,"template":"","meta":{"inline_featured_image":false},"product_brand":[],"product_cat":[916,915],"product_tag":[],"class_list":{"0":"post-63054","1":"product","2":"type-product","3":"status-publish","4":"has-post-thumbnail","6":"product_cat-cistice-exterieru-a-motoroveho-priestoru","7":"product_cat-cistice-interieru","8":"description-off","10":"first","11":"instock","12":"taxable","13":"shipping-taxable","14":"purchasable","15":"product-type-simple"},"_links":{"self":[{"href":"https:\/\/www.premacolors.sk\/eshop\/wp-json\/wp\/v2\/product\/63054","targetHints":{"allow":["GET"]}}],"collection":[{"href":"https:\/\/www.premacolors.sk\/eshop\/wp-json\/wp\/v2\/product"}],"about":[{"href":"https:\/\/www.premacolors.sk\/eshop\/wp-json\/wp\/v2\/types\/product"}],"wp:featuredmedia":[{"embeddable":true,"href":"https:\/\/www.premacolors.sk\/eshop\/wp-json\/wp\/v2\/media\/63055"}],"wp:attachment":[{"href":"https:\/\/www.premacolors.sk\/eshop\/wp-json\/wp\/v2\/media?parent=63054"}],"wp:term":[{"taxonomy":"product_brand","embeddable":true,"href":"https:\/\/www.premacolors.sk\/eshop\/wp-json\/wp\/v2\/product_brand?post=63054"},{"taxonomy":"product_cat","embeddable":true,"href":"https:\/\/www.premacolors.sk\/eshop\/wp-json\/wp\/v2\/product_cat?post=63054"},{"taxonomy":"product_tag","embeddable":true,"href":"https:\/\/www.premacolors.sk\/eshop\/wp-json\/wp\/v2\/product_tag?post=63054"}],"curies":[{"name":"wp","href":"https:\/\/api.w.org\/{rel}","templated":true}]}}