{"id":63050,"date":"2025-03-01T13:03:29","date_gmt":"2025-03-01T12:03:29","guid":{"rendered":"https:\/\/www.premacolors.sk\/eshop\/?post_type=product&#038;p=63050"},"modified":"2025-11-16T13:26:31","modified_gmt":"2025-11-16T12:26:31","slug":"koch-chemie-motorplast-mp-500ml","status":"publish","type":"product","link":"https:\/\/www.premacolors.sk\/eshop\/produkt\/koch-chemie-motorplast-mp-500ml\/","title":{"rendered":"Koch Chemie Motorplast Mp 500ml"},"content":{"rendered":"<h3>\u0160peci\u00e1lny konzerva\u010dn\u00fd prostriedok na motory<\/h3>\n<p class=\"p1\">Konzerva\u010dn\u00fd prostriedok s prirodzen\u00fdm leskom a \u00fa\u010dinkom odpudzuj\u00facim vodu ur\u010den\u00fd pre motory, \u010dasti telesa, gumov\u00e9 hadice a agreg\u00e1ty osobn\u00fdch a \u00fa\u017eitkov\u00fdch vozidiel at\u010f.<\/p>\n<p class=\"p1\">S pr\u00edjemnou v\u00f4nou.<\/p>\n<p class=\"p1\">O\u0161etren\u00e9 diely bud\u00fa op\u00e4\u0165 vyzera\u0165 ako nov\u00e9.<\/p>\n<p class=\"p1\">V\u010faka \u00fapln\u00e9mu vysu\u0161eniu (bez olejov\u00e9ho filmu) sa zabr\u00e1ni viazaniu ne\u010dist\u00f4t.<\/p>\n<p class=\"p1\">V\u010faka vynikaj\u00facemu penetra\u010dn\u00e9mu \u00fa\u010dinku a trvalo elastick\u00e9mu ochrann\u00e9mu filmu bud\u00fa agreg\u00e1ty chr\u00e1nen\u00e9 pred kor\u00f3ziou a vplyvmi \u017eivotn\u00e9ho prostredia.<\/p>\n<p class=\"p1\">Vhodn\u00fd k pou\u017eitiu na such\u00e9 a mokr\u00e9 povrchy.<\/p>\n<p class=\"p1\">Odoln\u00fd proti teplot\u00e1m do 250 \u00b0 C.<\/p>\n<p class=\"p1\">S atestom Daimler.<\/p>\n<h3 class=\"p1\"><b>N\u00e1vod na pou\u017eitie :<\/b><\/h3>\n<p class=\"p1\">Predbe\u017ene o\u010disten\u00e9; mokr\u00e9 alebo such\u00e9 povrchy rovnomerne a v tenkej vrstve postriekajte pomocou postrekovacej f\u013ea\u0161e alebo v ide\u00e1lnom pr\u00edpade pomocou Cyclone(torn\u00e1dor) a potom nechajte uschn\u00fa\u0165.<\/p>\n<p>&nbsp;<\/p>\n<h3 class=\"p1\"><b>Upozornenie :<\/b><\/h3>\n<p class=\"p1\">Pred pou\u017eit\u00edm skontrolujte vhodnos\u0165 a zn\u00e1\u0161anlivos\u0165. Nepou\u017e\u00edvajte na plochy; pri ktor\u00fdch je hladk\u00fd povrch ne\u017eiaduci.<\/p>\n","protected":false},"excerpt":{"rendered":"<p>\u0160peci\u00e1lny konzerva\u010dn\u00fd prostriedok na motory Konzerva\u010dn\u00fd prostriedok s prirodzen\u00fdm leskom a \u00fa\u010dinkom odpudzuj\u00facim vodu ur\u010den\u00fd pre motory, \u010dasti telesa, gumov\u00e9 hadice a agreg\u00e1ty osobn\u00fdch a \u00fa\u017eitkov\u00fdch vozidiel at\u010f. S pr\u00edjemnou v\u00f4nou. O\u0161etren\u00e9 diely bud\u00fa op\u00e4\u0165 vyzera\u0165 ako nov\u00e9. V\u010faka \u00fapln\u00e9mu vysu\u0161eniu (bez olejov\u00e9ho filmu) sa zabr\u00e1ni viazaniu ne\u010dist\u00f4t. V\u010faka vynikaj\u00facemu penetra\u010dn\u00e9mu \u00fa\u010dinku a trvalo elastick\u00e9mu&hellip;<\/p>\n","protected":false},"featured_media":63051,"template":"","meta":{"inline_featured_image":false},"product_brand":[],"product_cat":[916],"product_tag":[],"class_list":{"0":"post-63050","1":"product","2":"type-product","3":"status-publish","4":"has-post-thumbnail","6":"product_cat-cistice-exterieru-a-motoroveho-priestoru","7":"description-off","9":"first","10":"instock","11":"taxable","12":"shipping-taxable","13":"purchasable","14":"product-type-simple"},"_links":{"self":[{"href":"https:\/\/www.premacolors.sk\/eshop\/wp-json\/wp\/v2\/product\/63050","targetHints":{"allow":["GET"]}}],"collection":[{"href":"https:\/\/www.premacolors.sk\/eshop\/wp-json\/wp\/v2\/product"}],"about":[{"href":"https:\/\/www.premacolors.sk\/eshop\/wp-json\/wp\/v2\/types\/product"}],"wp:featuredmedia":[{"embeddable":true,"href":"https:\/\/www.premacolors.sk\/eshop\/wp-json\/wp\/v2\/media\/63051"}],"wp:attachment":[{"href":"https:\/\/www.premacolors.sk\/eshop\/wp-json\/wp\/v2\/media?parent=63050"}],"wp:term":[{"taxonomy":"product_brand","embeddable":true,"href":"https:\/\/www.premacolors.sk\/eshop\/wp-json\/wp\/v2\/product_brand?post=63050"},{"taxonomy":"product_cat","embeddable":true,"href":"https:\/\/www.premacolors.sk\/eshop\/wp-json\/wp\/v2\/product_cat?post=63050"},{"taxonomy":"product_tag","embeddable":true,"href":"https:\/\/www.premacolors.sk\/eshop\/wp-json\/wp\/v2\/product_tag?post=63050"}],"curies":[{"name":"wp","href":"https:\/\/api.w.org\/{rel}","templated":true}]}}