{"id":63048,"date":"2025-03-01T13:01:26","date_gmt":"2025-03-01T12:01:26","guid":{"rendered":"https:\/\/www.premacolors.sk\/eshop\/?post_type=product&#038;p=63048"},"modified":"2025-11-16T13:26:50","modified_gmt":"2025-11-16T12:26:50","slug":"kochchemie-teerwasche-a-tea-1l","status":"publish","type":"product","link":"https:\/\/www.premacolors.sk\/eshop\/produkt\/kochchemie-teerwasche-a-tea-1l\/","title":{"rendered":"KochChemie Teerw\u00e4sche A Tea 1L"},"content":{"rendered":"<h3>Odstra\u0148ova\u010d \u017eivice a asfaltu<\/h3>\n<p class=\"p1\">\u0160peci\u00e1lny \u010distiaci prostriedok s obsahom rozp\u00fa\u0161\u0165adla, pre jednoduch\u00e9 odstr\u00e1nenie asfaltu a bit\u00famenov, \u0161etrn\u00fd k materi\u00e1lom.<\/p>\n<p class=\"p1\">Vhodn\u00fd na pou\u017eitie na v\u0161etky povrchy odoln\u00e9 proti rozp\u00fa\u0161\u0165adl\u00e1m na osobn\u00fdch automobiloch, \u00fa\u017eitkov\u00fdch vozidl\u00e1ch, kef\u00e1ch um\u00fdvac\u00edch zariaden\u00ed, dielensk\u00fdch podlah\u00e1ch, strojoch at\u010f.<\/p>\n<p class=\"p1\">Bez halog\u00e9nov\u00fdch uh\u013eovod\u00edkov.<\/p>\n<p class=\"p1\">S atestom Daimler.<\/p>\n<h3 class=\"p1\"><b>N\u00e1vod na pou\u017eitie :<\/b><\/h3>\n<ol>\n<li class=\"p1\">Nezrieden\u00fd prostriedok pomocou\u00a0<strong>rozpra\u0161ova\u010da<\/strong>\u00a0naneste na such\u00fd povrch<\/li>\n<li class=\"p1\">Nechajte kr\u00e1tko p\u00f4sobi\u0165<\/li>\n<li class=\"p1\">v pr\u00edpade potreby ru\u010dne do\u010distite a pomocou vysokotlakov\u00e9ho zariadenia osu\u0161te parou alebo\u00a0<strong>utrite utierkou.<\/strong><\/li>\n<\/ol>\n<p>&nbsp;<\/p>\n<h3 class=\"p1\"><b>Upozornenie :<\/b><\/h3>\n<ul>\n<li class=\"p1\">Spolo\u010dn\u00e9 pou\u017eitie s \u010distiacimi prostriedkami nar\u00fa\u0161a odde\u013eovanie v olejovom separ\u00e1tore.<\/li>\n<li class=\"p1\">Zabr\u00e1\u0148te preniknutiu do povrchov\u00fdch a spodn\u00fdch v\u00f4d; ako aj p\u00f4dy.<\/li>\n<li class=\"p1\">Pred pou\u017eit\u00edm skontrolujte vhodnos\u0165 a zn\u00e1\u0161anlivos\u0165 .<\/li>\n<\/ul>\n","protected":false},"excerpt":{"rendered":"<p>Odstra\u0148ova\u010d \u017eivice a asfaltu \u0160peci\u00e1lny \u010distiaci prostriedok s obsahom rozp\u00fa\u0161\u0165adla, pre jednoduch\u00e9 odstr\u00e1nenie asfaltu a bit\u00famenov, \u0161etrn\u00fd k materi\u00e1lom. Vhodn\u00fd na pou\u017eitie na v\u0161etky povrchy odoln\u00e9 proti rozp\u00fa\u0161\u0165adl\u00e1m na osobn\u00fdch automobiloch, \u00fa\u017eitkov\u00fdch vozidl\u00e1ch, kef\u00e1ch um\u00fdvac\u00edch zariaden\u00ed, dielensk\u00fdch podlah\u00e1ch, strojoch at\u010f. Bez halog\u00e9nov\u00fdch uh\u013eovod\u00edkov. S atestom Daimler. N\u00e1vod na pou\u017eitie : Nezrieden\u00fd prostriedok pomocou\u00a0rozpra\u0161ova\u010da\u00a0naneste na such\u00fd&hellip;<\/p>\n","protected":false},"featured_media":63049,"template":"","meta":{"inline_featured_image":false},"product_brand":[],"product_cat":[916],"product_tag":[],"class_list":{"0":"post-63048","1":"product","2":"type-product","3":"status-publish","4":"has-post-thumbnail","6":"product_cat-cistice-exterieru-a-motoroveho-priestoru","7":"description-off","9":"first","10":"instock","11":"taxable","12":"shipping-taxable","13":"purchasable","14":"product-type-simple"},"_links":{"self":[{"href":"https:\/\/www.premacolors.sk\/eshop\/wp-json\/wp\/v2\/product\/63048","targetHints":{"allow":["GET"]}}],"collection":[{"href":"https:\/\/www.premacolors.sk\/eshop\/wp-json\/wp\/v2\/product"}],"about":[{"href":"https:\/\/www.premacolors.sk\/eshop\/wp-json\/wp\/v2\/types\/product"}],"wp:featuredmedia":[{"embeddable":true,"href":"https:\/\/www.premacolors.sk\/eshop\/wp-json\/wp\/v2\/media\/63049"}],"wp:attachment":[{"href":"https:\/\/www.premacolors.sk\/eshop\/wp-json\/wp\/v2\/media?parent=63048"}],"wp:term":[{"taxonomy":"product_brand","embeddable":true,"href":"https:\/\/www.premacolors.sk\/eshop\/wp-json\/wp\/v2\/product_brand?post=63048"},{"taxonomy":"product_cat","embeddable":true,"href":"https:\/\/www.premacolors.sk\/eshop\/wp-json\/wp\/v2\/product_cat?post=63048"},{"taxonomy":"product_tag","embeddable":true,"href":"https:\/\/www.premacolors.sk\/eshop\/wp-json\/wp\/v2\/product_tag?post=63048"}],"curies":[{"name":"wp","href":"https:\/\/api.w.org\/{rel}","templated":true}]}}