{"id":63046,"date":"2025-03-01T12:58:34","date_gmt":"2025-03-01T11:58:34","guid":{"rendered":"https:\/\/www.premacolors.sk\/eshop\/?post_type=product&#038;p=63046"},"modified":"2025-11-16T13:27:14","modified_gmt":"2025-11-16T12:27:14","slug":"kochchemie-fresh-up-fu-1l","status":"publish","type":"product","link":"https:\/\/www.premacolors.sk\/eshop\/produkt\/kochchemie-fresh-up-fu-1l\/","title":{"rendered":"KochChemie Fresh Up Fu 1L"},"content":{"rendered":"<h3 class=\"p1\"><b>Odstra\u0148ova\u010d z\u00e1pachu<\/b><\/h3>\n<p class=\"p3\">\u0160peci\u00e1lny produkt pre rozstrekovanie ur\u010den\u00fd na odstr\u00e1nenie nepr\u00edjemn\u00e9ho z\u00e1pachu v interi\u00e9ri vozidiel v karavanoch, \u010dlnoch, sanit\u00e1rnych, obytn\u00fdch a komer\u010dn\u00fdch priestoroch.<\/p>\n<p class=\"p3\">Molekuly z\u00e1pachu cigaretov\u00e9ho dymu, zvieracie pachy, hnilobn\u00e9 procesy at\u010f.<\/p>\n<p class=\"p3\">Sa zapuzdr\u00ed a stan\u00fa sa tak ne\u00fa\u010dinn\u00fdmi.<\/p>\n<p class=\"p3\">Fresh Up zbav\u00ed pachu o\u0161etrovan\u00e9 priestory, text\u00edlie a plochy svojou svie\u017eou v\u00f4\u0148ou.<\/p>\n<p class=\"p3\">Pre odstr\u00e1nenie z\u00e1pachu v extr\u00e9mne probl\u00e9mov\u00fdch vozidl\u00e1ch odpor\u00fa\u010dame dodato\u010dne pou\u017ei\u0165 n\u00e1\u0161 gener\u00e1tor oz\u00f3nu <b>KC 3500.<\/b><\/p>\n<h3 class=\"p3\"><b>N\u00e1vod na pou\u017eitie :<\/b><\/h3>\n<ol>\n<li class=\"p1\">D\u00f4kladn\u00fdm o\u010disten\u00edm najsk\u00f4r odstr\u00e1\u0148te ne\u010distoty a zdroje z\u00e1pachu<\/li>\n<li class=\"p1\">Potom \u0161etrne<span class=\"Apple-converted-space\">\u00a0<\/span>postriekajte text\u00edlie; plochy a vn\u00fatorn\u00e9 priestory.<\/li>\n<\/ol>\n<p>&nbsp;<\/p>\n<h3 class=\"p1\"><b>Upozornenie :<\/b><\/h3>\n<ul>\n<li class=\"p1\">Chr\u00e1\u0148te pred mrazom a nadmern\u00fdm teplom<\/li>\n<li class=\"p1\"><strong>Pred pou\u017eit\u00edm skontrolujte vhodnos\u0165 a zn\u00e1\u0161anlivos\u0165<\/strong><\/li>\n<\/ul>\n","protected":false},"excerpt":{"rendered":"<p>Odstra\u0148ova\u010d z\u00e1pachu \u0160peci\u00e1lny produkt pre rozstrekovanie ur\u010den\u00fd na odstr\u00e1nenie nepr\u00edjemn\u00e9ho z\u00e1pachu v interi\u00e9ri vozidiel v karavanoch, \u010dlnoch, sanit\u00e1rnych, obytn\u00fdch a komer\u010dn\u00fdch priestoroch. Molekuly z\u00e1pachu cigaretov\u00e9ho dymu, zvieracie pachy, hnilobn\u00e9 procesy at\u010f. Sa zapuzdr\u00ed a stan\u00fa sa tak ne\u00fa\u010dinn\u00fdmi. Fresh Up zbav\u00ed pachu o\u0161etrovan\u00e9 priestory, text\u00edlie a plochy svojou svie\u017eou v\u00f4\u0148ou. Pre odstr\u00e1nenie z\u00e1pachu v extr\u00e9mne&hellip;<\/p>\n","protected":false},"featured_media":63047,"template":"","meta":{"inline_featured_image":false},"product_brand":[],"product_cat":[915],"product_tag":[],"class_list":{"0":"post-63046","1":"product","2":"type-product","3":"status-publish","4":"has-post-thumbnail","6":"product_cat-cistice-interieru","7":"description-off","9":"first","10":"instock","11":"taxable","12":"shipping-taxable","13":"purchasable","14":"product-type-simple"},"_links":{"self":[{"href":"https:\/\/www.premacolors.sk\/eshop\/wp-json\/wp\/v2\/product\/63046","targetHints":{"allow":["GET"]}}],"collection":[{"href":"https:\/\/www.premacolors.sk\/eshop\/wp-json\/wp\/v2\/product"}],"about":[{"href":"https:\/\/www.premacolors.sk\/eshop\/wp-json\/wp\/v2\/types\/product"}],"wp:featuredmedia":[{"embeddable":true,"href":"https:\/\/www.premacolors.sk\/eshop\/wp-json\/wp\/v2\/media\/63047"}],"wp:attachment":[{"href":"https:\/\/www.premacolors.sk\/eshop\/wp-json\/wp\/v2\/media?parent=63046"}],"wp:term":[{"taxonomy":"product_brand","embeddable":true,"href":"https:\/\/www.premacolors.sk\/eshop\/wp-json\/wp\/v2\/product_brand?post=63046"},{"taxonomy":"product_cat","embeddable":true,"href":"https:\/\/www.premacolors.sk\/eshop\/wp-json\/wp\/v2\/product_cat?post=63046"},{"taxonomy":"product_tag","embeddable":true,"href":"https:\/\/www.premacolors.sk\/eshop\/wp-json\/wp\/v2\/product_tag?post=63046"}],"curies":[{"name":"wp","href":"https:\/\/api.w.org\/{rel}","templated":true}]}}