{"id":63042,"date":"2025-03-01T12:52:23","date_gmt":"2025-03-01T11:52:23","guid":{"rendered":"https:\/\/www.premacolors.sk\/eshop\/?post_type=product&#038;p=63042"},"modified":"2025-11-16T13:27:53","modified_gmt":"2025-11-16T12:27:53","slug":"kochchemie-eulex-eu-1l","status":"publish","type":"product","link":"https:\/\/www.premacolors.sk\/eshop\/produkt\/kochchemie-eulex-eu-1l\/","title":{"rendered":"KochChemie Eulex Eu 1L"},"content":{"rendered":"<p class=\"p1\">\u0160peci\u00e1lny produkt pre r\u00fdchle odstra\u0148ovanie lepidiel (napr. Zvy\u0161kov n\u00e1lepiek), gumy, \u017eivice, rozstrieknut\u00fdch farieb, atramentov\u00fdch \u0161kv\u0155n, oleje, tukov, asfaltu z povrchov odoln\u00fdch proti rozp\u00fa\u0161\u0165adl\u00e1m ako napr. laky sklo, keramika, kov at\u010f.<\/p>\n<p class=\"p1\">R\u00fdchlo a bezo zvy\u0161ku sa vyparuje a neobsahuje halog\u00e9nov\u00e9 uh\u013eovod\u00edky.<\/p>\n<p class=\"p1\">S atestom Daimler.<\/p>\n<h3 class=\"p1\"><b>N\u00e1vod na pou\u017eitie :<\/b><\/h3>\n<p class=\"p1\">Nezrieden\u00fd prostriedok naneste pomocou\u00a0<strong>suchej savej utierky<\/strong>\u00a0na \u0161kvrny a vytrite.<\/p>\n<p>&nbsp;<\/p>\n<h3 class=\"p1\"><b>Upozornenie :<\/b><\/h3>\n<ul>\n<li class=\"p1\"><strong>V\u00fdrobok nie je vhodn\u00fd na polykarbon\u00e1t; polyakryl a podobn\u00e9 plasty.<\/strong><\/li>\n<li class=\"p1\">Pred pou\u017eit\u00edm skontrolujte st\u00e1lofarebnos\u0165 a zn\u00e1\u0161anlivos\u0165 materi\u00e1lu.<\/li>\n<li class=\"p1\"><strong>Nepou\u017e\u00edvajte na hor\u00face povrchy!<\/strong><\/li>\n<li class=\"p1\"><strong>Nepou\u017e\u00edvajte na matn\u00fd lak, na to\u00a0 pou\u017eite Eulex M.<\/strong><\/li>\n<\/ul>\n","protected":false},"excerpt":{"rendered":"<p>\u0160peci\u00e1lny produkt pre r\u00fdchle odstra\u0148ovanie lepidiel (napr. Zvy\u0161kov n\u00e1lepiek), gumy, \u017eivice, rozstrieknut\u00fdch farieb, atramentov\u00fdch \u0161kv\u0155n, oleje, tukov, asfaltu z povrchov odoln\u00fdch proti rozp\u00fa\u0161\u0165adl\u00e1m ako napr. laky sklo, keramika, kov at\u010f. R\u00fdchlo a bezo zvy\u0161ku sa vyparuje a neobsahuje halog\u00e9nov\u00e9 uh\u013eovod\u00edky. S atestom Daimler. N\u00e1vod na pou\u017eitie : Nezrieden\u00fd prostriedok naneste pomocou\u00a0suchej savej utierky\u00a0na \u0161kvrny a&hellip;<\/p>\n","protected":false},"featured_media":63043,"template":"","meta":{"inline_featured_image":false},"product_brand":[],"product_cat":[916],"product_tag":[],"class_list":{"0":"post-63042","1":"product","2":"type-product","3":"status-publish","4":"has-post-thumbnail","6":"product_cat-cistice-exterieru-a-motoroveho-priestoru","7":"description-off","9":"first","10":"instock","11":"taxable","12":"shipping-taxable","13":"purchasable","14":"product-type-simple"},"_links":{"self":[{"href":"https:\/\/www.premacolors.sk\/eshop\/wp-json\/wp\/v2\/product\/63042","targetHints":{"allow":["GET"]}}],"collection":[{"href":"https:\/\/www.premacolors.sk\/eshop\/wp-json\/wp\/v2\/product"}],"about":[{"href":"https:\/\/www.premacolors.sk\/eshop\/wp-json\/wp\/v2\/types\/product"}],"wp:featuredmedia":[{"embeddable":true,"href":"https:\/\/www.premacolors.sk\/eshop\/wp-json\/wp\/v2\/media\/63043"}],"wp:attachment":[{"href":"https:\/\/www.premacolors.sk\/eshop\/wp-json\/wp\/v2\/media?parent=63042"}],"wp:term":[{"taxonomy":"product_brand","embeddable":true,"href":"https:\/\/www.premacolors.sk\/eshop\/wp-json\/wp\/v2\/product_brand?post=63042"},{"taxonomy":"product_cat","embeddable":true,"href":"https:\/\/www.premacolors.sk\/eshop\/wp-json\/wp\/v2\/product_cat?post=63042"},{"taxonomy":"product_tag","embeddable":true,"href":"https:\/\/www.premacolors.sk\/eshop\/wp-json\/wp\/v2\/product_tag?post=63042"}],"curies":[{"name":"wp","href":"https:\/\/api.w.org\/{rel}","templated":true}]}}