{"id":63039,"date":"2025-03-01T12:19:17","date_gmt":"2025-03-01T11:19:17","guid":{"rendered":"https:\/\/www.premacolors.sk\/eshop\/?post_type=product&#038;p=63039"},"modified":"2025-11-16T13:28:16","modified_gmt":"2025-11-16T12:28:16","slug":"kochchemie-reactive-rust-remover-rrr-500ml","status":"publish","type":"product","link":"https:\/\/www.premacolors.sk\/eshop\/produkt\/kochchemie-reactive-rust-remover-rrr-500ml\/","title":{"rendered":"KochChemie Reactive Rust Remover Rrr 500ml"},"content":{"rendered":"<h3>Odstra\u0148ova\u010d n\u00e1letovej hrdze bez kysel\u00edn<\/h3>\n<p class=\"p1\">Siln\u00fd \u010distiaci prostriedok s neutr\u00e1lnym pH s reakt\u00edvnymi zlo\u017ekami a \u0161peci\u00e1lnymi v\u00fdkonn\u00fdmi tenzidmi.<\/p>\n<p class=\"p1\">R\u00fdchlo,d\u00f4kladne a z\u00e1rove\u0148 \u0161etrne odstra\u0148uje n\u00e1letov\u00fa kor\u00f3ziu, kovov\u00e9 \u010dastice, zape\u010den\u00fd prach z brzdov\u00e9ho oblo\u017eenia a \u010fal\u0161ie anorganick\u00e9 ne\u010distoty.<\/p>\n<p class=\"p1\">Optim\u00e1lne zlo\u017eenie v\u0161etk\u00fdch zlo\u017eiek zaru\u010duje dlh\u00fa dobu priameho p\u00f4sobenia kvapalnej f\u00e1zy, ktor\u00e1 reakt\u00edvnym zlo\u017ek\u00e1m umo\u017en\u00ed dosta\u0165 sa aj zape\u010den\u00e9 \u010dastice a tie \u00fa\u010dinne uvo\u013eni\u0165.<\/p>\n<p class=\"p1\">Priebeh uvo\u013e\u0148ovania ne\u010dist\u00f4t mo\u017eno sledova\u0165 pod\u013ea fialov\u00e9ho sfarbenia.<\/p>\n<p class=\"p1\">\u0160peci\u00e1lne tenzidy obsiahnut\u00e9 v pr\u00edpravku uvo\u013enen\u00e9 ne\u010distoty obklop\u00ed a rozpt\u00fdli tak, aby ich bolo mo\u017en\u00e9 \u013eahko opl\u00e1chnu\u0165.<\/p>\n<h3 class=\"p1\"><b>N\u00e1vod na pou\u017eitie :<\/b><\/h3>\n<ol>\n<li class=\"p1\">Nastriekajte priamo na \u010disten\u00e9 miesto<\/li>\n<li class=\"p1\">Nechajte cca 3 a\u017e 6 min\u00fat p\u00f4sobi\u0165<\/li>\n<li class=\"p1\">Potom v pr\u00edpade potreby pou\u017eite kefu alebo\u00a0<strong>\u0161pongiu<\/strong><\/li>\n<li class=\"p1\">D\u00f4kladne opl\u00e1chnite<\/li>\n<\/ol>\n<p>&nbsp;<\/p>\n<h3 class=\"p1\"><b>Upozornenie :<\/b><\/h3>\n<ul>\n<li class=\"p1\"><strong>Nepou\u017e\u00edvajte na hor\u00face povrchy!<\/strong><\/li>\n<li class=\"p1\">Nenechajte zaschn\u00fa\u0165.<\/li>\n<\/ul>\n","protected":false},"excerpt":{"rendered":"<p>Odstra\u0148ova\u010d n\u00e1letovej hrdze bez kysel\u00edn Siln\u00fd \u010distiaci prostriedok s neutr\u00e1lnym pH s reakt\u00edvnymi zlo\u017ekami a \u0161peci\u00e1lnymi v\u00fdkonn\u00fdmi tenzidmi. R\u00fdchlo,d\u00f4kladne a z\u00e1rove\u0148 \u0161etrne odstra\u0148uje n\u00e1letov\u00fa kor\u00f3ziu, kovov\u00e9 \u010dastice, zape\u010den\u00fd prach z brzdov\u00e9ho oblo\u017eenia a \u010fal\u0161ie anorganick\u00e9 ne\u010distoty. Optim\u00e1lne zlo\u017eenie v\u0161etk\u00fdch zlo\u017eiek zaru\u010duje dlh\u00fa dobu priameho p\u00f4sobenia kvapalnej f\u00e1zy, ktor\u00e1 reakt\u00edvnym zlo\u017ek\u00e1m umo\u017en\u00ed dosta\u0165 sa aj zape\u010den\u00e9&hellip;<\/p>\n","protected":false},"featured_media":63040,"template":"","meta":{"inline_featured_image":false},"product_brand":[],"product_cat":[916],"product_tag":[],"class_list":{"0":"post-63039","1":"product","2":"type-product","3":"status-publish","4":"has-post-thumbnail","6":"product_cat-cistice-exterieru-a-motoroveho-priestoru","7":"description-off","9":"first","10":"instock","11":"taxable","12":"shipping-taxable","13":"purchasable","14":"product-type-simple"},"_links":{"self":[{"href":"https:\/\/www.premacolors.sk\/eshop\/wp-json\/wp\/v2\/product\/63039","targetHints":{"allow":["GET"]}}],"collection":[{"href":"https:\/\/www.premacolors.sk\/eshop\/wp-json\/wp\/v2\/product"}],"about":[{"href":"https:\/\/www.premacolors.sk\/eshop\/wp-json\/wp\/v2\/types\/product"}],"wp:featuredmedia":[{"embeddable":true,"href":"https:\/\/www.premacolors.sk\/eshop\/wp-json\/wp\/v2\/media\/63040"}],"wp:attachment":[{"href":"https:\/\/www.premacolors.sk\/eshop\/wp-json\/wp\/v2\/media?parent=63039"}],"wp:term":[{"taxonomy":"product_brand","embeddable":true,"href":"https:\/\/www.premacolors.sk\/eshop\/wp-json\/wp\/v2\/product_brand?post=63039"},{"taxonomy":"product_cat","embeddable":true,"href":"https:\/\/www.premacolors.sk\/eshop\/wp-json\/wp\/v2\/product_cat?post=63039"},{"taxonomy":"product_tag","embeddable":true,"href":"https:\/\/www.premacolors.sk\/eshop\/wp-json\/wp\/v2\/product_tag?post=63039"}],"curies":[{"name":"wp","href":"https:\/\/api.w.org\/{rel}","templated":true}]}}