{"id":63032,"date":"2025-03-01T12:02:02","date_gmt":"2025-03-01T11:02:02","guid":{"rendered":"https:\/\/www.premacolors.sk\/eshop\/?post_type=product&#038;p=63032"},"modified":"2025-11-16T13:29:17","modified_gmt":"2025-11-16T12:29:17","slug":"kochchemie-gummifix-guf-1l","status":"publish","type":"product","link":"https:\/\/www.premacolors.sk\/eshop\/produkt\/kochchemie-gummifix-guf-1l\/","title":{"rendered":"KochChemie Gummifix Guf 1L"},"content":{"rendered":"<p>Pr\u00edpravok\u00a0<strong>GUMMIFIX<\/strong> udr\u017euje a chr\u00e1ni v\u0161etky plastov\u00e9 diely, gumy, v\u0161etky gumov\u00e9 koberce, roho\u017ee, ped\u00e1le a podlahy z umel\u00fdch hm\u00f4t, kde je vy\u017eadovan\u00e1 odolnos\u0165 proti sklzu.<\/p>\n<p>GUMMIFIX dod\u00e1 o\u0161etren\u00fdm dielom nov\u00fd vzh\u013ead.<\/p>\n<p><strong>Neobsahuje silik\u00f3n.<\/strong><\/p>\n<p>&nbsp;<\/p>\n<h3 class=\"p1\"><b>N\u00e1vod na pou\u017eitie :<\/b><\/h3>\n<ol>\n<li class=\"p1\">Rovnomerne naneste pomocou\u00a0<strong>f\u013ea\u0161e s rozpra\u0161ova\u010dom<\/strong>\u00a0alebo\u00a0<strong>hubky<\/strong>\u00a0na vy\u010disten\u00fd; such\u00fd povrch<\/li>\n<li class=\"p1\">Nechajte zaschn\u00fa\u0165.<\/li>\n<\/ol>\n<p>&nbsp;<\/p>\n<h3 class=\"p1\"><b>Upozornenie :<\/b><\/h3>\n<p class=\"p1\">Pred pou\u017eit\u00edm skontrolujte vhodnos\u0165 a zn\u00e1\u0161anlivos\u0165.<\/p>\n","protected":false},"excerpt":{"rendered":"<p>Pr\u00edpravok\u00a0GUMMIFIX udr\u017euje a chr\u00e1ni v\u0161etky plastov\u00e9 diely, gumy, v\u0161etky gumov\u00e9 koberce, roho\u017ee, ped\u00e1le a podlahy z umel\u00fdch hm\u00f4t, kde je vy\u017eadovan\u00e1 odolnos\u0165 proti sklzu. GUMMIFIX dod\u00e1 o\u0161etren\u00fdm dielom nov\u00fd vzh\u013ead. Neobsahuje silik\u00f3n. &nbsp; N\u00e1vod na pou\u017eitie : Rovnomerne naneste pomocou\u00a0f\u013ea\u0161e s rozpra\u0161ova\u010dom\u00a0alebo\u00a0hubky\u00a0na vy\u010disten\u00fd; such\u00fd povrch Nechajte zaschn\u00fa\u0165. &nbsp; Upozornenie : Pred pou\u017eit\u00edm skontrolujte vhodnos\u0165 a&hellip;<\/p>\n","protected":false},"featured_media":63033,"template":"","meta":{"inline_featured_image":false},"product_brand":[],"product_cat":[915],"product_tag":[],"class_list":{"0":"post-63032","1":"product","2":"type-product","3":"status-publish","4":"has-post-thumbnail","6":"product_cat-cistice-interieru","7":"description-off","9":"first","10":"instock","11":"taxable","12":"shipping-taxable","13":"purchasable","14":"product-type-simple"},"_links":{"self":[{"href":"https:\/\/www.premacolors.sk\/eshop\/wp-json\/wp\/v2\/product\/63032","targetHints":{"allow":["GET"]}}],"collection":[{"href":"https:\/\/www.premacolors.sk\/eshop\/wp-json\/wp\/v2\/product"}],"about":[{"href":"https:\/\/www.premacolors.sk\/eshop\/wp-json\/wp\/v2\/types\/product"}],"wp:featuredmedia":[{"embeddable":true,"href":"https:\/\/www.premacolors.sk\/eshop\/wp-json\/wp\/v2\/media\/63033"}],"wp:attachment":[{"href":"https:\/\/www.premacolors.sk\/eshop\/wp-json\/wp\/v2\/media?parent=63032"}],"wp:term":[{"taxonomy":"product_brand","embeddable":true,"href":"https:\/\/www.premacolors.sk\/eshop\/wp-json\/wp\/v2\/product_brand?post=63032"},{"taxonomy":"product_cat","embeddable":true,"href":"https:\/\/www.premacolors.sk\/eshop\/wp-json\/wp\/v2\/product_cat?post=63032"},{"taxonomy":"product_tag","embeddable":true,"href":"https:\/\/www.premacolors.sk\/eshop\/wp-json\/wp\/v2\/product_tag?post=63032"}],"curies":[{"name":"wp","href":"https:\/\/api.w.org\/{rel}","templated":true}]}}