{"id":63030,"date":"2025-03-01T11:59:38","date_gmt":"2025-03-01T10:59:38","guid":{"rendered":"https:\/\/www.premacolors.sk\/eshop\/?post_type=product&#038;p=63030"},"modified":"2025-11-16T13:29:40","modified_gmt":"2025-11-16T12:29:40","slug":"kochchemie-top-star-ts-1l","status":"publish","type":"product","link":"https:\/\/www.premacolors.sk\/eshop\/produkt\/kochchemie-top-star-ts-1l\/","title":{"rendered":"KochChemie Top Star Ts 1L"},"content":{"rendered":"<p>Pr\u00e9miov\u00e1 o\u0161etruj\u00faca emulzia(impregn\u00e1cia plastov) na \u010distenie a osvie\u017eenie plastov\u00fdch a gumov\u00fdch dielov, ako kokpit, vn\u00fatorn\u00e9 oblo\u017eenie, tesnenia at\u010f.<\/p>\n<p><strong>Top Star<\/strong> vytv\u00e1ra dlhotrvaj\u00faci, hodv\u00e1bne prirodzen\u00fd lesk a dlhodobo chr\u00e1ni povrch pred op\u00e4tovn\u00fdm zne\u010disten\u00edm a UV \u017eiaren\u00edm.<\/p>\n<p>\u0160peci\u00e1lne \u00fa\u010dinn\u00e9 l\u00e1tky udr\u017euj\u00fa plasty vl\u00e1\u010dn\u00e9; maj\u00fa antistatick\u00fd \u00fa\u010dinok a prepo\u017ei\u010diavaj\u00fa im nov\u00fd a u\u0161\u013eachtil\u00fd vzh\u013ead.<\/p>\n<p>So svie\u017eou v\u00f4\u0148ou.<\/p>\n<p><strong>Pr\u00edpravok m\u00e1 schv\u00e1lenie pre Mercedes-Benz.<\/strong><\/p>\n<p>&nbsp;<\/p>\n<h3 class=\"p1\"><b>N\u00e1vod na pou\u017eitie :<\/b><\/h3>\n<ol>\n<li>Pred samotnou aplik\u00e1ciou je potrebn\u00e9 silne zne\u010disten\u00e9 plasty vy\u010disti\u0165 vhodn\u00fdm \u010distiacim prostriedkom (napr.\u00a0<strong>Mehrzweckreiniger<\/strong>).<\/li>\n<li>Pr\u00edpravok\u00a0<strong>Top Star<\/strong>\u00a0sa pou\u017e\u00edva v stave dodania. Pred pou\u017eit\u00edm pretrepte.<\/li>\n<li>Pomocou rozpra\u0161ova\u010da nastriekajte na m\u00e4kk\u00fa\u00a0\u0161pongiu<\/li>\n<li>Rovnomerne naneste na povrch<\/li>\n<li>Nechajte zaschn\u00fa\u0165<\/li>\n<li>V pr\u00edpade potreby utrite\u00a0utierkou z mikrovl\u00e1kna.<\/li>\n<\/ol>\n<h3 class=\"p1\"><b>Upozornenie :<\/b><\/h3>\n<ul>\n<li class=\"p1\">Pred pou\u017eit\u00edm pretrepte<\/li>\n<li class=\"p1\">Chr\u00e1\u0148te pred mrazom a nadmern\u00fdm teplom<\/li>\n<li class=\"p1\">Pred pou\u017eit\u00edm skontrolujte vhodnos\u0165 a zn\u00e1\u0161anlivos\u0165<\/li>\n<li class=\"p1\">Nepou\u017e\u00edvajte na plochy; pri ktor\u00fdch je hladk\u00fd povrch ne\u017eiaduci; napr. Ped\u00e1le; volant; pneumatiky<\/li>\n<li class=\"p1\"><strong>Neaplikujte na displeje alebo polykarbon\u00e1ty.<\/strong><\/li>\n<\/ul>\n","protected":false},"excerpt":{"rendered":"<p>Pr\u00e9miov\u00e1 o\u0161etruj\u00faca emulzia(impregn\u00e1cia plastov) na \u010distenie a osvie\u017eenie plastov\u00fdch a gumov\u00fdch dielov, ako kokpit, vn\u00fatorn\u00e9 oblo\u017eenie, tesnenia at\u010f. Top Star vytv\u00e1ra dlhotrvaj\u00faci, hodv\u00e1bne prirodzen\u00fd lesk a dlhodobo chr\u00e1ni povrch pred op\u00e4tovn\u00fdm zne\u010disten\u00edm a UV \u017eiaren\u00edm. \u0160peci\u00e1lne \u00fa\u010dinn\u00e9 l\u00e1tky udr\u017euj\u00fa plasty vl\u00e1\u010dn\u00e9; maj\u00fa antistatick\u00fd \u00fa\u010dinok a prepo\u017ei\u010diavaj\u00fa im nov\u00fd a u\u0161\u013eachtil\u00fd vzh\u013ead. So svie\u017eou v\u00f4\u0148ou. Pr\u00edpravok&hellip;<\/p>\n","protected":false},"featured_media":63031,"template":"","meta":{"inline_featured_image":false},"product_brand":[],"product_cat":[915],"product_tag":[],"class_list":{"0":"post-63030","1":"product","2":"type-product","3":"status-publish","4":"has-post-thumbnail","6":"product_cat-cistice-interieru","7":"description-off","9":"first","10":"instock","11":"taxable","12":"shipping-taxable","13":"purchasable","14":"product-type-simple"},"_links":{"self":[{"href":"https:\/\/www.premacolors.sk\/eshop\/wp-json\/wp\/v2\/product\/63030","targetHints":{"allow":["GET"]}}],"collection":[{"href":"https:\/\/www.premacolors.sk\/eshop\/wp-json\/wp\/v2\/product"}],"about":[{"href":"https:\/\/www.premacolors.sk\/eshop\/wp-json\/wp\/v2\/types\/product"}],"wp:featuredmedia":[{"embeddable":true,"href":"https:\/\/www.premacolors.sk\/eshop\/wp-json\/wp\/v2\/media\/63031"}],"wp:attachment":[{"href":"https:\/\/www.premacolors.sk\/eshop\/wp-json\/wp\/v2\/media?parent=63030"}],"wp:term":[{"taxonomy":"product_brand","embeddable":true,"href":"https:\/\/www.premacolors.sk\/eshop\/wp-json\/wp\/v2\/product_brand?post=63030"},{"taxonomy":"product_cat","embeddable":true,"href":"https:\/\/www.premacolors.sk\/eshop\/wp-json\/wp\/v2\/product_cat?post=63030"},{"taxonomy":"product_tag","embeddable":true,"href":"https:\/\/www.premacolors.sk\/eshop\/wp-json\/wp\/v2\/product_tag?post=63030"}],"curies":[{"name":"wp","href":"https:\/\/api.w.org\/{rel}","templated":true}]}}