{"id":63028,"date":"2025-03-01T11:56:02","date_gmt":"2025-03-01T10:56:02","guid":{"rendered":"https:\/\/www.premacolors.sk\/eshop\/?post_type=product&#038;p=63028"},"modified":"2025-11-16T13:30:01","modified_gmt":"2025-11-16T12:30:01","slug":"kochchemie-mehrzweckreiniger-mzr-1l","status":"publish","type":"product","link":"https:\/\/www.premacolors.sk\/eshop\/produkt\/kochchemie-mehrzweckreiniger-mzr-1l\/","title":{"rendered":"KochChemie Mehrzweckreiniger Mzr 1L"},"content":{"rendered":"<h3 class=\"p1\"><b>\u0160peci\u00e1lny \u010disti\u010d interi\u00e9ru a \u0161peci\u00e1lny \u010distiaci prostriedok<\/b><\/h3>\n<p class=\"p1\">Vysoko \u00fa\u010dinn\u00fd, alkalick\u00fd \u010distiaci prostriedok na pou\u017eitie na automobily a priemyseln\u00e9<span class=\"Apple-converted-space\">\u00a0<\/span>\u010distenie budov.<\/p>\n<p class=\"p1\">Oleje, tuky, atrament, sadze, nikot\u00edn, \u0161ed\u00e9 miesta a be\u017en\u00e9 cestn\u00e9 zne\u010distenie sa d\u00f4kladne a do h\u013abky odstr\u00e1nia.<\/p>\n<p class=\"p1\">U plastov, text\u00edli\u00ed, \u010dal\u00fanen\u00ed, strojov at\u010f. m\u00e1 pr\u00edpravok Mehrzweckreiniger vynikaj\u00face schopnosti rozp\u00fa\u0161\u0165ania a viazania ne\u010dist\u00f4t.<\/p>\n<p class=\"p1\">O\u0161etrovanej oblasti prepo\u017ei\u010diava pr\u00edjemn\u00fa v\u00f4\u0148u.<\/p>\n<p>&nbsp;<\/p>\n<p><strong>N\u00e1vod na pou\u017eitie:<\/strong><\/p>\n<ol>\n<li><strong>Mehrzweckreiniger<\/strong>\u00a0sa pod\u013ea stup\u0148a zne\u010distenia zriedi 1:5 a\u017e 1:15 s vodou. Pre \u0161tandardn\u00fa \u00fadr\u017ebu odpor\u00fa\u010dame pou\u017ei\u0165\u00a0<strong>riedenie 1:10<\/strong>;\u00a0<strong>to je 45 ml pr\u00edpravku na 455ml vody.<\/strong><\/li>\n<li>Narieden\u00fd pr\u00edpravok naneste pomocou\u00a0<strong>f\u013ea\u0161e s rozpra\u0161ova\u010dom<\/strong>\u00a0na na\u0161u \u0161ed\u00fa\u00a0<strong>abraz\u00edvnu \u0161pongiu<\/strong>\u00a0alebo na\u00a0<strong>mikrovl\u00e1knov\u00fa utierku zelen\u00fa<\/strong>\u00a0a kr\u00fa\u017eiv\u00fdmi pohybmi za\u010dnite \u010disti\u0165 povrch.<\/li>\n<li>Po vy\u010disten\u00ed n\u00e1sledne zotrite \u010distou\u00a0<strong>utierkou z mikrovl\u00e1kna<\/strong>\u00a0zvy\u0161ky pr\u00edpravku z povrchu. Pri silnom zne\u010disten\u00ed opakujte krok 2 a 3 dovtedy; k\u00fdm nebude v\u00fdsledok \u00faplne perfektn\u00fd.<\/li>\n<li>Po vy\u010disten\u00ed je vhodn\u00e9 ko\u017eu; ale aj plast e\u0161te o\u0161etri\u0165. Na o\u0161etrenie ko\u017ee m\u00f4\u017eete pou\u017ei\u0165 pr\u00edpravok\u00a0<strong>LEATHER STAR<\/strong>\u00a0a na o\u0161etrenie plastov\u00a0<strong>TOP STAR.<\/strong><\/li>\n<li>Pr\u00edpravok\u00a0<strong>Mehrzweckreiniger<\/strong>\u00a0m\u00f4\u017eete pou\u017ei\u0165 aj na\u00a0<strong>tepovanie seda\u010diek<\/strong>. V tomto pr\u00edpade op\u00e4\u0165 odpor\u00fa\u010dame nanies\u0165 narieden\u00fd pr\u00edpravok cez rozpra\u0161ova\u010d priamo na seda\u010dku a n\u00e1sledne u\u017e iba pomocou tepovacieho pr\u00edstroja prem\u00fdvate vodou a vys\u00e1vate. Tento cyklus opakujete dovtedy; k\u00fdm nie je seda\u010dka \u00faplne \u010dist\u00e1.\u00a0<strong>\u010eal\u0161ie pou\u017eitie:<\/strong>\u00a0Vn\u00fatorn\u00e9 priestory vozidiel 1:5 a\u017e 1:15 Priemyseln\u00e9 budovy a strojov\u00e9 \u010distenie 1:5 a\u017e 1:50 Dom\u00e1cnosti 1:5 a\u017e 1:50<\/li>\n<\/ol>\n","protected":false},"excerpt":{"rendered":"<p>\u0160peci\u00e1lny \u010disti\u010d interi\u00e9ru a \u0161peci\u00e1lny \u010distiaci prostriedok Vysoko \u00fa\u010dinn\u00fd, alkalick\u00fd \u010distiaci prostriedok na pou\u017eitie na automobily a priemyseln\u00e9\u00a0\u010distenie budov. Oleje, tuky, atrament, sadze, nikot\u00edn, \u0161ed\u00e9 miesta a be\u017en\u00e9 cestn\u00e9 zne\u010distenie sa d\u00f4kladne a do h\u013abky odstr\u00e1nia. U plastov, text\u00edli\u00ed, \u010dal\u00fanen\u00ed, strojov at\u010f. m\u00e1 pr\u00edpravok Mehrzweckreiniger vynikaj\u00face schopnosti rozp\u00fa\u0161\u0165ania a viazania ne\u010dist\u00f4t. O\u0161etrovanej oblasti prepo\u017ei\u010diava pr\u00edjemn\u00fa&hellip;<\/p>\n","protected":false},"featured_media":63029,"template":"","meta":{"inline_featured_image":false},"product_brand":[],"product_cat":[915],"product_tag":[],"class_list":{"0":"post-63028","1":"product","2":"type-product","3":"status-publish","4":"has-post-thumbnail","6":"product_cat-cistice-interieru","7":"description-off","9":"first","10":"instock","11":"taxable","12":"shipping-taxable","13":"purchasable","14":"product-type-simple"},"_links":{"self":[{"href":"https:\/\/www.premacolors.sk\/eshop\/wp-json\/wp\/v2\/product\/63028","targetHints":{"allow":["GET"]}}],"collection":[{"href":"https:\/\/www.premacolors.sk\/eshop\/wp-json\/wp\/v2\/product"}],"about":[{"href":"https:\/\/www.premacolors.sk\/eshop\/wp-json\/wp\/v2\/types\/product"}],"wp:featuredmedia":[{"embeddable":true,"href":"https:\/\/www.premacolors.sk\/eshop\/wp-json\/wp\/v2\/media\/63029"}],"wp:attachment":[{"href":"https:\/\/www.premacolors.sk\/eshop\/wp-json\/wp\/v2\/media?parent=63028"}],"wp:term":[{"taxonomy":"product_brand","embeddable":true,"href":"https:\/\/www.premacolors.sk\/eshop\/wp-json\/wp\/v2\/product_brand?post=63028"},{"taxonomy":"product_cat","embeddable":true,"href":"https:\/\/www.premacolors.sk\/eshop\/wp-json\/wp\/v2\/product_cat?post=63028"},{"taxonomy":"product_tag","embeddable":true,"href":"https:\/\/www.premacolors.sk\/eshop\/wp-json\/wp\/v2\/product_tag?post=63028"}],"curies":[{"name":"wp","href":"https:\/\/api.w.org\/{rel}","templated":true}]}}