{"id":63026,"date":"2025-03-01T11:51:40","date_gmt":"2025-03-01T10:51:40","guid":{"rendered":"https:\/\/www.premacolors.sk\/eshop\/?post_type=product&#038;p=63026"},"modified":"2025-09-21T20:44:45","modified_gmt":"2025-09-21T18:44:45","slug":"kochchemie-pol-star-po-1l","status":"publish","type":"product","link":"https:\/\/www.premacolors.sk\/eshop\/produkt\/kochchemie-pol-star-po-1l\/","title":{"rendered":"KochChemie Pol Star Po 1L"},"content":{"rendered":"<p><b>\u010cistiaci prostriedok na text\u00edliu; ko\u017eu a alcantaru<\/b><\/p>\n<p class=\"p1\">Efekt\u00edvny neutr\u00e1lny \u010distiaci prostriedok s konzerva\u010dnou l\u00e1tkou pre ko\u017eu, alcantara a text\u00edlie ako \u010dal\u00fanenie<span class=\"Apple-converted-space\">\u00a0<\/span>a koberce.<\/p>\n<p class=\"p1\">Penov\u00e9 lamely s jemn\u00fdmi p\u00f3rmi prenikaj\u00fa do h\u013abky vl\u00e1kien a transportuj\u00fa ne\u010distoty, ktor\u00e9 sa daj\u00fa vysa\u0165 vys\u00e1va\u010dom na mokro \/ na sucho alebo zotrie\u0165 vlhkou utierkou.<\/p>\n<p class=\"p1\">Nezanech\u00e1va mokr\u00e9 stopy a prepo\u017ei\u010diava origin\u00e1lny impregn\u00e1ciu.<\/p>\n<p class=\"p1\">Konzerv\u00e1cia chr\u00e1ni pred op\u00e4tovn\u00fdm r\u00fdchlym zne\u010disten\u00edm.<\/p>\n<h3 class=\"p1\"><b>N\u00e1vod na pou\u017eitie :<\/b><\/h3>\n<ol>\n<li class=\"p1\">V z\u00e1vislosti od zne\u010distenia naneste prostriedok zrieden\u00fd v pomere 1: 5 a\u017e 1:20 pomocou\u00a0<strong>rozpra\u0161ovacej f\u013ea\u0161e<\/strong>\u00a0a\u00a0<strong>rukav\u00edc z mikrovl\u00e1kna<\/strong>\u00a0pod.<\/li>\n<li class=\"p1\">Nechajte kr\u00e1tko p\u00f4sobi\u0165<\/li>\n<li class=\"p1\">Pomocou\u00a0<strong>hubky<\/strong>\u00a0alebo\u00a0<strong>utierky z mikrovl\u00e1kna<\/strong>\u00a0opatrne \u010distite smerom k hlavn\u00e9mu vl\u00e1knu<\/li>\n<li class=\"p1\">Zvy\u0161ky v\u00fdrobku a vzniknut\u00fa penu zotrite vlhkou utierkou alebo vysajte vys\u00e1va\u010dom na sucho \/ na mokro<\/li>\n<li class=\"p1\">Pri pou\u017eit\u00ed v tepovac\u00edch pr\u00edstrojoch a in\u00fdch \u010distiacich pr\u00edstrojoch na koberce odpor\u00fa\u010dame prid\u00e1va\u0165 prostriedok pre neutraliz\u00e1ciu ne\u017eiaducej peny\u00a0<b>Kocentsch\u00e4umer.<\/b><\/li>\n<\/ol>\n<h3 class=\"p1\"><b>Upozornenie :<\/b><\/h3>\n<p class=\"p1\">Pred pou\u017eit\u00edm skontrolujte st\u00e1lofarebnos\u0165 a zn\u00e1\u0161anlivos\u0165 materi\u00e1lu.<\/p>\n","protected":false},"excerpt":{"rendered":"<p>\u010cistiaci prostriedok na text\u00edliu; ko\u017eu a alcantaru Efekt\u00edvny neutr\u00e1lny \u010distiaci prostriedok s konzerva\u010dnou l\u00e1tkou pre ko\u017eu, alcantara a text\u00edlie ako \u010dal\u00fanenie\u00a0a koberce. Penov\u00e9 lamely s jemn\u00fdmi p\u00f3rmi prenikaj\u00fa do h\u013abky vl\u00e1kien a transportuj\u00fa ne\u010distoty, ktor\u00e9 sa daj\u00fa vysa\u0165 vys\u00e1va\u010dom na mokro \/ na sucho alebo zotrie\u0165 vlhkou utierkou. Nezanech\u00e1va mokr\u00e9 stopy a prepo\u017ei\u010diava origin\u00e1lny impregn\u00e1ciu.&hellip;<\/p>\n","protected":false},"featured_media":63027,"template":"","meta":{"inline_featured_image":false},"product_brand":[],"product_cat":[915],"product_tag":[],"class_list":{"0":"post-63026","1":"product","2":"type-product","3":"status-publish","4":"has-post-thumbnail","6":"product_cat-cistice-interieru","7":"description-off","9":"first","10":"instock","11":"taxable","12":"shipping-taxable","13":"purchasable","14":"product-type-simple"},"_links":{"self":[{"href":"https:\/\/www.premacolors.sk\/eshop\/wp-json\/wp\/v2\/product\/63026","targetHints":{"allow":["GET"]}}],"collection":[{"href":"https:\/\/www.premacolors.sk\/eshop\/wp-json\/wp\/v2\/product"}],"about":[{"href":"https:\/\/www.premacolors.sk\/eshop\/wp-json\/wp\/v2\/types\/product"}],"wp:featuredmedia":[{"embeddable":true,"href":"https:\/\/www.premacolors.sk\/eshop\/wp-json\/wp\/v2\/media\/63027"}],"wp:attachment":[{"href":"https:\/\/www.premacolors.sk\/eshop\/wp-json\/wp\/v2\/media?parent=63026"}],"wp:term":[{"taxonomy":"product_brand","embeddable":true,"href":"https:\/\/www.premacolors.sk\/eshop\/wp-json\/wp\/v2\/product_brand?post=63026"},{"taxonomy":"product_cat","embeddable":true,"href":"https:\/\/www.premacolors.sk\/eshop\/wp-json\/wp\/v2\/product_cat?post=63026"},{"taxonomy":"product_tag","embeddable":true,"href":"https:\/\/www.premacolors.sk\/eshop\/wp-json\/wp\/v2\/product_tag?post=63026"}],"curies":[{"name":"wp","href":"https:\/\/api.w.org\/{rel}","templated":true}]}}