{"id":62911,"date":"2025-02-15T13:03:37","date_gmt":"2025-02-15T12:03:37","guid":{"rendered":"https:\/\/www.premacolors.sk\/eshop\/?post_type=product&#038;p=62911"},"modified":"2025-11-16T13:33:22","modified_gmt":"2025-11-16T12:33:22","slug":"koch-chemie-p2-03-abrazivna-lestenka-1l","status":"publish","type":"product","link":"https:\/\/www.premacolors.sk\/eshop\/produkt\/koch-chemie-p2-03-abrazivna-lestenka-1l\/","title":{"rendered":"Koch Chemie P2.03 Abraz\u00edvna le\u0161tenka 1L"},"content":{"rendered":"<h3><span class=\"VIiyi\" lang=\"sk\"><span class=\"JLqJ4b ChMk0b\" data-language-for-alternatives=\"sk\" data-language-to-translate-into=\"cs\" data-phrase-index=\"0\" data-number-of-phrases=\"6\"><strong>Lack-Polish violet<\/strong>\u00a0o\u0161etruje a konzervuje mierne a stredne zvetran\u00e9 laky.<\/span>\u00a0<\/span><\/h3>\n<h3><span class=\"VIiyi\" lang=\"sk\"><span class=\"JLqJ4b ChMk0b\" data-language-for-alternatives=\"sk\" data-language-to-translate-into=\"cs\" data-phrase-index=\"1\" data-number-of-phrases=\"6\">Tento abraz\u00edvny le\u0161tiaci pr\u00edpravok vytv\u00e1ra pri strojovom a manu\u00e1lnom nan\u00e1\u0161an\u00ed optim\u00e1lny vysoko leskl\u00fd povrch bez \u0161kv\u0155n.<\/span>\u00a0<\/span><\/h3>\n<h3><span class=\"VIiyi\" lang=\"sk\"><span class=\"JLqJ4b ChMk0b\" data-language-for-alternatives=\"sk\" data-language-to-translate-into=\"cs\" data-phrase-index=\"2\" data-number-of-phrases=\"6\">O\u0161etren\u00e9 povrchy s\u00fa konzervovan\u00e9.<\/span>\u00a0<\/span><\/h3>\n<h3><span class=\"VIiyi\" lang=\"sk\"><span class=\"JLqJ4b ChMk0b\" data-language-for-alternatives=\"sk\" data-language-to-translate-into=\"cs\" data-phrase-index=\"3\" data-number-of-phrases=\"6\">Na \u00fa\u010dinn\u00e9 odstr\u00e1nenie \u0161krabancov odpor\u00fa\u010dame pou\u017ei\u0165 br\u00fasny le\u0161tiaci kot\u00fa\u010d kot\u00fa\u010d\u00a0<strong><a href=\"https:\/\/www.kcshop.sk\/produkt\/fine-cut-pad-3\/\">Fine Cut Pad<\/a>.<\/strong><\/span>\u00a0<\/span><\/h3>\n<h3><span class=\"VIiyi\" lang=\"sk\"><span class=\"JLqJ4b ChMk0b\" data-language-for-alternatives=\"sk\" data-language-to-translate-into=\"cs\" data-phrase-index=\"4\" data-number-of-phrases=\"6\">V pr\u00edpade mierneho zvetrania vytvor\u00ed br\u00fasny kot\u00fa\u010d\u00a0<strong><a href=\"https:\/\/www.kcshop.sk\/produkt\/polish-sealing-pad-2\/\">Polish &amp; Sealing Pad<\/a>\u00a0<\/strong>vysoko leskl\u00fd povrch.<\/span><\/span><\/h3>\n<ul>\n<li>\n<h3><span class=\"VIiyi\" lang=\"sk\"><span class=\"JLqJ4b ChMk0b\" data-language-for-alternatives=\"sk\" data-language-to-translate-into=\"cs\" data-phrase-index=\"5\" data-number-of-phrases=\"6\"><strong>Stupe\u0148 br\u00fasenia:<\/strong>\u00a02;0<\/span><\/span><\/h3>\n<\/li>\n<li>\n<h3><strong>Stupe\u0148 lesku:<\/strong>\u00a09;3<\/h3>\n<\/li>\n<\/ul>\n","protected":false},"excerpt":{"rendered":"<p>Lack-Polish violet\u00a0o\u0161etruje a konzervuje mierne a stredne zvetran\u00e9 laky.\u00a0 Tento abraz\u00edvny le\u0161tiaci pr\u00edpravok vytv\u00e1ra pri strojovom a manu\u00e1lnom nan\u00e1\u0161an\u00ed optim\u00e1lny vysoko leskl\u00fd povrch bez \u0161kv\u0155n.\u00a0 O\u0161etren\u00e9 povrchy s\u00fa konzervovan\u00e9.\u00a0 Na \u00fa\u010dinn\u00e9 odstr\u00e1nenie \u0161krabancov odpor\u00fa\u010dame pou\u017ei\u0165 br\u00fasny le\u0161tiaci kot\u00fa\u010d kot\u00fa\u010d\u00a0Fine Cut Pad.\u00a0 V pr\u00edpade mierneho zvetrania vytvor\u00ed br\u00fasny kot\u00fa\u010d\u00a0Polish &amp; Sealing Pad\u00a0vysoko leskl\u00fd povrch. Stupe\u0148 br\u00fasenia:\u00a02;0&hellip;<\/p>\n","protected":false},"featured_media":62912,"template":"","meta":{"inline_featured_image":false},"product_brand":[],"product_cat":[907],"product_tag":[],"class_list":{"0":"post-62911","1":"product","2":"type-product","3":"status-publish","4":"has-post-thumbnail","6":"product_cat-rucne-lestenie","7":"description-off","9":"first","10":"instock","11":"taxable","12":"shipping-taxable","13":"purchasable","14":"product-type-simple"},"_links":{"self":[{"href":"https:\/\/www.premacolors.sk\/eshop\/wp-json\/wp\/v2\/product\/62911","targetHints":{"allow":["GET"]}}],"collection":[{"href":"https:\/\/www.premacolors.sk\/eshop\/wp-json\/wp\/v2\/product"}],"about":[{"href":"https:\/\/www.premacolors.sk\/eshop\/wp-json\/wp\/v2\/types\/product"}],"wp:featuredmedia":[{"embeddable":true,"href":"https:\/\/www.premacolors.sk\/eshop\/wp-json\/wp\/v2\/media\/62912"}],"wp:attachment":[{"href":"https:\/\/www.premacolors.sk\/eshop\/wp-json\/wp\/v2\/media?parent=62911"}],"wp:term":[{"taxonomy":"product_brand","embeddable":true,"href":"https:\/\/www.premacolors.sk\/eshop\/wp-json\/wp\/v2\/product_brand?post=62911"},{"taxonomy":"product_cat","embeddable":true,"href":"https:\/\/www.premacolors.sk\/eshop\/wp-json\/wp\/v2\/product_cat?post=62911"},{"taxonomy":"product_tag","embeddable":true,"href":"https:\/\/www.premacolors.sk\/eshop\/wp-json\/wp\/v2\/product_tag?post=62911"}],"curies":[{"name":"wp","href":"https:\/\/api.w.org\/{rel}","templated":true}]}}