{"id":62907,"date":"2025-02-15T09:56:09","date_gmt":"2025-02-15T08:56:09","guid":{"rendered":"https:\/\/www.premacolors.sk\/eshop\/?post_type=product&#038;p=62907"},"modified":"2025-05-28T18:31:23","modified_gmt":"2025-05-28T16:31:23","slug":"mipa-1k-epoxy-primer-spray-antikorozny-zakladovaci-plnic-400-ml","status":"publish","type":"product","link":"https:\/\/www.premacolors.sk\/eshop\/produkt\/mipa-1k-epoxy-primer-spray-antikorozny-zakladovaci-plnic-400-ml\/","title":{"rendered":"MIPA 1K EPOXY PRIMER SPRAY ANTIKOR\u00d3ZNY Z\u00c1KLADOVAC\u00cd PLNI\u010c 400 ML"},"content":{"rendered":"<h3>Jednokomponentn\u00fd na b\u00e1ze epoxidu vyroben\u00fd opravn\u00fd z\u00e1kladovac\u00ed plni\u010d.<\/h3>\n<h3>V\u00fdborne sa tie\u017e hod\u00ed ako antikor\u00f3zny z\u00e1klad.<\/h3>\n<h3>M\u00e1 vynikaj\u00face izola\u010dn\u00e9 vlastnosti.<\/h3>\n<h3>Pou\u017eite\u013en\u00fd na prebr\u00fasen\u00e9 nosn\u00e9 farby, tov\u00e1rensk\u00e9 z\u00e1klady, alebo tie\u017e priamo na hol\u00e9 kovy ako oce\u013e, hlin\u00edk a pozink.<\/h3>\n<h3>Materi\u00e1l r\u00fdchlo zasych\u00e1 a je ve\u013emi dobre br\u00fasite\u013en\u00fd.<\/h3>\n<h3>Je tie\u017e vhodn\u00fd pre opravy &#8220;spot-repair&#8221;, vytv\u00e1ra jemn\u00e9, r\u00fdchlo zabr\u00fasite\u013en\u00e9 prechody a nevytv\u00e1ra ve\u013ea rozprachu.<\/h3>\n<h3>T\u00fdm spor\u00ed \u010das a tie\u017e aj n\u00e1klady.<\/h3>\n<h3>Profesion\u00e1lna kvalita.<\/h3>\n<h3>Nanies\u0165 v 2-3 tenk\u00fdch vrstv\u00e1ch.<\/h3>\n<h3>Siv\u00fd.<\/h3>\n","protected":false},"excerpt":{"rendered":"<p>Jednokomponentn\u00fd na b\u00e1ze epoxidu vyroben\u00fd opravn\u00fd z\u00e1kladovac\u00ed plni\u010d. V\u00fdborne sa tie\u017e hod\u00ed ako antikor\u00f3zny z\u00e1klad. M\u00e1 vynikaj\u00face izola\u010dn\u00e9 vlastnosti. Pou\u017eite\u013en\u00fd na prebr\u00fasen\u00e9 nosn\u00e9 farby, tov\u00e1rensk\u00e9 z\u00e1klady, alebo tie\u017e priamo na hol\u00e9 kovy ako oce\u013e, hlin\u00edk a pozink. Materi\u00e1l r\u00fdchlo zasych\u00e1 a je ve\u013emi dobre br\u00fasite\u013en\u00fd. Je tie\u017e vhodn\u00fd pre opravy &#8220;spot-repair&#8221;, vytv\u00e1ra jemn\u00e9, r\u00fdchlo zabr\u00fasite\u013en\u00e9&hellip;<\/p>\n","protected":false},"featured_media":62908,"template":"","meta":{"inline_featured_image":false},"product_brand":[],"product_cat":[525],"product_tag":[],"class_list":{"0":"post-62907","1":"product","2":"type-product","3":"status-publish","4":"has-post-thumbnail","6":"product_cat-plnice-a-zaklady","7":"description-off","9":"first","10":"instock","11":"taxable","12":"shipping-taxable","13":"purchasable","14":"product-type-simple"},"_links":{"self":[{"href":"https:\/\/www.premacolors.sk\/eshop\/wp-json\/wp\/v2\/product\/62907","targetHints":{"allow":["GET"]}}],"collection":[{"href":"https:\/\/www.premacolors.sk\/eshop\/wp-json\/wp\/v2\/product"}],"about":[{"href":"https:\/\/www.premacolors.sk\/eshop\/wp-json\/wp\/v2\/types\/product"}],"wp:featuredmedia":[{"embeddable":true,"href":"https:\/\/www.premacolors.sk\/eshop\/wp-json\/wp\/v2\/media\/62908"}],"wp:attachment":[{"href":"https:\/\/www.premacolors.sk\/eshop\/wp-json\/wp\/v2\/media?parent=62907"}],"wp:term":[{"taxonomy":"product_brand","embeddable":true,"href":"https:\/\/www.premacolors.sk\/eshop\/wp-json\/wp\/v2\/product_brand?post=62907"},{"taxonomy":"product_cat","embeddable":true,"href":"https:\/\/www.premacolors.sk\/eshop\/wp-json\/wp\/v2\/product_cat?post=62907"},{"taxonomy":"product_tag","embeddable":true,"href":"https:\/\/www.premacolors.sk\/eshop\/wp-json\/wp\/v2\/product_tag?post=62907"}],"curies":[{"name":"wp","href":"https:\/\/api.w.org\/{rel}","templated":true}]}}