{"id":62901,"date":"2025-02-15T09:40:01","date_gmt":"2025-02-15T08:40:01","guid":{"rendered":"https:\/\/www.premacolors.sk\/eshop\/?post_type=product&#038;p=62901"},"modified":"2025-05-28T18:31:34","modified_gmt":"2025-05-28T16:31:34","slug":"miparox-spray-epoxidovy-pecatiaci-zaklad-proti-hrdzi-400-ml","status":"publish","type":"product","link":"https:\/\/www.premacolors.sk\/eshop\/produkt\/miparox-spray-epoxidovy-pecatiaci-zaklad-proti-hrdzi-400-ml\/","title":{"rendered":"Miparox Spray epoxidov\u00fd pe\u010datiaci z\u00e1klad proti hrdzi 400 ml"},"content":{"rendered":"<h2>\u0160peci\u00e1lny prelakovate\u013en\u00fd z\u00e1klad potl\u00e1\u010daj\u00faci hrdzu na b\u00e1ze epoxidu.<\/h2>\n<h2>Vnik\u00e1 do vrstiev hrdze a zape\u010dat\u00ed ju.<\/h2>\n<h2>Taktie\u017e p\u00f4sob\u00ed chemicky.<\/h2>\n<h2>Po vysu\u0161en\u00ed sa povrch ukazuje ako tmavosiv\u00fd a\u017e \u010dierny.<\/h2>\n<h2>Trvanliv\u00e1 antikor\u00f3zna ochrana a z\u00e1klad v jednom.<\/h2>\n<h2>Vytvrdzuje po 12 &#8211; 24 hodin\u00e1ch.<\/h2>\n<h2>Hrub\u00e9 n\u00e1nosy hrdze mechanicky odtr\u00e1ni\u0165 a<br \/>\nn\u00e1sledne odmastni\u0165.<\/h2>\n<h2>Nan\u00e1\u0161a\u0165 v 3-4 vrstv\u00e1ch, ka\u017ed\u00fa vrstvu necha\u0165 dobre<br \/>\nzaschn\u00fa\u0165.<\/h2>\n<h2>Transparentno-tmavosiv\u00fd.<\/h2>\n<p>&nbsp;<\/p>\n","protected":false},"excerpt":{"rendered":"<p>\u0160peci\u00e1lny prelakovate\u013en\u00fd z\u00e1klad potl\u00e1\u010daj\u00faci hrdzu na b\u00e1ze epoxidu. Vnik\u00e1 do vrstiev hrdze a zape\u010dat\u00ed ju. Taktie\u017e p\u00f4sob\u00ed chemicky. Po vysu\u0161en\u00ed sa povrch ukazuje ako tmavosiv\u00fd a\u017e \u010dierny. Trvanliv\u00e1 antikor\u00f3zna ochrana a z\u00e1klad v jednom. Vytvrdzuje po 12 &#8211; 24 hodin\u00e1ch. Hrub\u00e9 n\u00e1nosy hrdze mechanicky odtr\u00e1ni\u0165 a n\u00e1sledne odmastni\u0165. Nan\u00e1\u0161a\u0165 v 3-4 vrstv\u00e1ch, ka\u017ed\u00fa vrstvu necha\u0165&hellip;<\/p>\n","protected":false},"featured_media":62902,"template":"","meta":{"inline_featured_image":false},"product_brand":[],"product_cat":[525],"product_tag":[],"class_list":{"0":"post-62901","1":"product","2":"type-product","3":"status-publish","4":"has-post-thumbnail","6":"product_cat-plnice-a-zaklady","7":"description-off","9":"first","10":"instock","11":"taxable","12":"shipping-taxable","13":"purchasable","14":"product-type-simple"},"_links":{"self":[{"href":"https:\/\/www.premacolors.sk\/eshop\/wp-json\/wp\/v2\/product\/62901","targetHints":{"allow":["GET"]}}],"collection":[{"href":"https:\/\/www.premacolors.sk\/eshop\/wp-json\/wp\/v2\/product"}],"about":[{"href":"https:\/\/www.premacolors.sk\/eshop\/wp-json\/wp\/v2\/types\/product"}],"wp:featuredmedia":[{"embeddable":true,"href":"https:\/\/www.premacolors.sk\/eshop\/wp-json\/wp\/v2\/media\/62902"}],"wp:attachment":[{"href":"https:\/\/www.premacolors.sk\/eshop\/wp-json\/wp\/v2\/media?parent=62901"}],"wp:term":[{"taxonomy":"product_brand","embeddable":true,"href":"https:\/\/www.premacolors.sk\/eshop\/wp-json\/wp\/v2\/product_brand?post=62901"},{"taxonomy":"product_cat","embeddable":true,"href":"https:\/\/www.premacolors.sk\/eshop\/wp-json\/wp\/v2\/product_cat?post=62901"},{"taxonomy":"product_tag","embeddable":true,"href":"https:\/\/www.premacolors.sk\/eshop\/wp-json\/wp\/v2\/product_tag?post=62901"}],"curies":[{"name":"wp","href":"https:\/\/api.w.org\/{rel}","templated":true}]}}