{"id":62896,"date":"2025-02-15T09:31:56","date_gmt":"2025-02-15T08:31:56","guid":{"rendered":"https:\/\/www.premacolors.sk\/eshop\/?post_type=product&#038;p=62896"},"modified":"2025-11-16T13:34:30","modified_gmt":"2025-11-16T12:34:30","slug":"koch-chemie-micro-cut-tvrdy-kotuc","status":"publish","type":"product","link":"https:\/\/www.premacolors.sk\/eshop\/produkt\/koch-chemie-micro-cut-tvrdy-kotuc\/","title":{"rendered":"Koch Chemie Micro Cut tvrd\u00fd kot\u00fa\u010d"},"content":{"rendered":"<p>Vysoko kvalitn\u00fd antihologramov\u00fd pad na odstra\u0148ovanie jemn\u00fdch \u0161krabancov, hologramov a st\u00f4p po le\u0161ten\u00ed \u00a0pomocou\u00a0<strong>Micro Cut<\/strong>\u00a0a\u00a0<strong>Micro Cut &amp; Finish.<\/strong><\/p>\n<p>V\u00fd\u0161ka 25 mm vytv\u00e1ra zn\u00ed\u017een\u00e9 torzn\u00e9 sily, ve\u013emi dobr\u00fa man\u00e9vrovate\u013enos\u0165 a najvy\u0161\u0161iu \u00farove\u0148 stability. \u0160peci\u00e1lna hustota penov\u00e9ho materi\u00e1lu umo\u017e\u0148uje dlhotrvaj\u00facu kompresn\u00fa tvrdos\u0165 po\u010das le\u0161tenia.<\/p>\n<p>\u0160peci\u00e1lna hustota penov\u00e9ho materi\u00e1lu umo\u017e\u0148uje dlhotrvaj\u00facu tuhos\u0165 pri pomernom stla\u010den\u00ed po\u010das le\u0161tenia. Vyfr\u00e9zovan\u00e1 hrana umo\u017e\u0148uje v\u00e4\u010d\u0161iu flexibilitu kot\u00fa\u010da a v\u010faka tomu sa le\u0161tiaci kot\u00fa\u010d lep\u0161ie prisp\u00f4sob\u00ed prechodom karos\u00e9rie.<\/p>\n<p>Farebn\u00e9 ozna\u010denie le\u0161tiaceho kot\u00fa\u010da je rovnak\u00e9 ako farebn\u00e9 ozna\u010denie le\u0161tiacej pasty, pre lep\u0161iu orient\u00e1ciu pri v\u00fdbere spr\u00e1vnej pasty.<\/p>\n","protected":false},"excerpt":{"rendered":"<p>Vysoko kvalitn\u00fd antihologramov\u00fd pad na odstra\u0148ovanie jemn\u00fdch \u0161krabancov, hologramov a st\u00f4p po le\u0161ten\u00ed \u00a0pomocou\u00a0Micro Cut\u00a0a\u00a0Micro Cut &amp; Finish. V\u00fd\u0161ka 25 mm vytv\u00e1ra zn\u00ed\u017een\u00e9 torzn\u00e9 sily, ve\u013emi dobr\u00fa man\u00e9vrovate\u013enos\u0165 a najvy\u0161\u0161iu \u00farove\u0148 stability. \u0160peci\u00e1lna hustota penov\u00e9ho materi\u00e1lu umo\u017e\u0148uje dlhotrvaj\u00facu kompresn\u00fa tvrdos\u0165 po\u010das le\u0161tenia. \u0160peci\u00e1lna hustota penov\u00e9ho materi\u00e1lu umo\u017e\u0148uje dlhotrvaj\u00facu tuhos\u0165 pri pomernom stla\u010den\u00ed po\u010das le\u0161tenia. Vyfr\u00e9zovan\u00e1&hellip;<\/p>\n","protected":false},"featured_media":62900,"template":"","meta":{"inline_featured_image":false},"product_brand":[],"product_cat":[906],"product_tag":[],"class_list":{"0":"post-62896","1":"product","2":"type-product","3":"status-publish","4":"has-post-thumbnail","6":"product_cat-lestiace-kotuce-a-handricky","7":"description-off","9":"first","10":"instock","11":"taxable","12":"shipping-taxable","13":"purchasable","14":"product-type-variable"},"_links":{"self":[{"href":"https:\/\/www.premacolors.sk\/eshop\/wp-json\/wp\/v2\/product\/62896","targetHints":{"allow":["GET"]}}],"collection":[{"href":"https:\/\/www.premacolors.sk\/eshop\/wp-json\/wp\/v2\/product"}],"about":[{"href":"https:\/\/www.premacolors.sk\/eshop\/wp-json\/wp\/v2\/types\/product"}],"wp:featuredmedia":[{"embeddable":true,"href":"https:\/\/www.premacolors.sk\/eshop\/wp-json\/wp\/v2\/media\/62900"}],"wp:attachment":[{"href":"https:\/\/www.premacolors.sk\/eshop\/wp-json\/wp\/v2\/media?parent=62896"}],"wp:term":[{"taxonomy":"product_brand","embeddable":true,"href":"https:\/\/www.premacolors.sk\/eshop\/wp-json\/wp\/v2\/product_brand?post=62896"},{"taxonomy":"product_cat","embeddable":true,"href":"https:\/\/www.premacolors.sk\/eshop\/wp-json\/wp\/v2\/product_cat?post=62896"},{"taxonomy":"product_tag","embeddable":true,"href":"https:\/\/www.premacolors.sk\/eshop\/wp-json\/wp\/v2\/product_tag?post=62896"}],"curies":[{"name":"wp","href":"https:\/\/api.w.org\/{rel}","templated":true}]}}