{"id":62813,"date":"2025-01-25T09:57:26","date_gmt":"2025-01-25T08:57:26","guid":{"rendered":"https:\/\/www.premacolors.sk\/eshop\/?post_type=product&#038;p=62813"},"modified":"2025-11-16T13:36:27","modified_gmt":"2025-11-16T12:36:27","slug":"koch-chemie-micro-cut-m2-02-antihologramova-lestiaca-pasta","status":"publish","type":"product","link":"https:\/\/www.premacolors.sk\/eshop\/produkt\/koch-chemie-micro-cut-m2-02-antihologramova-lestiaca-pasta\/","title":{"rendered":"Koch Chemie Micro Cut M2.02 &#8211; Antihologramov\u00e1 le\u0161tiaca pasta"},"content":{"rendered":"<h3>Br\u00fasna pasta s mikro-\u010dasticami bez silik\u00f3nov\u00e9ho oleja<\/h3>\n<p class=\"p1\">Antihologramov\u00e1 pasta<span class=\"Apple-converted-space\">\u00a0<\/span>s vysok\u00fd leskom Micro Cut M2.02 je pasta<span class=\"Apple-converted-space\">\u00a0<\/span>s mikro\u010dasticami pre strojov\u00e9 le\u0161tenie najnov\u0161ej gener\u00e1cie na trval\u00e9 odstr\u00e1nenie st\u00f4p po le\u0161ten\u00ed; hologramoch; jemn\u00fdch \u0161krabancoch a\u017e do zrnitosti o ve\u013ekosti 4 000 pre v\u0161etky druhy lakov<span class=\"Apple-converted-space\">\u00a0<\/span>(vr\u00e1tane odoln\u00fdch proti po\u0161kriabaniu). V\u010faka pou\u017eitiu vysoko \u0161pecializovan\u00fdch a extr\u00e9mne homog\u00e9nnych br\u00fasnych telies sa dosiahne dokonca na tmav\u00fdch a podobne citliv\u00fdch farebn\u00fdch odtie\u0148och pri extr\u00e9mnych sveteln\u00fdch podmienkach brilantn\u00fd a trvanliv\u00fd vysok\u00fd lesk povrchu. Hologramy a jemn\u00e9 \u0161krabance sa mechanicky odstr\u00e1nia. Antihologramov\u00e1 pasta s vysok\u00fdm leskom Micro Cut M2.02 je obzvl\u00e1\u0161\u0165 v\u00fddatn\u00e1; d\u00e1 sa dobre vyle\u0161ti\u0165 a bezo zvy\u0161kov odstr\u00e1ni\u0165.<\/p>\n<p>Balenie: 250ml, 1000ml<\/p>\n<h3 class=\"p1\"><b>Oblas\u0165 pou\u017eitia :<\/b><\/h3>\n<p class=\"p1\">Za \u00fa\u010delom vytvorenia optim\u00e1lnych v\u00fdsledkov odpor\u00fa\u010dame pri le\u0161ten\u00ed pou\u017e\u00edva\u0165 n\u00e1\u0161\u00a0<b>Micro Cut Pad<\/b>\u00a0a excentrickou br\u00fasku s n\u00fatenou rot\u00e1ciou (napr.\u00a0<b>Makita PO5000C<\/b>; najvy\u0161\u0161\u00ed po\u010det ot\u00e1\u010dok). Pr\u00edpadne m\u00f4\u017eete pou\u017ei\u0165 na opracovanie povrchov rota\u010dn\u00fa le\u0161ti\u010dku v kombin\u00e1cii s na\u0161im\u00a0<b>Micro Cut Pad\u00a0<\/b>. Pastu<span class=\"Apple-converted-space\">\u00a0<\/span>rovnomerne rozotrite pri vypnutom stroji na opracovan\u00fd povrch a n\u00e1sledne vyle\u0161tite miernym tlakom do kr\u00ed\u017ea; k\u00fdm sa nevytvor\u00ed transparentn\u00fd film; to znamen\u00e1; k\u00fdm sa kompletne nerozpadne oxid hlinit\u00fd obsiahnut\u00fd v paste. Pady pou\u017e\u00edvan\u00e9 na tento v\u00fdrobok nepou\u017e\u00edvajte s in\u00fdmi produktmi. Na odstr\u00e1nenie zvy\u0161kov pasty bez \u0161krabancov a r\u00fdh odpor\u00fa\u010dame\u00a0<b><a href=\"https:\/\/www.kcshop.sk\/produkt\/kcx-polish-and-sealing-towel\/\" target=\"_blank\" rel=\"noopener noreferrer\">na\u0161u profesion\u00e1lnu utierku z mikrovl\u00e1kna rezan\u00fa ultrazvukom<\/a>.<\/b><\/p>\n<h3 class=\"p1\"><b>Upozornenie:<\/b><\/h3>\n<p class=\"p3\">Pred pou\u017eit\u00edm pretrepte. Pred pou\u017eit\u00edm skontrolujte vhodnos\u0165 a zn\u00e1\u0161anlivos\u0165. Nepou\u017e\u00edvajte na hor\u00face povrchy. Chr\u00e1\u0148te pred mrazom a nadmern\u00fdm teplom.<\/p>\n","protected":false},"excerpt":{"rendered":"<p>Br\u00fasna pasta s mikro-\u010dasticami bez silik\u00f3nov\u00e9ho oleja Antihologramov\u00e1 pasta\u00a0s vysok\u00fd leskom Micro Cut M2.02 je pasta\u00a0s mikro\u010dasticami pre strojov\u00e9 le\u0161tenie najnov\u0161ej gener\u00e1cie na trval\u00e9 odstr\u00e1nenie st\u00f4p po le\u0161ten\u00ed; hologramoch; jemn\u00fdch \u0161krabancoch a\u017e do zrnitosti o ve\u013ekosti 4 000 pre v\u0161etky druhy lakov\u00a0(vr\u00e1tane odoln\u00fdch proti po\u0161kriabaniu). V\u010faka pou\u017eitiu vysoko \u0161pecializovan\u00fdch a extr\u00e9mne homog\u00e9nnych br\u00fasnych telies sa&hellip;<\/p>\n","protected":false},"featured_media":62817,"template":"","meta":{"inline_featured_image":false},"product_brand":[],"product_cat":[644],"product_tag":[],"class_list":{"0":"post-62813","1":"product","2":"type-product","3":"status-publish","4":"has-post-thumbnail","6":"product_cat-lestiace-pasty","7":"description-off","9":"first","10":"instock","11":"taxable","12":"shipping-taxable","13":"purchasable","14":"product-type-variable"},"_links":{"self":[{"href":"https:\/\/www.premacolors.sk\/eshop\/wp-json\/wp\/v2\/product\/62813","targetHints":{"allow":["GET"]}}],"collection":[{"href":"https:\/\/www.premacolors.sk\/eshop\/wp-json\/wp\/v2\/product"}],"about":[{"href":"https:\/\/www.premacolors.sk\/eshop\/wp-json\/wp\/v2\/types\/product"}],"wp:featuredmedia":[{"embeddable":true,"href":"https:\/\/www.premacolors.sk\/eshop\/wp-json\/wp\/v2\/media\/62817"}],"wp:attachment":[{"href":"https:\/\/www.premacolors.sk\/eshop\/wp-json\/wp\/v2\/media?parent=62813"}],"wp:term":[{"taxonomy":"product_brand","embeddable":true,"href":"https:\/\/www.premacolors.sk\/eshop\/wp-json\/wp\/v2\/product_brand?post=62813"},{"taxonomy":"product_cat","embeddable":true,"href":"https:\/\/www.premacolors.sk\/eshop\/wp-json\/wp\/v2\/product_cat?post=62813"},{"taxonomy":"product_tag","embeddable":true,"href":"https:\/\/www.premacolors.sk\/eshop\/wp-json\/wp\/v2\/product_tag?post=62813"}],"curies":[{"name":"wp","href":"https:\/\/api.w.org\/{rel}","templated":true}]}}