{"id":62783,"date":"2025-01-23T18:39:57","date_gmt":"2025-01-23T17:39:57","guid":{"rendered":"https:\/\/www.premacolors.sk\/eshop\/?post_type=product&#038;p=62783"},"modified":"2025-11-16T13:37:10","modified_gmt":"2025-11-16T12:37:10","slug":"koch-chemie-one-cut-finish-p6-02-jednokrokova-lestiaca-pasta","status":"publish","type":"product","link":"https:\/\/www.premacolors.sk\/eshop\/produkt\/koch-chemie-one-cut-finish-p6-02-jednokrokova-lestiaca-pasta\/","title":{"rendered":"Koch Chemie One Cut &#038; Finish P6.02 &#8211; Jednokrokov\u00e1 le\u0161tiaca pasta"},"content":{"rendered":"<p><strong>One Cut &amp; Finish P6.02<\/strong>\u00a0je strojov\u00e1 le\u0161tiaca pasta na trval\u00e9 odstr\u00e1nenie le\u0161tiacej hmly; hologramov a \u0161krabancov; ako aj br\u00fasenie zo zrnitosti P 2000 so s\u00fa\u010dasn\u00fdm konzerva\u010dn\u00fdm \u00fa\u010dinkom. Brilantn\u00fd a odoln\u00fd povrch s vysok\u00fdm leskom je vytvoren\u00fd pou\u017eit\u00edm homog\u00e9nnych abraz\u00edv.\u00a0<strong>Inovat\u00edvny One Cut &amp; Finish P6.02<\/strong>\u00a0kombinuje optim\u00e1lny pomer abrazivity a lesku pre ekonomick\u00fa a efekt\u00edvnu pr\u00e1cu pri pr\u00edprave vozidiel. One Cut &amp; Finish P6.02 je ekonomick\u00e1; \u013eahko sa le\u0161t\u00ed a \u013eahko dole\u0161tuje. Obsahuje karnaubsk\u00fd vosk a neprchav\u00e9 silik\u00f3ny.<\/p>\n<p>Balenie: 250ml, 1L<\/p>\n<ul>\n<li>Stupe\u0148 br\u00fasenia: 6;0<\/li>\n<li>Stupe\u0148 lesku: 8;0<\/li>\n<\/ul>\n<p><strong>N\u00e1vod na pou\u017eitie:<\/strong><\/p>\n<ol>\n<li>Pre dosiahnutie optim\u00e1lnych v\u00fdsledkov odpor\u00fa\u010dame spracovanie s na\u0161imi le\u0161tiac\u00edmi kot\u00fa\u010dmi\u00a0<a href=\"https:\/\/www.kcshop.sk\/produkt\/one-cut-pad-3\/\"><strong>One Cut Pad<\/strong><\/a>\u00a0a vysokov\u00fdkonn\u00fdm excentrom (min. zdvih 15 mm) alebo s excentrom s n\u00fatenou rot\u00e1ciou.<\/li>\n<li>Pre optim\u00e1lne d\u00e1vkovanie rovnomerne rozotrite p\u00e4\u0165 kvapiek o ve\u013ekosti hr\u00e1\u0161ku na podlo\u017eku.<\/li>\n<li>Pastu rovnomerne rozotrite po povrchu strojom pri najni\u017e\u0161\u00edch ot\u00e1\u010dkach a potom vyle\u0161tite do kr\u00ed\u017ea stredn\u00fdm tlakom.<\/li>\n<li>Nestriedajte \u0161pongie pou\u017e\u00edvan\u00e9 pre tento v\u00fdrobok s in\u00fdmi v\u00fdrobkami.<\/li>\n<li>Na odstr\u00e1nenie zvy\u0161kov pasty bez \u0161krabancov odpor\u00fa\u010dame na\u0161u ultrazvukom rezan\u00fa utierku\u00a0<a href=\"https:\/\/www.kcshop.sk\/produkt\/kcx-polish-and-sealing-towel\/\"><strong>Polish &amp; Sealing Towel<\/strong><\/a>.<\/li>\n<\/ol>\n<p><strong>Upozornenie:<\/strong><\/p>\n<ul>\n<li>Pred pou\u017eit\u00edm pretrepte.<\/li>\n<li>Pred pou\u017eit\u00edm skontrolujte vhodnos\u0165 a kompatibilitu.<\/li>\n<li>Neaplikujte na hor\u00face povrchy.<\/li>\n<li>Chr\u00e1\u0148te pred mrazom a nadmern\u00fdm teplom.<\/li>\n<li>Nepou\u017e\u00edvajte na lakovan\u00e9 plasty a gumu.<\/li>\n<\/ul>\n","protected":false},"excerpt":{"rendered":"<p>One Cut &amp; Finish P6.02\u00a0je strojov\u00e1 le\u0161tiaca pasta na trval\u00e9 odstr\u00e1nenie le\u0161tiacej hmly; hologramov a \u0161krabancov; ako aj br\u00fasenie zo zrnitosti P 2000 so s\u00fa\u010dasn\u00fdm konzerva\u010dn\u00fdm \u00fa\u010dinkom. Brilantn\u00fd a odoln\u00fd povrch s vysok\u00fdm leskom je vytvoren\u00fd pou\u017eit\u00edm homog\u00e9nnych abraz\u00edv.\u00a0Inovat\u00edvny One Cut &amp; Finish P6.02\u00a0kombinuje optim\u00e1lny pomer abrazivity a lesku pre ekonomick\u00fa a efekt\u00edvnu pr\u00e1cu pri&hellip;<\/p>\n","protected":false},"featured_media":62806,"template":"","meta":{"inline_featured_image":false},"product_brand":[],"product_cat":[644],"product_tag":[],"class_list":{"0":"post-62783","1":"product","2":"type-product","3":"status-publish","4":"has-post-thumbnail","6":"product_cat-lestiace-pasty","7":"description-off","9":"first","10":"instock","11":"taxable","12":"shipping-taxable","13":"purchasable","14":"product-type-variable"},"_links":{"self":[{"href":"https:\/\/www.premacolors.sk\/eshop\/wp-json\/wp\/v2\/product\/62783","targetHints":{"allow":["GET"]}}],"collection":[{"href":"https:\/\/www.premacolors.sk\/eshop\/wp-json\/wp\/v2\/product"}],"about":[{"href":"https:\/\/www.premacolors.sk\/eshop\/wp-json\/wp\/v2\/types\/product"}],"wp:featuredmedia":[{"embeddable":true,"href":"https:\/\/www.premacolors.sk\/eshop\/wp-json\/wp\/v2\/media\/62806"}],"wp:attachment":[{"href":"https:\/\/www.premacolors.sk\/eshop\/wp-json\/wp\/v2\/media?parent=62783"}],"wp:term":[{"taxonomy":"product_brand","embeddable":true,"href":"https:\/\/www.premacolors.sk\/eshop\/wp-json\/wp\/v2\/product_brand?post=62783"},{"taxonomy":"product_cat","embeddable":true,"href":"https:\/\/www.premacolors.sk\/eshop\/wp-json\/wp\/v2\/product_cat?post=62783"},{"taxonomy":"product_tag","embeddable":true,"href":"https:\/\/www.premacolors.sk\/eshop\/wp-json\/wp\/v2\/product_tag?post=62783"}],"curies":[{"name":"wp","href":"https:\/\/api.w.org\/{rel}","templated":true}]}}