{"id":61001,"date":"2023-03-13T22:27:48","date_gmt":"2023-03-13T21:27:48","guid":{"rendered":"https:\/\/www.premacolors.sk\/eshop\/?post_type=product&#038;p=61001"},"modified":"2025-07-23T19:15:22","modified_gmt":"2025-07-23T17:15:22","slug":"sia-vodne-brusivo","status":"publish","type":"product","link":"https:\/\/www.premacolors.sk\/eshop\/produkt\/sia-vodne-brusivo\/","title":{"rendered":"SIA Vodn\u00e9 brusivo"},"content":{"rendered":"<ul>\n<li>Ve\u013emi rovnomern\u00fd vzor br\u00fasenia<\/li>\n<li>Vysoko prisp\u00f4sobiv\u00e9 kont\u00faram a krivk\u00e1m<\/li>\n<li>K dispoz\u00edcii je cel\u00fd rozsah z\u0155n (P400 \u2013 P2000)<\/li>\n<li>Vysoko odoln\u00fd vo\u010di vode<\/li>\n<li>Mo\u017eno pou\u017ei\u0165 za mokra alebo za sucha<\/li>\n<li>Vysok\u00fd \u00faber materi\u00e1lu s dobrou povrchovou \u00fapravou<\/li>\n<\/ul>\n","protected":false},"excerpt":{"rendered":"<p>Ve\u013emi rovnomern\u00fd vzor br\u00fasenia Vysoko prisp\u00f4sobiv\u00e9 kont\u00faram a krivk\u00e1m K dispoz\u00edcii je cel\u00fd rozsah z\u0155n (P400 \u2013 P2000) Vysoko odoln\u00fd vo\u010di vode Mo\u017eno pou\u017ei\u0165 za mokra alebo za sucha Vysok\u00fd \u00faber materi\u00e1lu s dobrou povrchovou \u00fapravou<\/p>\n","protected":false},"featured_media":61008,"template":"","meta":{"inline_featured_image":false},"product_brand":[],"product_cat":[526],"product_tag":[],"class_list":{"0":"post-61001","1":"product","2":"type-product","3":"status-publish","4":"has-post-thumbnail","6":"product_cat-brusivo","7":"description-off","9":"first","10":"instock","11":"taxable","12":"shipping-taxable","13":"purchasable","14":"product-type-variable"},"_links":{"self":[{"href":"https:\/\/www.premacolors.sk\/eshop\/wp-json\/wp\/v2\/product\/61001","targetHints":{"allow":["GET"]}}],"collection":[{"href":"https:\/\/www.premacolors.sk\/eshop\/wp-json\/wp\/v2\/product"}],"about":[{"href":"https:\/\/www.premacolors.sk\/eshop\/wp-json\/wp\/v2\/types\/product"}],"wp:featuredmedia":[{"embeddable":true,"href":"https:\/\/www.premacolors.sk\/eshop\/wp-json\/wp\/v2\/media\/61008"}],"wp:attachment":[{"href":"https:\/\/www.premacolors.sk\/eshop\/wp-json\/wp\/v2\/media?parent=61001"}],"wp:term":[{"taxonomy":"product_brand","embeddable":true,"href":"https:\/\/www.premacolors.sk\/eshop\/wp-json\/wp\/v2\/product_brand?post=61001"},{"taxonomy":"product_cat","embeddable":true,"href":"https:\/\/www.premacolors.sk\/eshop\/wp-json\/wp\/v2\/product_cat?post=61001"},{"taxonomy":"product_tag","embeddable":true,"href":"https:\/\/www.premacolors.sk\/eshop\/wp-json\/wp\/v2\/product_tag?post=61001"}],"curies":[{"name":"wp","href":"https:\/\/api.w.org\/{rel}","templated":true}]}}