{"id":61000,"date":"2023-03-13T22:25:29","date_gmt":"2023-03-13T21:25:29","guid":{"rendered":"https:\/\/www.premacolors.sk\/eshop\/?post_type=product&#038;p=61000"},"modified":"2025-07-23T19:19:49","modified_gmt":"2025-07-23T17:19:49","slug":"sia-brusny-papier-115mmx280mm","status":"publish","type":"product","link":"https:\/\/www.premacolors.sk\/eshop\/produkt\/sia-brusny-papier-115mmx280mm\/","title":{"rendered":"SIA br\u00fasny papier 115mmx280mm"},"content":{"rendered":"<ul>\n<li>Br\u00fasny papier 115 mm x 280 mm, bez otvorov a bez such\u00e9ho zipsu<\/li>\n<li>Typ br\u00fasiva: 1948<\/li>\n<\/ul>\n","protected":false},"excerpt":{"rendered":"<p>Br\u00fasny papier 115 mm x 280 mm, bez otvorov a bez such\u00e9ho zipsu Typ br\u00fasiva: 1948<\/p>\n","protected":false},"featured_media":61007,"template":"","meta":{"inline_featured_image":false},"product_brand":[],"product_cat":[526],"product_tag":[],"class_list":{"0":"post-61000","1":"product","2":"type-product","3":"status-publish","4":"has-post-thumbnail","6":"product_cat-brusivo","7":"description-off","9":"first","10":"instock","11":"taxable","12":"shipping-taxable","13":"purchasable","14":"product-type-variable"},"_links":{"self":[{"href":"https:\/\/www.premacolors.sk\/eshop\/wp-json\/wp\/v2\/product\/61000","targetHints":{"allow":["GET"]}}],"collection":[{"href":"https:\/\/www.premacolors.sk\/eshop\/wp-json\/wp\/v2\/product"}],"about":[{"href":"https:\/\/www.premacolors.sk\/eshop\/wp-json\/wp\/v2\/types\/product"}],"wp:featuredmedia":[{"embeddable":true,"href":"https:\/\/www.premacolors.sk\/eshop\/wp-json\/wp\/v2\/media\/61007"}],"wp:attachment":[{"href":"https:\/\/www.premacolors.sk\/eshop\/wp-json\/wp\/v2\/media?parent=61000"}],"wp:term":[{"taxonomy":"product_brand","embeddable":true,"href":"https:\/\/www.premacolors.sk\/eshop\/wp-json\/wp\/v2\/product_brand?post=61000"},{"taxonomy":"product_cat","embeddable":true,"href":"https:\/\/www.premacolors.sk\/eshop\/wp-json\/wp\/v2\/product_cat?post=61000"},{"taxonomy":"product_tag","embeddable":true,"href":"https:\/\/www.premacolors.sk\/eshop\/wp-json\/wp\/v2\/product_tag?post=61000"}],"curies":[{"name":"wp","href":"https:\/\/api.w.org\/{rel}","templated":true}]}}