{"id":60999,"date":"2023-03-13T22:22:23","date_gmt":"2023-03-13T21:22:23","guid":{"rendered":"https:\/\/www.premacolors.sk\/eshop\/?post_type=product&#038;p=60999"},"modified":"2023-03-14T00:18:17","modified_gmt":"2023-03-13T23:18:17","slug":"roberlo-gova-duo-flexibilne-brusivo","status":"publish","type":"product","link":"https:\/\/www.premacolors.sk\/eshop\/produkt\/roberlo-gova-duo-flexibilne-brusivo\/","title":{"rendered":"Roberlo Gova duo flexibiln\u00e9 brusivo"},"content":{"rendered":"<p><strong>Roberlo Gova Duo flexibiln\u00fd pad:<\/strong><\/p>\n<ul>\n<li>Vysok\u00e1 flexibilita<\/li>\n<li>Br\u00fasna podlo\u017eka sa prisp\u00f4sob\u00ed obrobku<\/li>\n<li>Zabra\u0148uje po\u0161kodeniu povrchu v d\u00f4sledku z\u00e1hybov alebo z\u00e1hybov podlo\u017eky<\/li>\n<li>D\u00e1 sa pou\u017ei\u0165 viackr\u00e1t<\/li>\n<li>Dlh\u00e1 \u017eivotnos\u0165 a men\u0161ie zan\u00e1\u0161anie v\u010faka pou\u017eitiu flexibilnej \u017eivice a optim\u00e1lnemu rozlo\u017eeniu z\u0155n<\/li>\n<li>Ka\u017ed\u00e1 podlo\u017eka m\u00e1 in\u00fa farbu pre \u013eahk\u00fa identifik\u00e1ciu<\/li>\n<\/ul>\n","protected":false},"excerpt":{"rendered":"<p>Roberlo Gova Duo flexibiln\u00fd pad: Vysok\u00e1 flexibilita Br\u00fasna podlo\u017eka sa prisp\u00f4sob\u00ed obrobku Zabra\u0148uje po\u0161kodeniu povrchu v d\u00f4sledku z\u00e1hybov alebo z\u00e1hybov podlo\u017eky D\u00e1 sa pou\u017ei\u0165 viackr\u00e1t Dlh\u00e1 \u017eivotnos\u0165 a men\u0161ie zan\u00e1\u0161anie v\u010faka pou\u017eitiu flexibilnej \u017eivice a optim\u00e1lnemu rozlo\u017eeniu z\u0155n Ka\u017ed\u00e1 podlo\u017eka m\u00e1 in\u00fa farbu pre \u013eahk\u00fa identifik\u00e1ciu<\/p>\n","protected":false},"featured_media":61006,"template":"","meta":{"inline_featured_image":false},"product_brand":[],"product_cat":[526],"product_tag":[],"class_list":{"0":"post-60999","1":"product","2":"type-product","3":"status-publish","4":"has-post-thumbnail","6":"product_cat-brusivo","7":"description-off","9":"first","10":"instock","11":"taxable","12":"shipping-taxable","13":"purchasable","14":"product-type-variable"},"_links":{"self":[{"href":"https:\/\/www.premacolors.sk\/eshop\/wp-json\/wp\/v2\/product\/60999","targetHints":{"allow":["GET"]}}],"collection":[{"href":"https:\/\/www.premacolors.sk\/eshop\/wp-json\/wp\/v2\/product"}],"about":[{"href":"https:\/\/www.premacolors.sk\/eshop\/wp-json\/wp\/v2\/types\/product"}],"wp:featuredmedia":[{"embeddable":true,"href":"https:\/\/www.premacolors.sk\/eshop\/wp-json\/wp\/v2\/media\/61006"}],"wp:attachment":[{"href":"https:\/\/www.premacolors.sk\/eshop\/wp-json\/wp\/v2\/media?parent=60999"}],"wp:term":[{"taxonomy":"product_brand","embeddable":true,"href":"https:\/\/www.premacolors.sk\/eshop\/wp-json\/wp\/v2\/product_brand?post=60999"},{"taxonomy":"product_cat","embeddable":true,"href":"https:\/\/www.premacolors.sk\/eshop\/wp-json\/wp\/v2\/product_cat?post=60999"},{"taxonomy":"product_tag","embeddable":true,"href":"https:\/\/www.premacolors.sk\/eshop\/wp-json\/wp\/v2\/product_tag?post=60999"}],"curies":[{"name":"wp","href":"https:\/\/api.w.org\/{rel}","templated":true}]}}