{"id":60970,"date":"2023-03-13T19:23:32","date_gmt":"2023-03-13T18:23:32","guid":{"rendered":"https:\/\/www.premacolors.sk\/eshop\/?post_type=product&#038;p=60970"},"modified":"2025-07-23T19:25:45","modified_gmt":"2025-07-23T17:25:45","slug":"zakryvacia-folia-4x125m","status":"publish","type":"product","link":"https:\/\/www.premacolors.sk\/eshop\/produkt\/zakryvacia-folia-4x125m\/","title":{"rendered":"Zakr\u00fdvacia f\u00f3lia 4&#215;12,5m"},"content":{"rendered":"<ul>\n<li>chr\u00e1ni pred farbou, za\u0161pinen\u00edm a vlhkos\u0165ou<\/li>\n<li>vysok\u00e1 pevnos\u0165 a odolnos\u0165<\/li>\n<li>neobmedzen\u00e1 \u017eivotnos\u0165<\/li>\n<li>transparentn\u00e1 farba<\/li>\n<li>hr\u00fabka 7my<\/li>\n<\/ul>\n","protected":false},"excerpt":{"rendered":"<p>chr\u00e1ni pred farbou, za\u0161pinen\u00edm a vlhkos\u0165ou vysok\u00e1 pevnos\u0165 a odolnos\u0165 neobmedzen\u00e1 \u017eivotnos\u0165 transparentn\u00e1 farba hr\u00fabka 7my<\/p>\n","protected":false},"featured_media":60978,"template":"","meta":{"inline_featured_image":false},"product_brand":[],"product_cat":[825],"product_tag":[],"class_list":{"0":"post-60970","1":"product","2":"type-product","3":"status-publish","4":"has-post-thumbnail","6":"product_cat-maskovanie-a-lepenie","7":"description-off","9":"first","10":"instock","11":"taxable","12":"shipping-taxable","13":"purchasable","14":"product-type-simple"},"_links":{"self":[{"href":"https:\/\/www.premacolors.sk\/eshop\/wp-json\/wp\/v2\/product\/60970","targetHints":{"allow":["GET"]}}],"collection":[{"href":"https:\/\/www.premacolors.sk\/eshop\/wp-json\/wp\/v2\/product"}],"about":[{"href":"https:\/\/www.premacolors.sk\/eshop\/wp-json\/wp\/v2\/types\/product"}],"wp:featuredmedia":[{"embeddable":true,"href":"https:\/\/www.premacolors.sk\/eshop\/wp-json\/wp\/v2\/media\/60978"}],"wp:attachment":[{"href":"https:\/\/www.premacolors.sk\/eshop\/wp-json\/wp\/v2\/media?parent=60970"}],"wp:term":[{"taxonomy":"product_brand","embeddable":true,"href":"https:\/\/www.premacolors.sk\/eshop\/wp-json\/wp\/v2\/product_brand?post=60970"},{"taxonomy":"product_cat","embeddable":true,"href":"https:\/\/www.premacolors.sk\/eshop\/wp-json\/wp\/v2\/product_cat?post=60970"},{"taxonomy":"product_tag","embeddable":true,"href":"https:\/\/www.premacolors.sk\/eshop\/wp-json\/wp\/v2\/product_tag?post=60970"}],"curies":[{"name":"wp","href":"https:\/\/api.w.org\/{rel}","templated":true}]}}