{"id":60965,"date":"2023-03-13T19:09:48","date_gmt":"2023-03-13T18:09:48","guid":{"rendered":"https:\/\/www.premacolors.sk\/eshop\/?post_type=product&#038;p=60965"},"modified":"2023-03-16T15:19:59","modified_gmt":"2023-03-16T14:19:59","slug":"chamaleon-obojstranna-paska","status":"publish","type":"product","link":"https:\/\/www.premacolors.sk\/eshop\/produkt\/chamaleon-obojstranna-paska\/","title":{"rendered":"Cham\u00e4leon obojstrann\u00e1 p\u00e1ska"},"content":{"rendered":"<ul>\n<li>\u0161peci\u00e1lne navrhnut\u00e1 do exteri\u00e9ru aj interi\u00e9ru na bo\u010dn\u00e9 li\u0161ty a obruby r\u00e1mov<\/li>\n<li>na kovov\u00e9, dreven\u00e9, sklen\u00e9 a plastov\u00e9 povrchy<\/li>\n<li>penov\u00e1 \u0161trukt\u00fara vyrovn\u00e1va nerovnosti povrchu<\/li>\n<li>ka\u017ed\u00e1 rolka zvl\u00e1\u0161\u0165 balen\u00e1<\/li>\n<li>odoln\u00e1 do 100 \u00b0C<\/li>\n<\/ul>\n","protected":false},"excerpt":{"rendered":"<p>\u0161peci\u00e1lne navrhnut\u00e1 do exteri\u00e9ru aj interi\u00e9ru na bo\u010dn\u00e9 li\u0161ty a obruby r\u00e1mov na kovov\u00e9, dreven\u00e9, sklen\u00e9 a plastov\u00e9 povrchy penov\u00e1 \u0161trukt\u00fara vyrovn\u00e1va nerovnosti povrchu ka\u017ed\u00e1 rolka zvl\u00e1\u0161\u0165 balen\u00e1 odoln\u00e1 do 100 \u00b0C<\/p>\n","protected":false},"featured_media":60973,"template":"","meta":{"inline_featured_image":false},"product_brand":[],"product_cat":[825,15],"product_tag":[],"class_list":{"0":"post-60965","1":"product","2":"type-product","3":"status-publish","4":"has-post-thumbnail","6":"product_cat-maskovanie-a-lepenie","7":"product_cat-nezaradene","8":"description-off","10":"first","11":"instock","12":"taxable","13":"shipping-taxable","14":"purchasable","15":"product-type-variable"},"_links":{"self":[{"href":"https:\/\/www.premacolors.sk\/eshop\/wp-json\/wp\/v2\/product\/60965","targetHints":{"allow":["GET"]}}],"collection":[{"href":"https:\/\/www.premacolors.sk\/eshop\/wp-json\/wp\/v2\/product"}],"about":[{"href":"https:\/\/www.premacolors.sk\/eshop\/wp-json\/wp\/v2\/types\/product"}],"wp:featuredmedia":[{"embeddable":true,"href":"https:\/\/www.premacolors.sk\/eshop\/wp-json\/wp\/v2\/media\/60973"}],"wp:attachment":[{"href":"https:\/\/www.premacolors.sk\/eshop\/wp-json\/wp\/v2\/media?parent=60965"}],"wp:term":[{"taxonomy":"product_brand","embeddable":true,"href":"https:\/\/www.premacolors.sk\/eshop\/wp-json\/wp\/v2\/product_brand?post=60965"},{"taxonomy":"product_cat","embeddable":true,"href":"https:\/\/www.premacolors.sk\/eshop\/wp-json\/wp\/v2\/product_cat?post=60965"},{"taxonomy":"product_tag","embeddable":true,"href":"https:\/\/www.premacolors.sk\/eshop\/wp-json\/wp\/v2\/product_tag?post=60965"}],"curies":[{"name":"wp","href":"https:\/\/api.w.org\/{rel}","templated":true}]}}