{"id":60964,"date":"2023-03-13T19:06:52","date_gmt":"2023-03-13T18:06:52","guid":{"rendered":"https:\/\/www.premacolors.sk\/eshop\/?post_type=product&#038;p=60964"},"modified":"2025-03-30T10:52:10","modified_gmt":"2025-03-30T08:52:10","slug":"3m-maskovacia-paska-2328","status":"publish","type":"product","link":"https:\/\/www.premacolors.sk\/eshop\/produkt\/3m-maskovacia-paska-2328\/","title":{"rendered":"3M Maskovacia p\u00e1ska 2328"},"content":{"rendered":"<ul>\n<li>Chr\u00e1ni pred prenikan\u00edm farby<\/li>\n<li>Jednoduch\u00e9 odtrh\u00e1vanie rukou<\/li>\n<li>Odolnos\u0165 vo\u010di rozp\u00fa\u0161\u0165adl\u00e1m<\/li>\n<li>Tepeln\u00e1 odolnos\u0165 60 min pri teplote 80 \u00b0C<\/li>\n<li>50 m<\/li>\n<\/ul>\n","protected":false},"excerpt":{"rendered":"<p>Chr\u00e1ni pred prenikan\u00edm farby Jednoduch\u00e9 odtrh\u00e1vanie rukou Odolnos\u0165 vo\u010di rozp\u00fa\u0161\u0165adl\u00e1m Tepeln\u00e1 odolnos\u0165 60 min pri teplote 80 \u00b0C 50 m<\/p>\n","protected":false},"featured_media":60972,"template":"","meta":{"inline_featured_image":false},"product_brand":[],"product_cat":[825],"product_tag":[],"class_list":{"0":"post-60964","1":"product","2":"type-product","3":"status-publish","4":"has-post-thumbnail","6":"product_cat-maskovanie-a-lepenie","7":"description-off","9":"first","10":"instock","11":"taxable","12":"shipping-taxable","13":"purchasable","14":"product-type-variable"},"_links":{"self":[{"href":"https:\/\/www.premacolors.sk\/eshop\/wp-json\/wp\/v2\/product\/60964","targetHints":{"allow":["GET"]}}],"collection":[{"href":"https:\/\/www.premacolors.sk\/eshop\/wp-json\/wp\/v2\/product"}],"about":[{"href":"https:\/\/www.premacolors.sk\/eshop\/wp-json\/wp\/v2\/types\/product"}],"wp:featuredmedia":[{"embeddable":true,"href":"https:\/\/www.premacolors.sk\/eshop\/wp-json\/wp\/v2\/media\/60972"}],"wp:attachment":[{"href":"https:\/\/www.premacolors.sk\/eshop\/wp-json\/wp\/v2\/media?parent=60964"}],"wp:term":[{"taxonomy":"product_brand","embeddable":true,"href":"https:\/\/www.premacolors.sk\/eshop\/wp-json\/wp\/v2\/product_brand?post=60964"},{"taxonomy":"product_cat","embeddable":true,"href":"https:\/\/www.premacolors.sk\/eshop\/wp-json\/wp\/v2\/product_cat?post=60964"},{"taxonomy":"product_tag","embeddable":true,"href":"https:\/\/www.premacolors.sk\/eshop\/wp-json\/wp\/v2\/product_tag?post=60964"}],"curies":[{"name":"wp","href":"https:\/\/api.w.org\/{rel}","templated":true}]}}