{"id":60963,"date":"2023-03-13T19:03:36","date_gmt":"2023-03-13T18:03:36","guid":{"rendered":"https:\/\/www.premacolors.sk\/eshop\/?post_type=product&#038;p=60963"},"modified":"2023-03-16T15:28:02","modified_gmt":"2023-03-16T14:28:02","slug":"3m-akrylova-obojstranna-paska","status":"publish","type":"product","link":"https:\/\/www.premacolors.sk\/eshop\/produkt\/3m-akrylova-obojstranna-paska\/","title":{"rendered":"3M Akrylov\u00e1 obojstrann\u00e1 p\u00e1ska"},"content":{"rendered":"<ul>\n<li>M\u00e1 dve lepiace plochy \u2013 jednu na ka\u017edej strane p\u00e1sky pre \u00fa\u010dinn\u00e9 pri\u013enutie<\/li>\n<li>Akrylov\u00e9 lepidl\u00e1 s\u00fa navrhnut\u00e9 pre vysok\u00e9 vrstvenie lepiacej hmoty na podkladoch pou\u017e\u00edvan\u00fdch v automobilovom priemysle<\/li>\n<li>Lepiaca hmota na vrchnej strane zabezpe\u010duje dokonal\u00e9 prilepenie ku kovov\u00fdm a plastov\u00fdm komponentom<\/li>\n<li>Hr\u00fabka: 1,14mm<\/li>\n<li>D\u013a\u017eka: 20m<\/li>\n<\/ul>\n","protected":false},"excerpt":{"rendered":"<p>M\u00e1 dve lepiace plochy \u2013 jednu na ka\u017edej strane p\u00e1sky pre \u00fa\u010dinn\u00e9 pri\u013enutie Akrylov\u00e9 lepidl\u00e1 s\u00fa navrhnut\u00e9 pre vysok\u00e9 vrstvenie lepiacej hmoty na podkladoch pou\u017e\u00edvan\u00fdch v automobilovom priemysle Lepiaca hmota na vrchnej strane zabezpe\u010duje dokonal\u00e9 prilepenie ku kovov\u00fdm a plastov\u00fdm komponentom Hr\u00fabka: 1,14mm D\u013a\u017eka: 20m<\/p>\n","protected":false},"featured_media":60971,"template":"","meta":{"inline_featured_image":false},"product_brand":[],"product_cat":[825],"product_tag":[],"class_list":{"0":"post-60963","1":"product","2":"type-product","3":"status-publish","4":"has-post-thumbnail","6":"product_cat-maskovanie-a-lepenie","7":"description-off","9":"first","10":"instock","11":"taxable","12":"shipping-taxable","13":"purchasable","14":"product-type-variable"},"_links":{"self":[{"href":"https:\/\/www.premacolors.sk\/eshop\/wp-json\/wp\/v2\/product\/60963","targetHints":{"allow":["GET"]}}],"collection":[{"href":"https:\/\/www.premacolors.sk\/eshop\/wp-json\/wp\/v2\/product"}],"about":[{"href":"https:\/\/www.premacolors.sk\/eshop\/wp-json\/wp\/v2\/types\/product"}],"wp:featuredmedia":[{"embeddable":true,"href":"https:\/\/www.premacolors.sk\/eshop\/wp-json\/wp\/v2\/media\/60971"}],"wp:attachment":[{"href":"https:\/\/www.premacolors.sk\/eshop\/wp-json\/wp\/v2\/media?parent=60963"}],"wp:term":[{"taxonomy":"product_brand","embeddable":true,"href":"https:\/\/www.premacolors.sk\/eshop\/wp-json\/wp\/v2\/product_brand?post=60963"},{"taxonomy":"product_cat","embeddable":true,"href":"https:\/\/www.premacolors.sk\/eshop\/wp-json\/wp\/v2\/product_cat?post=60963"},{"taxonomy":"product_tag","embeddable":true,"href":"https:\/\/www.premacolors.sk\/eshop\/wp-json\/wp\/v2\/product_tag?post=60963"}],"curies":[{"name":"wp","href":"https:\/\/api.w.org\/{rel}","templated":true}]}}