{"id":60850,"date":"2023-03-07T22:28:37","date_gmt":"2023-03-07T21:28:37","guid":{"rendered":"https:\/\/www.premacolors.sk\/eshop\/?post_type=product&#038;p=60850"},"modified":"2025-05-28T18:31:51","modified_gmt":"2025-05-28T16:31:51","slug":"1k-epoxy-primer","status":"publish","type":"product","link":"https:\/\/www.premacolors.sk\/eshop\/produkt\/1k-epoxy-primer\/","title":{"rendered":"1K Epoxy primer"},"content":{"rendered":"<ul>\n<li>Vhodn\u00fd ako podklad pod tmelenie<\/li>\n<li>Kr\u00e1tka doba schnutia<\/li>\n<li>Vynikaj\u00faca pri\u013enavos\u0165 na oce\u013e, pozinkovan\u00fa oce\u013e, hlin\u00edk a lamin\u00e1t<\/li>\n<li>Chr\u00e1ni vo\u010di vlhkosti<\/li>\n<li>\u0160ed\u00e1 farba<\/li>\n<\/ul>\n","protected":false},"excerpt":{"rendered":"<p>Vhodn\u00fd ako podklad pod tmelenie Kr\u00e1tka doba schnutia Vynikaj\u00faca pri\u013enavos\u0165 na oce\u013e, pozinkovan\u00fa oce\u013e, hlin\u00edk a lamin\u00e1t Chr\u00e1ni vo\u010di vlhkosti \u0160ed\u00e1 farba<\/p>\n","protected":false},"featured_media":60851,"template":"","meta":{"inline_featured_image":false},"product_brand":[],"product_cat":[525],"product_tag":[],"class_list":{"0":"post-60850","1":"product","2":"type-product","3":"status-publish","4":"has-post-thumbnail","6":"product_cat-plnice-a-zaklady","7":"description-off","9":"first","10":"instock","11":"taxable","12":"shipping-taxable","13":"purchasable","14":"product-type-simple"},"_links":{"self":[{"href":"https:\/\/www.premacolors.sk\/eshop\/wp-json\/wp\/v2\/product\/60850","targetHints":{"allow":["GET"]}}],"collection":[{"href":"https:\/\/www.premacolors.sk\/eshop\/wp-json\/wp\/v2\/product"}],"about":[{"href":"https:\/\/www.premacolors.sk\/eshop\/wp-json\/wp\/v2\/types\/product"}],"wp:featuredmedia":[{"embeddable":true,"href":"https:\/\/www.premacolors.sk\/eshop\/wp-json\/wp\/v2\/media\/60851"}],"wp:attachment":[{"href":"https:\/\/www.premacolors.sk\/eshop\/wp-json\/wp\/v2\/media?parent=60850"}],"wp:term":[{"taxonomy":"product_brand","embeddable":true,"href":"https:\/\/www.premacolors.sk\/eshop\/wp-json\/wp\/v2\/product_brand?post=60850"},{"taxonomy":"product_cat","embeddable":true,"href":"https:\/\/www.premacolors.sk\/eshop\/wp-json\/wp\/v2\/product_cat?post=60850"},{"taxonomy":"product_tag","embeddable":true,"href":"https:\/\/www.premacolors.sk\/eshop\/wp-json\/wp\/v2\/product_tag?post=60850"}],"curies":[{"name":"wp","href":"https:\/\/api.w.org\/{rel}","templated":true}]}}