{"id":57932,"date":"2023-02-11T15:11:33","date_gmt":"2023-02-11T14:11:33","guid":{"rendered":"https:\/\/www.premacolors.sk\/eshop\/?post_type=product&#038;p=57932"},"modified":"2023-03-07T20:52:49","modified_gmt":"2023-03-07T19:52:49","slug":"chamaleon-bitumen-sprej","status":"publish","type":"product","link":"https:\/\/www.premacolors.sk\/eshop\/produkt\/chamaleon-bitumen-sprej\/","title":{"rendered":"Cham\u00e4leon bitumen sprej"},"content":{"rendered":"<ul>\n<li>zost\u00e1va flexibiln\u00fd<\/li>\n<li>vynikaj\u00faca pri\u013enavos\u0165<\/li>\n<li>odoln\u00fd vo\u010di poveternostn\u00fdm podmienkam<\/li>\n<li>odoln\u00fd vo\u010di kyselin\u00e1m a soliam  \u2013 zabra\u0148uje kor\u00f3zii<\/li>\n<li>zvukov\u00e1 izol\u00e1cia<\/li>\n<li>neprelakovate\u013en\u00fd!!!<\/li>\n<li>balenie : 500ml<\/li>\n<\/ul>\n","protected":false},"excerpt":{"rendered":"<p>zost\u00e1va flexibiln\u00fd vynikaj\u00faca pri\u013enavos\u0165 odoln\u00fd vo\u010di poveternostn\u00fdm podmienkam odoln\u00fd vo\u010di kyselin\u00e1m a soliam \u2013 zabra\u0148uje kor\u00f3zii zvukov\u00e1 izol\u00e1cia neprelakovate\u013en\u00fd!!! balenie : 500ml<\/p>\n","protected":false},"featured_media":57933,"template":"","meta":{"inline_featured_image":false},"product_brand":[],"product_cat":[645],"product_tag":[],"class_list":{"0":"post-57932","1":"product","2":"type-product","3":"status-publish","4":"has-post-thumbnail","6":"product_cat-ochrana-podvozku","7":"description-off","9":"first","10":"instock","11":"taxable","12":"shipping-taxable","13":"purchasable","14":"product-type-simple"},"_links":{"self":[{"href":"https:\/\/www.premacolors.sk\/eshop\/wp-json\/wp\/v2\/product\/57932","targetHints":{"allow":["GET"]}}],"collection":[{"href":"https:\/\/www.premacolors.sk\/eshop\/wp-json\/wp\/v2\/product"}],"about":[{"href":"https:\/\/www.premacolors.sk\/eshop\/wp-json\/wp\/v2\/types\/product"}],"wp:featuredmedia":[{"embeddable":true,"href":"https:\/\/www.premacolors.sk\/eshop\/wp-json\/wp\/v2\/media\/57933"}],"wp:attachment":[{"href":"https:\/\/www.premacolors.sk\/eshop\/wp-json\/wp\/v2\/media?parent=57932"}],"wp:term":[{"taxonomy":"product_brand","embeddable":true,"href":"https:\/\/www.premacolors.sk\/eshop\/wp-json\/wp\/v2\/product_brand?post=57932"},{"taxonomy":"product_cat","embeddable":true,"href":"https:\/\/www.premacolors.sk\/eshop\/wp-json\/wp\/v2\/product_cat?post=57932"},{"taxonomy":"product_tag","embeddable":true,"href":"https:\/\/www.premacolors.sk\/eshop\/wp-json\/wp\/v2\/product_tag?post=57932"}],"curies":[{"name":"wp","href":"https:\/\/api.w.org\/{rel}","templated":true}]}}