{"id":57931,"date":"2023-02-11T15:07:42","date_gmt":"2023-02-11T14:07:42","guid":{"rendered":"https:\/\/www.premacolors.sk\/eshop\/?post_type=product&#038;p=57931"},"modified":"2025-05-28T18:26:23","modified_gmt":"2025-05-28T16:26:23","slug":"lestiaci-kotuc-wafle","status":"publish","type":"product","link":"https:\/\/www.premacolors.sk\/eshop\/produkt\/lestiaci-kotuc-wafle\/","title":{"rendered":"Le\u0161tiaci kot\u00fa\u010d Wafle"},"content":{"rendered":"<ul>\n<li>le\u0161tiaci kot\u00fa\u010d k mechanick\u00e9mu le\u0161teniu star\u00fdch a nov\u00fdch povrchov<\/li>\n<li>mo\u017eno kombinova\u0165 s r\u00f4znymi typmi le\u0161tiacich p\u00e1st<\/li>\n<li>such\u00fd zips<\/li>\n<li>vysoko kvalitn\u00e1 pena<\/li>\n<li>reli\u00e9fna \u0161trukt\u00fara<\/li>\n<li>150x25mm<\/li>\n<li>m\u00e4kk\u00fd, tvrd\u00fd<\/li>\n<\/ul>\n","protected":false},"excerpt":{"rendered":"<p>le\u0161tiaci kot\u00fa\u010d k mechanick\u00e9mu le\u0161teniu star\u00fdch a nov\u00fdch povrchov mo\u017eno kombinova\u0165 s r\u00f4znymi typmi le\u0161tiacich p\u00e1st such\u00fd zips vysoko kvalitn\u00e1 pena reli\u00e9fna \u0161trukt\u00fara 150x25mm m\u00e4kk\u00fd, tvrd\u00fd<\/p>\n","protected":false},"featured_media":57903,"template":"","meta":{"inline_featured_image":false},"product_brand":[],"product_cat":[906],"product_tag":[],"class_list":{"0":"post-57931","1":"product","2":"type-product","3":"status-publish","4":"has-post-thumbnail","6":"product_cat-lestiace-kotuce-a-handricky","7":"description-off","9":"first","10":"instock","11":"taxable","12":"shipping-taxable","13":"purchasable","14":"product-type-variable"},"_links":{"self":[{"href":"https:\/\/www.premacolors.sk\/eshop\/wp-json\/wp\/v2\/product\/57931","targetHints":{"allow":["GET"]}}],"collection":[{"href":"https:\/\/www.premacolors.sk\/eshop\/wp-json\/wp\/v2\/product"}],"about":[{"href":"https:\/\/www.premacolors.sk\/eshop\/wp-json\/wp\/v2\/types\/product"}],"wp:featuredmedia":[{"embeddable":true,"href":"https:\/\/www.premacolors.sk\/eshop\/wp-json\/wp\/v2\/media\/57903"}],"wp:attachment":[{"href":"https:\/\/www.premacolors.sk\/eshop\/wp-json\/wp\/v2\/media?parent=57931"}],"wp:term":[{"taxonomy":"product_brand","embeddable":true,"href":"https:\/\/www.premacolors.sk\/eshop\/wp-json\/wp\/v2\/product_brand?post=57931"},{"taxonomy":"product_cat","embeddable":true,"href":"https:\/\/www.premacolors.sk\/eshop\/wp-json\/wp\/v2\/product_cat?post=57931"},{"taxonomy":"product_tag","embeddable":true,"href":"https:\/\/www.premacolors.sk\/eshop\/wp-json\/wp\/v2\/product_tag?post=57931"}],"curies":[{"name":"wp","href":"https:\/\/api.w.org\/{rel}","templated":true}]}}