{"id":57929,"date":"2023-02-11T15:01:47","date_gmt":"2023-02-11T14:01:47","guid":{"rendered":"https:\/\/www.premacolors.sk\/eshop\/?post_type=product&#038;p=57929"},"modified":"2025-11-16T13:39:05","modified_gmt":"2025-11-16T12:39:05","slug":"micro-cut-finish-p3-01-politura-s-karnaubskym-voskom","status":"publish","type":"product","link":"https:\/\/www.premacolors.sk\/eshop\/produkt\/micro-cut-finish-p3-01-politura-s-karnaubskym-voskom\/","title":{"rendered":"Micro Cut &#038; Finish P3.01 &#8211; Polit\u00fara s karnaubsk\u00fdm voskom"},"content":{"rendered":"<ul>\n<li>Micro Cut &amp; Finish je mikrobr\u00fasna pasta novej gener\u00e1cie na trval\u00e9 strojov\u00e9 odstr\u00e1nenie hologramov, jemn\u00fdch \u0161krabancov a prebr\u00fasen\u00ed a\u017e do hrubosti zrna P3000 na v\u0161etk\u00fdch typoch automobilov\u00fdch lakov (vr\u00e1tane odoln\u00fdch vo\u010di po\u0161kriabaniu) so s\u00fa\u010dasn\u00fdm dlhodob\u00fdm zakonzervovan\u00edm s vysok\u00fdm stup\u0148om lesku a hladkosti.<\/li>\n<li>V\u010faka pou\u017eitiu vysoko \u0161pecializovan\u00fdch, mimoriadne homog\u00e9nnych br\u00fasnych m\u00e9di\u00ed vytv\u00e1ra brilantn\u00fa a trvalo vysoko leskl\u00fa povrchov\u00fa \u00fapravu aj na tmav\u00fdch a podobne citliv\u00fdch farb\u00e1ch.<\/li>\n<li>Hologramy a jemn\u00e9 \u0161krabance s\u00fa mechanicky odstr\u00e1nen\u00e9 a nie s\u00fa len zakryt\u00e9, ako je tomu \u010dasto u in\u00fdch podobn\u00fdch pr\u00edpravkov.<\/li>\n<li>Obsahuje karnaubsk\u00fd vosk a neprchav\u00e9 silik\u00f3ny.<\/li>\n<li>Micro Cut &amp; Finish je ekonomick\u00e1, \u013eahko le\u0161tite\u013en\u00e1 a \u013eahko stierate\u013en\u00e1 pasta.<\/li>\n<li>Balenie : 250ml, 1000ml<\/li>\n<\/ul>\n<ul>\n<li><strong>Stupe\u0148 rezu<\/strong>: 3,2<\/li>\n<li><strong>Stupe\u0148 lesku<\/strong>: 9,5<\/li>\n<\/ul>\n","protected":false},"excerpt":{"rendered":"<p>Micro Cut &amp; Finish je mikrobr\u00fasna pasta novej gener\u00e1cie na trval\u00e9 strojov\u00e9 odstr\u00e1nenie hologramov, jemn\u00fdch \u0161krabancov a prebr\u00fasen\u00ed a\u017e do hrubosti zrna P3000 na v\u0161etk\u00fdch typoch automobilov\u00fdch lakov (vr\u00e1tane odoln\u00fdch vo\u010di po\u0161kriabaniu) so s\u00fa\u010dasn\u00fdm dlhodob\u00fdm zakonzervovan\u00edm s vysok\u00fdm stup\u0148om lesku a hladkosti. V\u010faka pou\u017eitiu vysoko \u0161pecializovan\u00fdch, mimoriadne homog\u00e9nnych br\u00fasnych m\u00e9di\u00ed vytv\u00e1ra brilantn\u00fa a trvalo vysoko&hellip;<\/p>\n","protected":false},"featured_media":62807,"template":"","meta":{"inline_featured_image":false},"product_brand":[],"product_cat":[644],"product_tag":[],"class_list":{"0":"post-57929","1":"product","2":"type-product","3":"status-publish","4":"has-post-thumbnail","6":"product_cat-lestiace-pasty","7":"description-off","9":"first","10":"instock","11":"taxable","12":"shipping-taxable","13":"purchasable","14":"product-type-variable"},"_links":{"self":[{"href":"https:\/\/www.premacolors.sk\/eshop\/wp-json\/wp\/v2\/product\/57929","targetHints":{"allow":["GET"]}}],"collection":[{"href":"https:\/\/www.premacolors.sk\/eshop\/wp-json\/wp\/v2\/product"}],"about":[{"href":"https:\/\/www.premacolors.sk\/eshop\/wp-json\/wp\/v2\/types\/product"}],"wp:featuredmedia":[{"embeddable":true,"href":"https:\/\/www.premacolors.sk\/eshop\/wp-json\/wp\/v2\/media\/62807"}],"wp:attachment":[{"href":"https:\/\/www.premacolors.sk\/eshop\/wp-json\/wp\/v2\/media?parent=57929"}],"wp:term":[{"taxonomy":"product_brand","embeddable":true,"href":"https:\/\/www.premacolors.sk\/eshop\/wp-json\/wp\/v2\/product_brand?post=57929"},{"taxonomy":"product_cat","embeddable":true,"href":"https:\/\/www.premacolors.sk\/eshop\/wp-json\/wp\/v2\/product_cat?post=57929"},{"taxonomy":"product_tag","embeddable":true,"href":"https:\/\/www.premacolors.sk\/eshop\/wp-json\/wp\/v2\/product_tag?post=57929"}],"curies":[{"name":"wp","href":"https:\/\/api.w.org\/{rel}","templated":true}]}}