{"id":57928,"date":"2023-02-11T14:55:53","date_gmt":"2023-02-11T13:55:53","guid":{"rendered":"https:\/\/www.premacolors.sk\/eshop\/?post_type=product&#038;p=57928"},"modified":"2025-11-16T14:19:16","modified_gmt":"2025-11-16T13:19:16","slug":"koch-chemie-micro-cut-m3-02-finalna-pasta","status":"publish","type":"product","link":"https:\/\/www.premacolors.sk\/eshop\/produkt\/koch-chemie-micro-cut-m3-02-finalna-pasta\/","title":{"rendered":"Koch Chemie Micro Cut M3.02 &#8211; Fin\u00e1lna pasta"},"content":{"rendered":"<ul>\n<li>Antihologramov\u00e1 polit\u00fara s vysok\u00fdm leskom Micro Cut M3.02 je polit\u00fara s mikro\u010dasticami pre strojov\u00e9 le\u0161tenie najnov\u0161ej gener\u00e1cie na trval\u00e9 odstr\u00e1nenie st\u00f4p le\u0161tenia, hologramov, jemn\u00fdch \u0161krabancov a ostatn\u00fdch \u010dast\u00ed a\u017e do zrnitosti o ve\u013ekosti 3000 pre v\u0161etky lakov\u00e9 syst\u00e9my (vr\u00e1tane odoln\u00fdch vo\u010di po\u0161kriabaniu).<\/li>\n<li>V\u010faka pou\u017eitiu vysoko \u0161pecializovan\u00fdch a extr\u00e9mne homog\u00e9nnych br\u00fasnych telies sa dosiahne dokonca na tmav\u00fdch a podobne citliv\u00fdch farebn\u00fdch odtie\u0148och pri extr\u00e9mnych sveteln\u00fdch podmienkach brilantn\u00fd a trvanliv\u00fd vysok\u00fd lesk povrchu.<\/li>\n<li>Hologramy a jemn\u00e9 \u0161krabance sa mechanicky odstr\u00e1nia a nemus\u00ed ich prekr\u00fdva\u0165 tak, ako to b\u00fdva zvykom.<\/li>\n<li>Antihologramov\u00e1 polit\u00fara s vysok\u00fdm leskom Micro Cut M3.02 je obzvl\u00e1\u0161\u0165 v\u00fddatn\u00e1, d\u00e1 sa dobre vyle\u0161ti\u0165 a bez zvy\u0161kov odstr\u00e1ni\u0165.<\/li>\n<li>Balenie : 250ml, 1000ml<\/li>\n<\/ul>\n<ul>\n<li><strong>Stupe\u0148 rezu<\/strong>: 3,2<\/li>\n<li><strong>Stupe\u0148 lesku<\/strong>: 9<\/li>\n<\/ul>\n","protected":false},"excerpt":{"rendered":"<p>Antihologramov\u00e1 polit\u00fara s vysok\u00fdm leskom Micro Cut M3.02 je polit\u00fara s mikro\u010dasticami pre strojov\u00e9 le\u0161tenie najnov\u0161ej gener\u00e1cie na trval\u00e9 odstr\u00e1nenie st\u00f4p le\u0161tenia, hologramov, jemn\u00fdch \u0161krabancov a ostatn\u00fdch \u010dast\u00ed a\u017e do zrnitosti o ve\u013ekosti 3000 pre v\u0161etky lakov\u00e9 syst\u00e9my (vr\u00e1tane odoln\u00fdch vo\u010di po\u0161kriabaniu). V\u010faka pou\u017eitiu vysoko \u0161pecializovan\u00fdch a extr\u00e9mne homog\u00e9nnych br\u00fasnych telies sa dosiahne dokonca na&hellip;<\/p>\n","protected":false},"featured_media":62803,"template":"","meta":{"inline_featured_image":false},"product_brand":[],"product_cat":[644],"product_tag":[],"class_list":{"0":"post-57928","1":"product","2":"type-product","3":"status-publish","4":"has-post-thumbnail","6":"product_cat-lestiace-pasty","7":"description-off","9":"first","10":"instock","11":"taxable","12":"shipping-taxable","13":"purchasable","14":"product-type-variable"},"_links":{"self":[{"href":"https:\/\/www.premacolors.sk\/eshop\/wp-json\/wp\/v2\/product\/57928","targetHints":{"allow":["GET"]}}],"collection":[{"href":"https:\/\/www.premacolors.sk\/eshop\/wp-json\/wp\/v2\/product"}],"about":[{"href":"https:\/\/www.premacolors.sk\/eshop\/wp-json\/wp\/v2\/types\/product"}],"wp:featuredmedia":[{"embeddable":true,"href":"https:\/\/www.premacolors.sk\/eshop\/wp-json\/wp\/v2\/media\/62803"}],"wp:attachment":[{"href":"https:\/\/www.premacolors.sk\/eshop\/wp-json\/wp\/v2\/media?parent=57928"}],"wp:term":[{"taxonomy":"product_brand","embeddable":true,"href":"https:\/\/www.premacolors.sk\/eshop\/wp-json\/wp\/v2\/product_brand?post=57928"},{"taxonomy":"product_cat","embeddable":true,"href":"https:\/\/www.premacolors.sk\/eshop\/wp-json\/wp\/v2\/product_cat?post=57928"},{"taxonomy":"product_tag","embeddable":true,"href":"https:\/\/www.premacolors.sk\/eshop\/wp-json\/wp\/v2\/product_tag?post=57928"}],"curies":[{"name":"wp","href":"https:\/\/api.w.org\/{rel}","templated":true}]}}