{"id":57926,"date":"2023-02-11T14:46:47","date_gmt":"2023-02-11T13:46:47","guid":{"rendered":"https:\/\/www.premacolors.sk\/eshop\/?post_type=product&#038;p=57926"},"modified":"2025-11-16T14:19:55","modified_gmt":"2025-11-16T13:19:55","slug":"koch-chemie-heavy-cut-h9-02-brusna-pasta","status":"publish","type":"product","link":"https:\/\/www.premacolors.sk\/eshop\/produkt\/koch-chemie-heavy-cut-h9-02-brusna-pasta\/","title":{"rendered":"Koch Chemie Heavy Cut H9.02 &#8211; Brusn\u00e1 pasta"},"content":{"rendered":"<ul>\n<li>Hrub\u00e1 brusn\u00e1 polit\u00fara bez obsahu silik\u00f3nov\u00e9ho oleja<\/li>\n<li>Inovat\u00edvna strojov\u00e1 polit\u00fara pre r\u00fdchle opracovanie silno zvetran\u00fdch lakov, odstra\u0148ovanie hlbok\u00fdch \u0161krabancov a efekt\u00edvne odstr\u00e1nenie lakovacej hmly a prebrusov a\u017e do zrnitosti 1200.<\/li>\n<li>V\u010faka extr\u00e9mne homog\u00e9nnemu br\u00fasnemu zrnu vytv\u00e1ra Heavy Cut 9.01 mimoriadne vysok\u00fd v\u00fdbrus pri ve\u013emi dobrom stupni lesku.<\/li>\n<li>D\u00e1 sa pri n\u00edzkej tvorbe prachu dlho le\u0161ti\u0165 bez nalepenia.<\/li>\n<li>Je v\u00fdborne vhodn\u00e1 pre v\u0161etky druhy lakov (ako m\u00e4kk\u00e9, tak aj odoln\u00e9 vo\u010di po\u0161kriabaniu).<\/li>\n<li>Balenie : 250ml, 1000ml\n<ul>\n<li><strong>rez <\/strong>: 9<\/li>\n<li><strong>lesk<\/strong>: 5<\/li>\n<\/ul>\n<\/li>\n<\/ul>\n","protected":false},"excerpt":{"rendered":"<p>Hrub\u00e1 brusn\u00e1 polit\u00fara bez obsahu silik\u00f3nov\u00e9ho oleja Inovat\u00edvna strojov\u00e1 polit\u00fara pre r\u00fdchle opracovanie silno zvetran\u00fdch lakov, odstra\u0148ovanie hlbok\u00fdch \u0161krabancov a efekt\u00edvne odstr\u00e1nenie lakovacej hmly a prebrusov a\u017e do zrnitosti 1200. V\u010faka extr\u00e9mne homog\u00e9nnemu br\u00fasnemu zrnu vytv\u00e1ra Heavy Cut 9.01 mimoriadne vysok\u00fd v\u00fdbrus pri ve\u013emi dobrom stupni lesku. D\u00e1 sa pri n\u00edzkej tvorbe prachu dlho le\u0161ti\u0165&hellip;<\/p>\n","protected":false},"featured_media":62808,"template":"","meta":{"inline_featured_image":false},"product_brand":[],"product_cat":[644],"product_tag":[],"class_list":{"0":"post-57926","1":"product","2":"type-product","3":"status-publish","4":"has-post-thumbnail","6":"product_cat-lestiace-pasty","7":"description-off","9":"first","10":"instock","11":"taxable","12":"shipping-taxable","13":"purchasable","14":"product-type-variable"},"_links":{"self":[{"href":"https:\/\/www.premacolors.sk\/eshop\/wp-json\/wp\/v2\/product\/57926","targetHints":{"allow":["GET"]}}],"collection":[{"href":"https:\/\/www.premacolors.sk\/eshop\/wp-json\/wp\/v2\/product"}],"about":[{"href":"https:\/\/www.premacolors.sk\/eshop\/wp-json\/wp\/v2\/types\/product"}],"wp:featuredmedia":[{"embeddable":true,"href":"https:\/\/www.premacolors.sk\/eshop\/wp-json\/wp\/v2\/media\/62808"}],"wp:attachment":[{"href":"https:\/\/www.premacolors.sk\/eshop\/wp-json\/wp\/v2\/media?parent=57926"}],"wp:term":[{"taxonomy":"product_brand","embeddable":true,"href":"https:\/\/www.premacolors.sk\/eshop\/wp-json\/wp\/v2\/product_brand?post=57926"},{"taxonomy":"product_cat","embeddable":true,"href":"https:\/\/www.premacolors.sk\/eshop\/wp-json\/wp\/v2\/product_cat?post=57926"},{"taxonomy":"product_tag","embeddable":true,"href":"https:\/\/www.premacolors.sk\/eshop\/wp-json\/wp\/v2\/product_tag?post=57926"}],"curies":[{"name":"wp","href":"https:\/\/api.w.org\/{rel}","templated":true}]}}