{"id":57925,"date":"2023-02-11T14:31:23","date_gmt":"2023-02-11T13:31:23","guid":{"rendered":"https:\/\/www.premacolors.sk\/eshop\/?post_type=product&#038;p=57925"},"modified":"2025-11-16T14:20:39","modified_gmt":"2025-11-16T13:20:39","slug":"koch-chemie-fine-cut-f6-01-jemna-brusna-pasta","status":"publish","type":"product","link":"https:\/\/www.premacolors.sk\/eshop\/produkt\/koch-chemie-fine-cut-f6-01-jemna-brusna-pasta\/","title":{"rendered":"Koch Chemie Fine Cut F6.01 &#8211; Jemn\u00e1 brusn\u00e1 pasta"},"content":{"rendered":"<ul>\n<li>Jemn\u00e1 br\u00fasna polit\u00fara bez obsahu silik\u00f3nov\u00e9ho oleja.<\/li>\n<li>Inteligentn\u00e1 polit\u00fara najnov\u0161ej gener\u00e1cie v jedine\u010dnej kvalite s oxidom hlinit\u00fdm.Inteligentn\u00e1 zrnitos\u0165 zaist\u00ed ve\u013emi r\u00fdchle, bezzbytkov\u00e9 odstra\u0148ovanie \u0161krabancov vzniknut\u00fdch v um\u00fdvac\u00edch link\u00e1ch a podobn\u00fdch zn\u00e1mok pou\u017e\u00edvania a prepo\u017ei\u010dia laku trval\u00fd hlbok\u00fd lesk.<\/li>\n<li>Stopy po br\u00fasen\u00ed sa bez probl\u00e9mu odstr\u00e1nia pomocou br\u00fasneho m\u00e9di\u00e1 so zrnitos\u0165ou 2 500.<\/li>\n<li>Pr\u00edpravok Fine Cut F6.01 je preto najvhodnej\u0161ie pre perfektn\u00e9 opracovanie stredne a\u017e silno zvetran\u00fdch lakov.<\/li>\n<li>Skvel\u00e9 pre opracovanie lakov odoln\u00fdch proti po\u0161kriabaniu.<\/li>\n<li>Balenie : 250ml, 1000ml<\/li>\n<\/ul>\n<ul>\n<li><strong>Stupe\u0148 rezu<\/strong>: 6<\/li>\n<li><strong>Stupe\u0148 lesku<\/strong>: 7<\/li>\n<\/ul>\n","protected":false},"excerpt":{"rendered":"<p>Jemn\u00e1 br\u00fasna polit\u00fara bez obsahu silik\u00f3nov\u00e9ho oleja. Inteligentn\u00e1 polit\u00fara najnov\u0161ej gener\u00e1cie v jedine\u010dnej kvalite s oxidom hlinit\u00fdm.Inteligentn\u00e1 zrnitos\u0165 zaist\u00ed ve\u013emi r\u00fdchle, bezzbytkov\u00e9 odstra\u0148ovanie \u0161krabancov vzniknut\u00fdch v um\u00fdvac\u00edch link\u00e1ch a podobn\u00fdch zn\u00e1mok pou\u017e\u00edvania a prepo\u017ei\u010dia laku trval\u00fd hlbok\u00fd lesk. Stopy po br\u00fasen\u00ed sa bez probl\u00e9mu odstr\u00e1nia pomocou br\u00fasneho m\u00e9di\u00e1 so zrnitos\u0165ou 2 500. Pr\u00edpravok Fine Cut&hellip;<\/p>\n","protected":false},"featured_media":62812,"template":"","meta":{"inline_featured_image":false},"product_brand":[],"product_cat":[644],"product_tag":[],"class_list":{"0":"post-57925","1":"product","2":"type-product","3":"status-publish","4":"has-post-thumbnail","6":"product_cat-lestiace-pasty","7":"description-off","9":"first","10":"instock","11":"taxable","12":"shipping-taxable","13":"purchasable","14":"product-type-variable"},"_links":{"self":[{"href":"https:\/\/www.premacolors.sk\/eshop\/wp-json\/wp\/v2\/product\/57925","targetHints":{"allow":["GET"]}}],"collection":[{"href":"https:\/\/www.premacolors.sk\/eshop\/wp-json\/wp\/v2\/product"}],"about":[{"href":"https:\/\/www.premacolors.sk\/eshop\/wp-json\/wp\/v2\/types\/product"}],"wp:featuredmedia":[{"embeddable":true,"href":"https:\/\/www.premacolors.sk\/eshop\/wp-json\/wp\/v2\/media\/62812"}],"wp:attachment":[{"href":"https:\/\/www.premacolors.sk\/eshop\/wp-json\/wp\/v2\/media?parent=57925"}],"wp:term":[{"taxonomy":"product_brand","embeddable":true,"href":"https:\/\/www.premacolors.sk\/eshop\/wp-json\/wp\/v2\/product_brand?post=57925"},{"taxonomy":"product_cat","embeddable":true,"href":"https:\/\/www.premacolors.sk\/eshop\/wp-json\/wp\/v2\/product_cat?post=57925"},{"taxonomy":"product_tag","embeddable":true,"href":"https:\/\/www.premacolors.sk\/eshop\/wp-json\/wp\/v2\/product_tag?post=57925"}],"curies":[{"name":"wp","href":"https:\/\/api.w.org\/{rel}","templated":true}]}}