{"id":57922,"date":"2023-02-11T14:17:05","date_gmt":"2023-02-11T13:17:05","guid":{"rendered":"https:\/\/www.premacolors.sk\/eshop\/?post_type=product&#038;p=57922"},"modified":"2025-11-16T14:22:40","modified_gmt":"2025-11-16T13:22:40","slug":"koch-chemie-fine-cut-pad-stredne-jemny-lestiaci-kotuc","status":"publish","type":"product","link":"https:\/\/www.premacolors.sk\/eshop\/produkt\/koch-chemie-fine-cut-pad-stredne-jemny-lestiaci-kotuc\/","title":{"rendered":"Koch Chemie Fine Cut Pad &#8211; Stredne jemn\u00fd le\u0161tiaci kot\u00fa\u010d"},"content":{"rendered":"<ul>\n<li>Stredne tvrd\u00e1 br\u00fasna hubka ur\u010den\u00e1 na odstr\u00e1nenie stredne silno zvetran\u00e9ho a po\u0161kriaban\u00e9ho laku pomocou Fine Cut F6.01.<\/li>\n<li>Mal\u00e1 v\u00fd\u0161ka 23 mm vyvol\u00e1va n\u00edzke torzn\u00e9 sily, umo\u017e\u0148uje ve\u013emi dobr\u00fa manipul\u00e1ciu a najvy\u0161\u0161iu stabilitu.<\/li>\n<li>\u0160peci\u00e1lna hustota penov\u00e9ho materi\u00e1lu umo\u017e\u0148uje dlhotrvaj\u00faci tuhos\u0165 pri pomernom stla\u010den\u00ed po\u010das le\u0161tenie.<\/li>\n<li>Optimalizovan\u00e1 retikuliz\u00e1cia (otvoren\u00e9 bunky) a po\u010det buniek prispieva k vysokej abrazivite a ve\u013emi dobr\u00fdm hygienick\u00fdm faktorom.<\/li>\n<li>Fr\u00e9zovan\u00e1 hrana umo\u017e\u0148uje v\u00e4\u010d\u0161iu flexibilitu vank\u00fa\u0161ika, aby bolo mo\u017en\u00e9 sa lep\u0161ie prisp\u00f4sobi\u0165 kont\u00faram.<\/li>\n<li>Farebn\u00e9 ozna\u010denie zadnej fleece strany hubky zhoduj\u00face sa k polit\u00farou umo\u017e\u0148uj\u00fa bezpe\u010dnos\u0165 postupu.<\/li>\n<li>Tuhos\u0165 pri pomernom stla\u010den\u00ed: 12.<\/li>\n<li>Abrazivita: 5.<\/li>\n<li>Priemer : 75mm, 126mm, 150mm<\/li>\n<\/ul>\n","protected":false},"excerpt":{"rendered":"<p>Stredne tvrd\u00e1 br\u00fasna hubka ur\u010den\u00e1 na odstr\u00e1nenie stredne silno zvetran\u00e9ho a po\u0161kriaban\u00e9ho laku pomocou Fine Cut F6.01. Mal\u00e1 v\u00fd\u0161ka 23 mm vyvol\u00e1va n\u00edzke torzn\u00e9 sily, umo\u017e\u0148uje ve\u013emi dobr\u00fa manipul\u00e1ciu a najvy\u0161\u0161iu stabilitu. \u0160peci\u00e1lna hustota penov\u00e9ho materi\u00e1lu umo\u017e\u0148uje dlhotrvaj\u00faci tuhos\u0165 pri pomernom stla\u010den\u00ed po\u010das le\u0161tenie. Optimalizovan\u00e1 retikuliz\u00e1cia (otvoren\u00e9 bunky) a po\u010det buniek prispieva k vysokej abrazivite&hellip;<\/p>\n","protected":false},"featured_media":62820,"template":"","meta":{"inline_featured_image":false},"product_brand":[],"product_cat":[906],"product_tag":[],"class_list":{"0":"post-57922","1":"product","2":"type-product","3":"status-publish","4":"has-post-thumbnail","6":"product_cat-lestiace-kotuce-a-handricky","7":"description-off","9":"first","10":"instock","11":"taxable","12":"shipping-taxable","13":"purchasable","14":"product-type-variable"},"_links":{"self":[{"href":"https:\/\/www.premacolors.sk\/eshop\/wp-json\/wp\/v2\/product\/57922","targetHints":{"allow":["GET"]}}],"collection":[{"href":"https:\/\/www.premacolors.sk\/eshop\/wp-json\/wp\/v2\/product"}],"about":[{"href":"https:\/\/www.premacolors.sk\/eshop\/wp-json\/wp\/v2\/types\/product"}],"wp:featuredmedia":[{"embeddable":true,"href":"https:\/\/www.premacolors.sk\/eshop\/wp-json\/wp\/v2\/media\/62820"}],"wp:attachment":[{"href":"https:\/\/www.premacolors.sk\/eshop\/wp-json\/wp\/v2\/media?parent=57922"}],"wp:term":[{"taxonomy":"product_brand","embeddable":true,"href":"https:\/\/www.premacolors.sk\/eshop\/wp-json\/wp\/v2\/product_brand?post=57922"},{"taxonomy":"product_cat","embeddable":true,"href":"https:\/\/www.premacolors.sk\/eshop\/wp-json\/wp\/v2\/product_cat?post=57922"},{"taxonomy":"product_tag","embeddable":true,"href":"https:\/\/www.premacolors.sk\/eshop\/wp-json\/wp\/v2\/product_tag?post=57922"}],"curies":[{"name":"wp","href":"https:\/\/api.w.org\/{rel}","templated":true}]}}