{"id":57813,"date":"2023-02-04T11:59:29","date_gmt":"2023-02-04T10:59:29","guid":{"rendered":"https:\/\/www.premacolors.sk\/eshop\/?post_type=product&#038;p=57813"},"modified":"2025-05-28T18:32:10","modified_gmt":"2025-05-28T16:32:10","slug":"chamaleon-spot-blender","status":"publish","type":"product","link":"https:\/\/www.premacolors.sk\/eshop\/produkt\/chamaleon-spot-blender\/","title":{"rendered":"Cham\u00e4leon Spot Blender"},"content":{"rendered":"<ul>\n<li>vysokokvalitn\u00e1 zmes rozp\u00fa\u0161\u0165adiel na zjednocovanie jednotliv\u00fdch vrstiev n\u00e1strekov<\/li>\n<li>na zjednotenie starej a novej vrstvy<\/li>\n<li>dod\u00e1va povrchu vysok\u00fd lesk<\/li>\n<li>mo\u017en\u00e9 aplikova\u0165 hne\u010f<\/li>\n<\/ul>\n","protected":false},"excerpt":{"rendered":"<p>vysokokvalitn\u00e1 zmes rozp\u00fa\u0161\u0165adiel na zjednocovanie jednotliv\u00fdch vrstiev n\u00e1strekov na zjednotenie starej a novej vrstvy dod\u00e1va povrchu vysok\u00fd lesk mo\u017en\u00e9 aplikova\u0165 hne\u010f<\/p>\n","protected":false},"featured_media":57806,"template":"","meta":{"inline_featured_image":false},"product_brand":[],"product_cat":[525],"product_tag":[],"class_list":{"0":"post-57813","1":"product","2":"type-product","3":"status-publish","4":"has-post-thumbnail","6":"product_cat-plnice-a-zaklady","7":"description-off","9":"first","10":"instock","11":"taxable","12":"shipping-taxable","13":"purchasable","14":"product-type-simple"},"_links":{"self":[{"href":"https:\/\/www.premacolors.sk\/eshop\/wp-json\/wp\/v2\/product\/57813","targetHints":{"allow":["GET"]}}],"collection":[{"href":"https:\/\/www.premacolors.sk\/eshop\/wp-json\/wp\/v2\/product"}],"about":[{"href":"https:\/\/www.premacolors.sk\/eshop\/wp-json\/wp\/v2\/types\/product"}],"wp:featuredmedia":[{"embeddable":true,"href":"https:\/\/www.premacolors.sk\/eshop\/wp-json\/wp\/v2\/media\/57806"}],"wp:attachment":[{"href":"https:\/\/www.premacolors.sk\/eshop\/wp-json\/wp\/v2\/media?parent=57813"}],"wp:term":[{"taxonomy":"product_brand","embeddable":true,"href":"https:\/\/www.premacolors.sk\/eshop\/wp-json\/wp\/v2\/product_brand?post=57813"},{"taxonomy":"product_cat","embeddable":true,"href":"https:\/\/www.premacolors.sk\/eshop\/wp-json\/wp\/v2\/product_cat?post=57813"},{"taxonomy":"product_tag","embeddable":true,"href":"https:\/\/www.premacolors.sk\/eshop\/wp-json\/wp\/v2\/product_tag?post=57813"}],"curies":[{"name":"wp","href":"https:\/\/api.w.org\/{rel}","templated":true}]}}