{"id":57811,"date":"2023-02-04T11:54:13","date_gmt":"2023-02-04T10:54:13","guid":{"rendered":"https:\/\/www.premacolors.sk\/eshop\/?post_type=product&#038;p=57811"},"modified":"2025-05-28T18:32:19","modified_gmt":"2025-05-28T16:32:19","slug":"chamaleon-plastovy-primer","status":"publish","type":"product","link":"https:\/\/www.premacolors.sk\/eshop\/produkt\/chamaleon-plastovy-primer\/","title":{"rendered":"Cham\u00e4leon plastov\u00fd primer"},"content":{"rendered":"<ul>\n<li>vysokokvalitn\u00fd, r\u00fdchloschn\u00faci plastov\u00fd primer na upraven\u00e9 aj neupraven\u00e9 plastov\u00e9 povrchy<\/li>\n<li>v\u00fdborn\u00e1 pri\u013enavos\u0165 na v\u0161etky plastov\u00e9 \u010dasti, vr\u00e1tane n\u00e1razn\u00edkov a tuningov\u00fdch doplnkov<\/li>\n<li>prelakovate\u013en\u00fd v\u0161etk\u00fdmi lakmi<\/li>\n<li>r\u00fdchla doba schnutia<\/li>\n<li>v\u00fdborn\u00e1 pri\u013enavos\u0165<\/li>\n<li>400 ml<\/li>\n<\/ul>\n","protected":false},"excerpt":{"rendered":"<p>vysokokvalitn\u00fd, r\u00fdchloschn\u00faci plastov\u00fd primer na upraven\u00e9 aj neupraven\u00e9 plastov\u00e9 povrchy v\u00fdborn\u00e1 pri\u013enavos\u0165 na v\u0161etky plastov\u00e9 \u010dasti, vr\u00e1tane n\u00e1razn\u00edkov a tuningov\u00fdch doplnkov prelakovate\u013en\u00fd v\u0161etk\u00fdmi lakmi r\u00fdchla doba schnutia v\u00fdborn\u00e1 pri\u013enavos\u0165 400 ml<\/p>\n","protected":false},"featured_media":57805,"template":"","meta":{"inline_featured_image":false},"product_brand":[],"product_cat":[525],"product_tag":[],"class_list":{"0":"post-57811","1":"product","2":"type-product","3":"status-publish","4":"has-post-thumbnail","6":"product_cat-plnice-a-zaklady","7":"description-off","9":"first","10":"instock","11":"taxable","12":"shipping-taxable","13":"purchasable","14":"product-type-simple"},"_links":{"self":[{"href":"https:\/\/www.premacolors.sk\/eshop\/wp-json\/wp\/v2\/product\/57811","targetHints":{"allow":["GET"]}}],"collection":[{"href":"https:\/\/www.premacolors.sk\/eshop\/wp-json\/wp\/v2\/product"}],"about":[{"href":"https:\/\/www.premacolors.sk\/eshop\/wp-json\/wp\/v2\/types\/product"}],"wp:featuredmedia":[{"embeddable":true,"href":"https:\/\/www.premacolors.sk\/eshop\/wp-json\/wp\/v2\/media\/57805"}],"wp:attachment":[{"href":"https:\/\/www.premacolors.sk\/eshop\/wp-json\/wp\/v2\/media?parent=57811"}],"wp:term":[{"taxonomy":"product_brand","embeddable":true,"href":"https:\/\/www.premacolors.sk\/eshop\/wp-json\/wp\/v2\/product_brand?post=57811"},{"taxonomy":"product_cat","embeddable":true,"href":"https:\/\/www.premacolors.sk\/eshop\/wp-json\/wp\/v2\/product_cat?post=57811"},{"taxonomy":"product_tag","embeddable":true,"href":"https:\/\/www.premacolors.sk\/eshop\/wp-json\/wp\/v2\/product_tag?post=57811"}],"curies":[{"name":"wp","href":"https:\/\/api.w.org\/{rel}","templated":true}]}}